{"id":1377,"date":"2023-10-18T01:43:03","date_gmt":"2023-10-18T06:43:03","guid":{"rendered":"https:\/\/www.lgbs.com\/why-linebarger\/"},"modified":"2024-08-29T10:29:05","modified_gmt":"2024-08-29T15:29:05","slug":"por-que-linebarger","status":"publish","type":"page","link":"https:\/\/www.lgbs.com\/es\/por-que-linebarger\/","title":{"rendered":"POR QU\u00c9 LINEBARGER"},"content":{"rendered":"\n<h2 class=\"wp-block-heading has-text-align-center\">Con una misi\u00f3n tan importante, elija un socio en quien puede confiar.<\/h2>\n\n\n<div>\r\n  <section class=\"section bg-white\">\r\n    <article class=\"article d-flex df-fdc\">\r\n      <div class=\"lgbs-card-container\">\r\n              <div class=\"lgbs-card border-left\">\r\n          <div class=\"row d-flex df-fdc\">\r\n          <img decoding=\"async\" src=\"https:\/\/www.lgbs.com\/wp-content\/uploads\/2023\/10\/why-linebarger-page-icon-people.png\" alt=\"people icon\" \/><h3 class=\"heading h3\">Nuestro personal calificad<\/h3><p><span style=\"font-weight: 400;\">Con m\u00e1s de 1,000 empleados en toda la naci\u00f3n, Linebarger prioriza la contrataci\u00f3n y retenci\u00f3n de personal profesional, experimentado y creativo. <\/span><\/p>\n<a class=\"learn-more\" href=\"#our-qualified-people\" target=\"\">Learn More<\/a><a class=\"overlay-url\" href=\"#our-qualified-people\" target=\"\"><\/a>        <\/div>\r\n      <\/div>\r\n              <div class=\"lgbs-card border-left\">\r\n          <div class=\"row d-flex df-fdc\">\r\n          <img decoding=\"async\" src=\"https:\/\/www.lgbs.com\/wp-content\/uploads\/2023\/10\/why-linebarger-page-icon-handshake.png\" alt=\"handshake icon\" \/><h3 class=\"heading h3\">Participaci\u00f3n comunitaria<\/h3><p><span style=\"font-weight: 400;\">Invertimos en organizaciones locales y esenciales. Nuestra cultura est\u00e1 arraigada en servir tanto a nuestros clientes como a las comunidades en las que vivimos y trabajamos. <\/span><\/p>\n<a class=\"learn-more\" href=\"#community-engagement\" target=\"\">Learn More<\/a><a class=\"overlay-url\" href=\"#community-engagement\" target=\"\"><\/a>        <\/div>\r\n      <\/div>\r\n              <div class=\"lgbs-card border-left\">\r\n          <div class=\"row d-flex df-fdc\">\r\n          <img decoding=\"async\" src=\"https:\/\/www.lgbs.com\/wp-content\/uploads\/2023\/10\/why-linebarger-page-icon-device-hub.png\" alt=\"connection icon\" \/><h3 class=\"heading h3\">Impulsados por la tecnolog\u00eda<\/h3><p><span style=\"font-weight: 400;\">Desde la ciberseguridad hasta el desarrollo de software, nuestros m\u00e1s de 175 especialistas en tecnolog\u00eda inform\u00e1tica impulsan la innovaci\u00f3n que solamente experimentan los clientes de Linebarger. <\/span><\/p>\n<a class=\"learn-more\" href=\"#technology-driven\" target=\"\">Learn More<\/a><a class=\"overlay-url\" href=\"#technology-driven\" target=\"\"><\/a>        <\/div>\r\n      <\/div>\r\n              <div class=\"lgbs-card border-left\">\r\n          <div class=\"row d-flex df-fdc\">\r\n          <img decoding=\"async\" src=\"https:\/\/www.lgbs.com\/wp-content\/uploads\/2023\/10\/why-linebarger-page-icon-smartphone.png\" alt=\"mobile device icon\" \/><h3 class=\"heading h3\">Soluciones de contacto<\/h3><p><span style=\"font-weight: 400;\">Nunca ha sido tan f\u00e1cil ponerse en contacto. Ofrecemos una amplia gama de opciones de resoluci\u00f3n de cuentas y de contacto para satisfacer a los residentes de nuestros clientes all\u00ed donde se encuentren. <\/span><\/p>\n<a class=\"learn-more\" href=\"#contact-solutions\" target=\"\">Learn More<\/a><a class=\"overlay-url\" href=\"#contact-solutions\" target=\"\"><\/a>        <\/div>\r\n      <\/div>\r\n              <div class=\"lgbs-card border-left\">\r\n          <div class=\"row d-flex df-fdc\">\r\n          <img decoding=\"async\" src=\"https:\/\/www.lgbs.com\/wp-content\/uploads\/2023\/10\/why-linebarger-page-icon-flag-usa.png\" alt=\"flag icon\" \/><h3 class=\"heading h3\">Reconocimiento nacional<\/h3><p><span style=\"font-weight: 400;\">Nuestra firma ha sido galardonada con premios nacionales, y nuestros abogados son reconocidos por su pericia. <\/span><\/p>\n<a class=\"learn-more\" href=\"#national-recognition\" target=\"\">Learn More<\/a><a class=\"overlay-url\" href=\"#national-recognition\" target=\"\"><\/a>        <\/div>\r\n      <\/div>\r\n              <div class=\"lgbs-card border-left\">\r\n          <div class=\"row d-flex df-fdc\">\r\n          <img decoding=\"async\" src=\"https:\/\/www.lgbs.com\/wp-content\/uploads\/2023\/10\/why-linebarger-page-icon-lawyer.png\" alt=\"legal icon\" \/><h3 class=\"heading h3\">Ventaja de la firma jur\u00eddica<\/h3><p><span style=\"font-weight: 400;\">Respetando las normas \u00e9ticas m\u00e1s estrictas dictadas por los tribunales supremos estatales y federales, nuestro enfoque a los cobros garantiza la profesionalidad y la integridad. <\/span><\/p>\n<a class=\"learn-more\" href=\"#law-firm-advantage\" target=\"\">Learn More<\/a><a class=\"overlay-url\" href=\"#law-firm-advantage\" target=\"\"><\/a>        <\/div>\r\n      <\/div>\r\n          <\/article>\r\n  <\/section>\r\n<\/div>\n\n\r\n<section class=\"section bg-white text-with-image\">\r\n  <article class=\"article d-flex df-fdr\">\r\n    <a class=\"bookmark\" name=\"our-qualified-people\" id=\"our-qualified-people\"><\/a><div class=\"text\"><h4>Personal calificado<\/h4><h3>Inversi\u00f3n en la gente<\/h3><p><span style=\"font-weight: 400;\">En Linebarger, nuestro recurso m\u00e1s importante es nuestra gente.\u00a0<\/span><\/p>\n<p><span style=\"font-weight: 400;\">Nuestros 120 abogados tienen un promedio de <\/span><span style=\"font-weight: 400;\">13 a\u00f1os<\/span><span style=\"font-weight: 400;\"> de experiencia jur\u00eddica en derecho de cobro, lo que distingue a Linebarger como l\u00edder nacional.\u00a0<\/span><\/p>\n<p><span style=\"font-weight: 400;\">Es un orgullo para nosotros ser una de las firmas jur\u00eddicas m\u00e1s diversas en el pa\u00eds. M\u00e1s del 68% de nuestros due\u00f1os son mujeres o personas de color.\u00a0<\/span><\/p>\n<p><span style=\"font-weight: 400;\">Cada miembro de nuestro equipo recibe capacitaci\u00f3n especializada para garantizar la protecci\u00f3n de los datos de nuestros clientes.\u00a0<\/span><\/p>\n<\/div><div class=\"image section hero-section\" style=\"background-image: url(https:\/\/www.lgbs.com\/wp-content\/uploads\/2023\/10\/Investing-in-People_resized.webp);\"><\/div>  <\/article>\r\n<\/section>\r\n\n\n\r\n<section class=\"section bg-white text-with-image\">\r\n  <article class=\"article d-flex df-fdr\">\r\n    <a class=\"bookmark\" name=\"community-engagement\" id=\"community-engagement\"><\/a><div class=\"image section hero-section\" style=\"background-image: url(https:\/\/www.lgbs.com\/wp-content\/uploads\/2023\/10\/LGBS-VGP-36169-marisela-cans-jpg-webp-e1698269223205.webp);\"><\/div><div class=\"text\"><h4>Participaci\u00f3n comunitaria<\/h4><h3>Inversi\u00f3n en las comunidades<\/h3><p>Linebarger sirve a las comunidades donde los miembros de nuestro equipo viven, trabajan y cr\u00edan a sus familias.<\/p>\n<p>Su comunidad es nuestra comunidad. Sus escuelas son nuestras escuelas. Sus residentes son nuestros vecinos.<\/p>\n<p>Estamos orgullosos de invertir en causas y organizaciones que apoyan la calidad de vida en las comunidades a las que sirven nuestros clientes.<\/p>\n<ul>\n<li><strong>Fundaciones educativas<\/strong><\/li>\n<li><strong>Bancos de alimentos<\/strong><\/li>\n<li><strong>Grupos de apoyo a veteranos<\/strong><\/li>\n<li><strong>Caridades infantiles<\/strong><\/li>\n<li><strong>Programas de mentoreo<\/strong><\/li>\n<li><strong>Becas para universitarios <\/strong><\/li>\n<li><strong>Fundaciones de estudios de derecho<\/strong><\/li>\n<li><strong>Programas de apoyo a familias<\/strong><\/li>\n<\/ul>\n<\/div>  <\/article>\r\n<\/section>\r\n\n\n\r\n<section class=\"section bg-white text-with-image\">\r\n  <article class=\"article d-flex df-fdr\">\r\n    <a class=\"bookmark\" name=\"technology-driven\" id=\"technology-driven\"><\/a><div class=\"text\"><h4>Impulsados por la tecnolog\u00eda<\/h4><h3>Innovaci\u00f3n l\u00edder en la industria<\/h3><p><span style=\"font-weight: 400;\">Tenemos el privilegio de servir a clientes de todo el pa\u00eds y somos responsables directos de la protecci\u00f3n de millones de registros confidenciales. Hemos realizado importantes inversiones para garantizar un entorno seguro y escalable que cumpla las normas m\u00e1s estrictas del sector.\u00a0<\/span><\/p>\n<p><span style=\"font-weight: 400;\">Nuestros m\u00e1s de 175 profesionales de inform\u00e1tica son innovadores que impulsan nuestra destreza tecnol\u00f3gica: dise\u00f1an, crean e implantan software y sistemas de cobro de propiedad exclusiva que se adaptan a la interfaz espec\u00edfica de cada cliente.\u00a0<\/span><\/p>\n<\/div><div class=\"image section hero-section\" style=\"background-image: url(https:\/\/www.lgbs.com\/wp-content\/uploads\/2023\/10\/LGBS-VGP-36497-adrian-innovation-jpg-webp.webp);\"><\/div>  <\/article>\r\n<\/section>\r\n\n\n\r\n<section class=\"section bg-white text-with-image\">\r\n  <article class=\"article d-flex df-fdr\">\r\n    <a class=\"bookmark\" name=\"contact-solutions\" id=\"contact-solutions\"><\/a><div class=\"image section hero-section\" style=\"background-image: url(https:\/\/www.lgbs.com\/wp-content\/uploads\/2023\/10\/No-Nose-Ring-jpg-webp.webp);\"><\/div><div class=\"text\"><h4>Soluciones de contacto<\/h4><h3>Sensible a las necesidades de sus residentes <\/h3><p><span style=\"font-weight: 400;\">La conveniencia es un distintivo de nuestras ofertas de resoluci\u00f3n de cuentas. Continuamente a\u00f1adimos nuevas opciones de comunicaci\u00f3n para que los clientes de nuestros clientes puedan tener mayor flexibilidad y opci\u00f3n en la forma de resolver su cuenta.\u00a0<\/span><\/p>\n<ul>\n<li aria-level=\"1\"><b>Llamada telef\u00f3nica gratuita<\/b><span style=\"font-weight: 400;\">\u00a0<\/span><\/li>\n<li aria-level=\"1\"><b>Correo electr\u00f3nico<\/b><\/li>\n<li aria-level=\"1\"><b>Texto\u00a0<\/b><\/li>\n<li aria-level=\"1\"><b>Chat<\/b><\/li>\n<\/ul>\n<p><span style=\"font-weight: 400;\">Ofrecemos resoluci\u00f3n de cuentas sin contacto, <\/span><a href=\"https:\/\/lgbswebpayments.com\/\" target=\"_blank\" rel=\"noopener\"><span style=\"font-weight: 400;\">en l\u00ednea<\/span><\/a><span style=\"font-weight: 400;\"> las 24 horas del d\u00eda, 7 d\u00edas de la semana.\u00a0<\/span><\/p>\n<p><span style=\"font-weight: 400;\">Cuando surgen preguntas, nuestros representantes de cuentas multiling\u00fces est\u00e1n disponibles y dispuestos a ayudar. Utilizamos software avanzado para manejar las campa\u00f1as de llamadas entrantes y salientes. Nuestros centros de llamadas en todo el pa\u00eds operan desde instalaciones seguras y se rigen por estrictas normas de seguridad, por lo que los datos de sus residentes est\u00e1n protegidos.\u00a0<\/span><\/p>\n<\/div>  <\/article>\r\n<\/section>\r\n\n\n\r\n<section class=\"section bg-white text-with-image\">\r\n  <article class=\"article d-flex df-fdr\">\r\n    <a class=\"bookmark\" name=\"national-recognition\" id=\"national-recognition\"><\/a><div class=\"text\"><h4>Reconocimiento nacional<\/h4><h3>Logro en la atenci\u00f3n al cliente<\/h3><p><span style=\"font-weight: 400;\">La mejor medida de la excelencia es la satisfacci\u00f3n del cliente. Por eso nuestro mayor honor es el hecho de que m\u00e1s del 66 % de nuestros clientes hayan elegido a Linebarger como su proveedor de servicios de cobro durante m\u00e1s de una d\u00e9cada.<\/span><\/p>\n<p><span style=\"font-weight: 400;\">Linebarger es la \u00fanica firma que ha recibido cuatro premios de la U.S. Conference of Mayors (Conferencia de Alcaldes de EE. UU.).\u00a0<\/span><\/p>\n<p><span style=\"font-weight: 400;\">Varios de nuestros abogados han sido calificados \u00abAV Preeminent\u00bb por Martindale-Hubbell, una indicaci\u00f3n de que un abogado goza del amplio respeto de sus colegas por sus logros y \u00e9tica profesionales.<\/span><\/p>\n<p><span style=\"font-weight: 400;\">Desde 1999, nuestra firma ha mantenido una calificaci\u00f3n A+ del Better Business Bureau.<\/span><\/p>\n<\/div><div class=\"image section hero-section\" style=\"background-image: url(https:\/\/www.lgbs.com\/wp-content\/uploads\/2023\/10\/LGBS-VGP-37222-lucy-jpg-webp.webp);\"><\/div>  <\/article>\r\n<\/section>\r\n\n\n\r\n<section class=\"section bg-white text-with-image\">\r\n  <article class=\"article d-flex df-fdr\">\r\n    <a class=\"bookmark\" name=\"law-firm-advantage\" id=\"law-firm-advantage\"><\/a><div class=\"image section hero-section\" style=\"background-image: url(https:\/\/www.lgbs.com\/wp-content\/uploads\/2023\/10\/37501b-jpg-webp-e1698202919814.webp);\"><\/div><div class=\"text\"><h4>Ventaja de la firma jur\u00eddica<\/h4><h3>Inspiramos fe y confianza<\/h3><p><span style=\"font-weight: 400;\">Como firma jur\u00eddica nacional, Linebarger inspira en nuestros clientes la confianza y seguridad de que las cuentas de los residentes se resolver\u00e1n con profesionalismo e integridad.\u00a0<\/span><\/p>\n<p><span style=\"font-weight: 400;\">Antes de enviar un aviso de cobro, es revisado y aprobado por un equipo especializado en normas jur\u00eddicas y de litigio. Este grupo garantiza que la firma apoye una cultura de cumplimiento y se adhiera a las leyes y reglamentos federales y estatales, incluidos los requisitos de la Oficina para la Protecci\u00f3n Financiera del Consumidor.<\/span><\/p>\n<p><span style=\"font-weight: 400;\">Sencillamente, la comunicaci\u00f3n por una firma jur\u00eddica resulta en mejores \u00edndices de respuesta de los residentes. Cuando es necesario y el cliente lo autoriza, integramos servicios internos de litigio que se adaptan a las necesidades espec\u00edficas del cliente.\u00a0<\/span><\/p>\n<p><span style=\"font-weight: 400;\">Asesoramos regularmente a nuestros clientes sobre el cambiante panorama jur\u00eddico, legislativo, pol\u00edtico y normativo que afecta a su trabajo y a las cuentas de sus residentes.\u00a0<\/span><\/p>\n<\/div>  <\/article>\r\n<\/section>\r\n\n\n<section class=\"section bg-white\">\r\n    <article class=\"article d-flex df-fdc\">\r\n        <div class=\"row pt2vw\">\r\n            <div class=\"col\">\r\n                <div class=\"lgbs-slider\">\r\n                  <h2>Memberships<\/h2>                    <div class=\"lgbs-slider-container\">\r\n                        <div class=\"lgbs-slider-images\">\r\n                                                            <img decoding=\"async\" src=\"https:\/\/www.lgbs.com\/wp-content\/uploads\/2023\/10\/0_ACALogo.jpg\" \/>\r\n                                                            <img decoding=\"async\" src=\"https:\/\/www.lgbs.com\/wp-content\/uploads\/2023\/10\/why-linebarger-page-memberships-icon-02-jpg-webp-e1699570837860.webp\" \/>\r\n                                                            <img decoding=\"async\" src=\"https:\/\/www.lgbs.com\/wp-content\/uploads\/2023\/10\/community_leaders_of_america_cover-jpg-webp.webp\" \/>\r\n                                                            <img decoding=\"async\" src=\"https:\/\/www.lgbs.com\/wp-content\/uploads\/2023\/11\/IRS-1075-Certified-250-x-250-px-2.png\" \/>\r\n                                                            <img decoding=\"async\" src=\"https:\/\/www.lgbs.com\/wp-content\/uploads\/2023\/10\/why-linebarger-page-memberships-icon-06-jpg-webp.webp\" \/>\r\n                                                            <img decoding=\"async\" src=\"https:\/\/www.lgbs.com\/wp-content\/uploads\/2023\/10\/NALEO-jpg-webp.webp\" \/>\r\n                                                            <img decoding=\"async\" src=\"https:\/\/www.lgbs.com\/wp-content\/uploads\/2023\/10\/NBCSL.png\" \/>\r\n                                                            <img decoding=\"async\" src=\"https:\/\/www.lgbs.com\/wp-content\/uploads\/2023\/10\/NHSCL.jpg\" \/>\r\n                                                            <img decoding=\"async\" src=\"https:\/\/www.lgbs.com\/wp-content\/uploads\/2023\/10\/NABCO-jpg-webp.webp\" \/>\r\n                                                            <img decoding=\"async\" src=\"https:\/\/www.lgbs.com\/wp-content\/uploads\/2023\/10\/why-linebarger-page-memberships-icon-04-jpg-webp.webp\" \/>\r\n                                                            <img decoding=\"async\" src=\"https:\/\/www.lgbs.com\/wp-content\/uploads\/2023\/10\/why-linebarger-page-memberships-icon-03-jpg-webp.webp\" \/>\r\n                                                            <img decoding=\"async\" src=\"https:\/\/www.lgbs.com\/wp-content\/uploads\/2023\/10\/The-Texas-Association-of-Regional-Councils-jpg-webp.webp\" \/>\r\n                                                            <img decoding=\"async\" src=\"https:\/\/www.lgbs.com\/wp-content\/uploads\/2023\/11\/TASA-logo-text-modified-2-jpg-webp.webp\" \/>\r\n                                                            <img decoding=\"async\" src=\"https:\/\/www.lgbs.com\/wp-content\/uploads\/2023\/10\/why-linebarger-page-memberships-icon-05-jpg-webp.webp\" \/>\r\n                                                            <img decoding=\"async\" src=\"https:\/\/www.lgbs.com\/wp-content\/uploads\/2023\/11\/TML.png\" \/>\r\n                                                            <img decoding=\"async\" src=\"https:\/\/www.lgbs.com\/wp-content\/uploads\/2023\/10\/US-conference-of-mayors.png\" \/>\r\n                                                    <\/div>\r\n                    <\/div>\r\n                    <div class=\"lgbs-slider-buttons\">\r\n                        <a href=\"#\" class=\"lgbs-slider-prev-button\"><\/a>\r\n                        <a href=\"#\" class=\"lgbs-slider-next-button\"><\/a>\r\n                    <\/div>\r\n                <\/div>\r\n            <\/div>\r\n        <\/div>\r\n    <\/article>\r\n<\/section>","protected":false},"excerpt":{"rendered":"<p>Con una misi\u00f3n tan importante, elija un socio en quien puede confiar.<\/p>\n","protected":false},"author":1,"featured_media":0,"parent":0,"menu_order":0,"comment_status":"closed","ping_status":"closed","template":"page-hero-section.php","meta":{"_acf_changed":true,"footnotes":""},"class_list":["post-1377","page","type-page","status-publish","hentry"],"acf":[],"yoast_head":"<!-- This site is optimized with the Yoast SEO plugin v27.3 - https:\/\/yoast.com\/product\/yoast-seo-wordpress\/ -->\n<title>POR QU\u00c9 LINEBARGER |<\/title>\n<meta name=\"description\" content=\"Explore the unique benefits of using Linebarger as your government collections provider. Our qualified people, superior client service, and secure, scalable technology systems delivers an exceptional program.\" \/>\n<meta name=\"robots\" content=\"index, follow, max-snippet:-1, max-image-preview:large, max-video-preview:-1\" \/>\n<link rel=\"canonical\" href=\"https:\/\/www.lgbs.com\/es\/por-que-linebarger\/\" \/>\n<meta property=\"og:locale\" content=\"es_ES\" \/>\n<meta property=\"og:type\" content=\"article\" \/>\n<meta property=\"og:title\" content=\"POR QU\u00c9 LINEBARGER |\" \/>\n<meta property=\"og:description\" content=\"Explore the unique benefits of using Linebarger as your government collections provider. Our qualified people, superior client service, and secure, scalable technology systems delivers an exceptional program.\" \/>\n<meta property=\"og:url\" content=\"https:\/\/www.lgbs.com\/es\/por-que-linebarger\/\" \/>\n<meta property=\"og:site_name\" content=\"Linebarger Goggan Blair &amp; Sampson, LLP\" \/>\n<meta property=\"article:modified_time\" content=\"2024-08-29T15:29:05+00:00\" \/>\n<meta property=\"og:image\" content=\"https:\/\/www.lgbs.com\/wp-content\/uploads\/2024\/05\/kgbs-social-logo.png\" \/>\n\t<meta property=\"og:image:width\" content=\"1200\" \/>\n\t<meta property=\"og:image:height\" content=\"675\" \/>\n\t<meta property=\"og:image:type\" content=\"image\/png\" \/>\n<meta name=\"twitter:card\" content=\"summary_large_image\" \/>\n<meta name=\"twitter:label1\" content=\"Tiempo de lectura\" \/>\n\t<meta name=\"twitter:data1\" content=\"1 minuto\" \/>\n<script type=\"application\/ld+json\" class=\"yoast-schema-graph\">{\"@context\":\"https:\\\/\\\/schema.org\",\"@graph\":[{\"@type\":\"WebPage\",\"@id\":\"https:\\\/\\\/www.lgbs.com\\\/es\\\/por-que-linebarger\\\/\",\"url\":\"https:\\\/\\\/www.lgbs.com\\\/es\\\/por-que-linebarger\\\/\",\"name\":\"POR QU\u00c9 LINEBARGER |\",\"isPartOf\":{\"@id\":\"https:\\\/\\\/www.lgbs.com\\\/es\\\/#website\"},\"datePublished\":\"2023-10-18T06:43:03+00:00\",\"dateModified\":\"2024-08-29T15:29:05+00:00\",\"description\":\"Explore the unique benefits of using Linebarger as your government collections provider. Our qualified people, superior client service, and secure, scalable technology systems delivers an exceptional program.\",\"breadcrumb\":{\"@id\":\"https:\\\/\\\/www.lgbs.com\\\/es\\\/por-que-linebarger\\\/#breadcrumb\"},\"inLanguage\":\"es\",\"potentialAction\":[{\"@type\":\"ReadAction\",\"target\":[\"https:\\\/\\\/www.lgbs.com\\\/es\\\/por-que-linebarger\\\/\"]}]},{\"@type\":\"BreadcrumbList\",\"@id\":\"https:\\\/\\\/www.lgbs.com\\\/es\\\/por-que-linebarger\\\/#breadcrumb\",\"itemListElement\":[{\"@type\":\"ListItem\",\"position\":1,\"name\":\"Home\",\"item\":\"https:\\\/\\\/www.lgbs.com\\\/es\\\/\"},{\"@type\":\"ListItem\",\"position\":2,\"name\":\"POR QU\u00c9 LINEBARGER\"}]},{\"@type\":\"WebSite\",\"@id\":\"https:\\\/\\\/www.lgbs.com\\\/es\\\/#website\",\"url\":\"https:\\\/\\\/www.lgbs.com\\\/es\\\/\",\"name\":\"Linebarger\",\"description\":\"National Leader in Collections Law\",\"publisher\":{\"@id\":\"https:\\\/\\\/www.lgbs.com\\\/es\\\/#organization\"},\"alternateName\":\"LGBS\",\"potentialAction\":[{\"@type\":\"SearchAction\",\"target\":{\"@type\":\"EntryPoint\",\"urlTemplate\":\"https:\\\/\\\/www.lgbs.com\\\/es\\\/?s={search_term_string}\"},\"query-input\":{\"@type\":\"PropertyValueSpecification\",\"valueRequired\":true,\"valueName\":\"search_term_string\"}}],\"inLanguage\":\"es\"},{\"@type\":\"Organization\",\"@id\":\"https:\\\/\\\/www.lgbs.com\\\/es\\\/#organization\",\"name\":\"Linebarger Goggan Blair & Sampson, LLP\",\"alternateName\":\"LGBS\",\"url\":\"https:\\\/\\\/www.lgbs.com\\\/es\\\/\",\"logo\":{\"@type\":\"ImageObject\",\"inLanguage\":\"es\",\"@id\":\"https:\\\/\\\/www.lgbs.com\\\/es\\\/#\\\/schema\\\/logo\\\/image\\\/\",\"url\":\"https:\\\/\\\/www.lgbs.com\\\/wp-content\\\/uploads\\\/2025\\\/01\\\/L-for-avatar.webp\",\"contentUrl\":\"https:\\\/\\\/www.lgbs.com\\\/wp-content\\\/uploads\\\/2025\\\/01\\\/L-for-avatar.webp\",\"width\":453,\"height\":447,\"caption\":\"Linebarger Goggan Blair & Sampson, LLP\"},\"image\":{\"@id\":\"https:\\\/\\\/www.lgbs.com\\\/es\\\/#\\\/schema\\\/logo\\\/image\\\/\"},\"sameAs\":[\"https:\\\/\\\/www.linkedin.com\\\/company\\\/linebargerlaw\"]}]}<\/script>\n<!-- \/ Yoast SEO plugin. -->","yoast_head_json":{"title":"POR QU\u00c9 LINEBARGER |","description":"Explore the unique benefits of using Linebarger as your government collections provider. Our qualified people, superior client service, and secure, scalable technology systems delivers an exceptional program.","robots":{"index":"index","follow":"follow","max-snippet":"max-snippet:-1","max-image-preview":"max-image-preview:large","max-video-preview":"max-video-preview:-1"},"canonical":"https:\/\/www.lgbs.com\/es\/por-que-linebarger\/","og_locale":"es_ES","og_type":"article","og_title":"POR QU\u00c9 LINEBARGER |","og_description":"Explore the unique benefits of using Linebarger as your government collections provider. Our qualified people, superior client service, and secure, scalable technology systems delivers an exceptional program.","og_url":"https:\/\/www.lgbs.com\/es\/por-que-linebarger\/","og_site_name":"Linebarger Goggan Blair &amp; Sampson, LLP","article_modified_time":"2024-08-29T15:29:05+00:00","og_image":[{"width":1200,"height":675,"url":"https:\/\/www.lgbs.com\/wp-content\/uploads\/2024\/05\/kgbs-social-logo.png","type":"image\/png"}],"twitter_card":"summary_large_image","twitter_misc":{"Tiempo de lectura":"1 minuto"},"schema":{"@context":"https:\/\/schema.org","@graph":[{"@type":"WebPage","@id":"https:\/\/www.lgbs.com\/es\/por-que-linebarger\/","url":"https:\/\/www.lgbs.com\/es\/por-que-linebarger\/","name":"POR QU\u00c9 LINEBARGER |","isPartOf":{"@id":"https:\/\/www.lgbs.com\/es\/#website"},"datePublished":"2023-10-18T06:43:03+00:00","dateModified":"2024-08-29T15:29:05+00:00","description":"Explore the unique benefits of using Linebarger as your government collections provider. Our qualified people, superior client service, and secure, scalable technology systems delivers an exceptional program.","breadcrumb":{"@id":"https:\/\/www.lgbs.com\/es\/por-que-linebarger\/#breadcrumb"},"inLanguage":"es","potentialAction":[{"@type":"ReadAction","target":["https:\/\/www.lgbs.com\/es\/por-que-linebarger\/"]}]},{"@type":"BreadcrumbList","@id":"https:\/\/www.lgbs.com\/es\/por-que-linebarger\/#breadcrumb","itemListElement":[{"@type":"ListItem","position":1,"name":"Home","item":"https:\/\/www.lgbs.com\/es\/"},{"@type":"ListItem","position":2,"name":"POR QU\u00c9 LINEBARGER"}]},{"@type":"WebSite","@id":"https:\/\/www.lgbs.com\/es\/#website","url":"https:\/\/www.lgbs.com\/es\/","name":"Linebarger","description":"National Leader in Collections Law","publisher":{"@id":"https:\/\/www.lgbs.com\/es\/#organization"},"alternateName":"LGBS","potentialAction":[{"@type":"SearchAction","target":{"@type":"EntryPoint","urlTemplate":"https:\/\/www.lgbs.com\/es\/?s={search_term_string}"},"query-input":{"@type":"PropertyValueSpecification","valueRequired":true,"valueName":"search_term_string"}}],"inLanguage":"es"},{"@type":"Organization","@id":"https:\/\/www.lgbs.com\/es\/#organization","name":"Linebarger Goggan Blair & Sampson, LLP","alternateName":"LGBS","url":"https:\/\/www.lgbs.com\/es\/","logo":{"@type":"ImageObject","inLanguage":"es","@id":"https:\/\/www.lgbs.com\/es\/#\/schema\/logo\/image\/","url":"https:\/\/www.lgbs.com\/wp-content\/uploads\/2025\/01\/L-for-avatar.webp","contentUrl":"https:\/\/www.lgbs.com\/wp-content\/uploads\/2025\/01\/L-for-avatar.webp","width":453,"height":447,"caption":"Linebarger Goggan Blair & Sampson, LLP"},"image":{"@id":"https:\/\/www.lgbs.com\/es\/#\/schema\/logo\/image\/"},"sameAs":["https:\/\/www.linkedin.com\/company\/linebargerlaw"]}]}},"_links":{"self":[{"href":"https:\/\/www.lgbs.com\/es\/wp-json\/wp\/v2\/pages\/1377","targetHints":{"allow":["GET"]}}],"collection":[{"href":"https:\/\/www.lgbs.com\/es\/wp-json\/wp\/v2\/pages"}],"about":[{"href":"https:\/\/www.lgbs.com\/es\/wp-json\/wp\/v2\/types\/page"}],"author":[{"embeddable":true,"href":"https:\/\/www.lgbs.com\/es\/wp-json\/wp\/v2\/users\/1"}],"replies":[{"embeddable":true,"href":"https:\/\/www.lgbs.com\/es\/wp-json\/wp\/v2\/comments?post=1377"}],"version-history":[{"count":0,"href":"https:\/\/www.lgbs.com\/es\/wp-json\/wp\/v2\/pages\/1377\/revisions"}],"wp:attachment":[{"href":"https:\/\/www.lgbs.com\/es\/wp-json\/wp\/v2\/media?parent=1377"}],"curies":[{"name":"wp","href":"https:\/\/api.w.org\/{rel}","templated":true}]}}