{"id":1392,"date":"2023-10-14T20:24:49","date_gmt":"2023-10-15T01:24:49","guid":{"rendered":"https:\/\/www.lgbs.com\/services\/"},"modified":"2024-05-15T13:19:26","modified_gmt":"2024-05-15T18:19:26","slug":"servicios","status":"publish","type":"page","link":"https:\/\/www.lgbs.com\/es\/servicios\/","title":{"rendered":"SERVICIOS"},"content":{"rendered":"\n<h2 class=\"wp-block-heading has-text-align-center\">L\u00edder nacional en derecho de cobranza<\/h2>\n\n\n\n<p class=\"has-text-align-center\">Los profesionales de Linebarger son el est\u00e1ndar referencial en la prestaci\u00f3n de un servicio excepcional a los clientes del sector p\u00fablico. Nuestro principal objetivo es el cobro de las deudas pagaderas a las administraciones p\u00fablicas. Combinamos la tecnolog\u00eda m\u00e1s avanzada con la experiencia en derecho de cobro y nos adherimos a los m\u00e1s altos est\u00e1ndares profesionales y \u00e9ticos.<\/p>\n\n\n<div>\r\n  <section class=\"section bg-white\">\r\n    <article class=\"article d-flex df-fdc\">\r\n      <div class=\"lgbs-card-container\">\r\n              <div class=\"lgbs-card border-left\">\r\n          <div class=\"row d-flex df-fdc\">\r\n          <img decoding=\"async\" src=\"https:\/\/www.lgbs.com\/wp-content\/uploads\/2023\/10\/service-page-icon-atm.png\" alt=\"\" \/><h3 class=\"heading h3\">Cobros<\/h3><p><span style=\"font-weight: 400;\">Realizamos campa\u00f1as de cobro espec\u00edficas, adaptadas a sus necesidades y objetivos.<\/span><\/p>\n<a class=\"learn-more\" href=\"#collections\" target=\"\">Learn More<\/a><a class=\"overlay-url\" href=\"#collections\" target=\"\"><\/a>        <\/div>\r\n      <\/div>\r\n              <div class=\"lgbs-card border-left\">\r\n          <div class=\"row d-flex df-fdc\">\r\n          <img decoding=\"async\" src=\"https:\/\/www.lgbs.com\/wp-content\/uploads\/2023\/10\/services-page-icon-graph.png\" alt=\"\" \/><h3 class=\"heading h3\">Servicios de valor a\u00f1adido<\/h3><p><span style=\"font-weight: 400;\">Nuestra firma jur\u00eddica ofrece una amplia gama de servicios para ayudar a incrementar los ingresos de nuestros clientes del sector p\u00fablico.<\/span><\/p>\n<a class=\"learn-more\" href=\"#value-added-services\" target=\"\">Learn More<\/a><a class=\"overlay-url\" href=\"#value-added-services\" target=\"\"><\/a>        <\/div>\r\n      <\/div>\r\n              <div class=\"lgbs-card border-left\">\r\n          <div class=\"row d-flex df-fdc\">\r\n          <img decoding=\"async\" src=\"https:\/\/www.lgbs.com\/wp-content\/uploads\/2023\/10\/services-page-icon-cloud.png\" alt=\"\" \/><h3 class=\"heading h3\">Tecnolog\u00eda<\/h3><p><span style=\"font-weight: 400;\">Invertimos en las redes de procesamiento de datos y comunicaci\u00f3n m\u00e1s sofisticadas. <\/span><\/p>\n<a class=\"learn-more\" href=\"#technology\" target=\"\">Learn More<\/a><a class=\"overlay-url\" href=\"#technology\" target=\"\"><\/a>        <\/div>\r\n      <\/div>\r\n          <\/article>\r\n  <\/section>\r\n<\/div>\n\n\r\n<section class=\"section bg-white text-with-image\">\r\n  <article class=\"article d-flex df-fdr\">\r\n    <a class=\"bookmark\" name=\"collections\" id=\"collections\"><\/a><div class=\"text\"><h4>Cobros<\/h4><h3>Soluciones a medida<\/h3><p>&nbsp;<\/p>\n<p>Durante casi 50 a\u00f1os, Linebarger se ha centrado exclusivamente en la cobranza de deudas pagaderas a las administraciones p\u00fablicas.<\/p>\n<p>Nuestro experimentado equipo ofrece soluciones personalizadas para el cobro de cuentas, incluyendo la infraestructura necesaria para satisfacer las necesidades \u00fanicas de nuestros clientes del sector p\u00fablico. Nuestra soluci\u00f3n integral fomenta las relaciones a largo plazo basadas en la confianza y la fiabilidad.<\/p>\n<p>Mejoramos continuamente nuestros procesos para ofrecer a nuestros clientes los programas de cobro m\u00e1s eficaces.<\/p>\n<ul>\n<li>Impuestos estatales y locales<\/li>\n<li>Multas y costos<\/li>\n<li>Estacionamiento<\/li>\n<li>Peajes<\/li>\n<\/ul>\n<\/div><div class=\"image section hero-section\" style=\"background-image: url(https:\/\/www.lgbs.com\/wp-content\/uploads\/2024\/04\/Services_Paul-Smaller-scaled.jpg);\"><\/div>  <\/article>\r\n<\/section>\r\n\n\n\r\n<section class=\"section bg-white text-with-image\">\r\n  <article class=\"article d-flex df-fdr\">\r\n    <a class=\"bookmark\" name=\"value-added-services\" id=\"value-added-services\"><\/a><div class=\"image section hero-section\" style=\"background-image: url(https:\/\/www.lgbs.com\/wp-content\/uploads\/2023\/10\/36874-jpg-webp-e1701213275362.webp);\"><\/div><div class=\"text\"><h4>Servicios de valor a\u00f1adido<\/h4><h3>Un aliado de confianza<\/h3><p>Hemos ampliado nuestra oferta de servicios de cobro para resolver las necesidades m\u00e1s apremiantes de nuestros clientes. Linebarger ofrece una gama \u00fanica de servicios y soluciones de software para aumentar la eficacia y aumentar los ingresos de nuestros clientes.<\/p>\n<ul>\n<li><strong>An\u00e1lisis de exenciones de vivienda patrimonio [Homestead] <\/strong><br \/>\nProporcionamos un an\u00e1lisis en profundidad de las exenciones de vivienda habitual para ayudar a garantizar el cumplimiento de los requisitos legales de Texas por parte de los distritos de tasaci\u00f3n.<\/li>\n<\/ul>\n<ul>\n<li><strong>Software de cobro de impuestos prediales<\/strong><br \/>\n<span style=\"color: #000000;\"><a style=\"color: #000000;\" href=\"https:\/\/actweb.acttax.com\/\"><em>Appraisal Collection<\/em> Technologies (ACT)<\/a> ofrece software y formaci\u00f3n anual para apoyar a las oficinas tributarias locales durante todo el a\u00f1o.<\/span><\/li>\n<\/ul>\n<ul>\n<li><strong>Apelaciones del Valor de la Propiedad<\/strong><br \/>\nNuestro equipo de valoraci\u00f3n le ayuda a los distritos escolares a navegar las complejas normativas del Estudio del Valor de la Propiedad.<\/li>\n<\/ul>\n<ul>\n<li><strong>Pericia en finanzas escolar<br \/>\n<\/strong>Nuestro equipo de expertos asesora a las escuelas sobre estrategias financieras para garantizar la capacidad de su distrito para satisfacer las necesidades de los estudiantes.<\/li>\n<\/ul>\n<p>&nbsp;<\/p>\n<\/div>  <\/article>\r\n<\/section>\r\n\n\n\r\n<section class=\"section bg-white text-with-image\">\r\n  <article class=\"article d-flex df-fdr\">\r\n    <a class=\"bookmark\" name=\"technology\" id=\"technology\"><\/a><div class=\"text\"><h4>Tecnolog\u00eda<\/h4><h3>Base de datos segura y escalable<\/h3><p>La gesti\u00f3n de millones de registros confidenciales requiere soluciones robustas y seguras.<\/p>\n<p>Por ello, Linebarger ha invertido decenas de millones de d\u00f3lares en hardware y sistemas de software de propiedad exclusiva para crear un entorno seguro y escalable que cumpla las normas m\u00e1s altas del sector.<\/p>\n<p>Nuestra firma combina la experiencia jur\u00eddica con la tecnolog\u00eda m\u00e1s avanzada para ofrecer la mejor soluci\u00f3n de su clase, con base en arquitectura y programadores internos.<\/p>\n<ul>\n<li><strong>Certificada en administraci\u00f3n de seguridad de la informaci\u00f3n<\/strong><\/li>\n<li><strong>Cumple con IRS 1075 <\/strong><\/li>\n<li><strong>Proveedor validado PCI Nivel 1 <\/strong><\/li>\n<li><strong>Informes de control AICPA SOC 1,2,3 <\/strong><\/li>\n<\/ul>\n<\/div><div class=\"image section hero-section\" style=\"background-image: url(https:\/\/www.lgbs.com\/wp-content\/uploads\/2023\/10\/36489b-with-blue-tint-jpg-webp-e1699461676237.webp);\"><\/div>  <\/article>\r\n<\/section>\r\n\n\n<section class=\"section bg-white\">\r\n    <article class=\"article d-flex df-fdc\">\r\n        <div class=\"row pt2vw\">\r\n            <div class=\"col\">\r\n                <div class=\"lgbs-slider\">\r\n                  <h2>Technology Certifications<\/h2>                    <div class=\"lgbs-slider-container\">\r\n                        <div class=\"lgbs-slider-images\">\r\n                                                            <img decoding=\"async\" src=\"https:\/\/www.lgbs.com\/wp-content\/uploads\/2023\/10\/TECHNOLOGY-CERTIFICATIONS-1.webp\" \/>\r\n                                                            <img decoding=\"async\" src=\"https:\/\/www.lgbs.com\/wp-content\/uploads\/2023\/10\/TECHNOLOGY-CERTIFICATIONS-2.webp\" \/>\r\n                                                            <img decoding=\"async\" src=\"https:\/\/www.lgbs.com\/wp-content\/uploads\/2023\/10\/TECHNOLOGY-CERTIFICATIONS-3.webp\" \/>\r\n                                                            <img decoding=\"async\" src=\"https:\/\/www.lgbs.com\/wp-content\/uploads\/2023\/10\/TECHNOLOGY-CERTIFICATIONS-4.webp\" \/>\r\n                                                            <img decoding=\"async\" src=\"https:\/\/www.lgbs.com\/wp-content\/uploads\/2023\/10\/TECHNOLOGY-CERTIFICATIONS-5.webp\" \/>\r\n                                                    <\/div>\r\n                    <\/div>\r\n                    <div class=\"lgbs-slider-buttons\">\r\n                        <a href=\"#\" class=\"lgbs-slider-prev-button\"><\/a>\r\n                        <a href=\"#\" class=\"lgbs-slider-next-button\"><\/a>\r\n                    <\/div>\r\n                <\/div>\r\n            <\/div>\r\n        <\/div>\r\n    <\/article>\r\n<\/section>","protected":false},"excerpt":{"rendered":"<p>L\u00edder nacional en derecho de cobranza Los profesionales de Linebarger son el est\u00e1ndar referencial en la prestaci\u00f3n de un servicio excepcional a los clientes del sector p\u00fablico. Nuestro principal objetivo es el cobro de las deudas pagaderas a las administraciones p\u00fablicas. Combinamos la tecnolog\u00eda m\u00e1s avanzada con la experiencia en derecho de cobro y nos [&hellip;]<\/p>\n","protected":false},"author":1,"featured_media":0,"parent":0,"menu_order":0,"comment_status":"closed","ping_status":"closed","template":"page-hero-section.php","meta":{"_acf_changed":true,"footnotes":""},"class_list":["post-1392","page","type-page","status-publish","hentry"],"acf":[],"yoast_head":"<!-- This site is optimized with the Yoast SEO plugin v27.4 - https:\/\/yoast.com\/product\/yoast-seo-wordpress\/ -->\n<title>SERVICIOS |<\/title>\n<meta name=\"robots\" content=\"index, follow, max-snippet:-1, max-image-preview:large, max-video-preview:-1\" \/>\n<link rel=\"canonical\" href=\"https:\/\/www.lgbs.com\/es\/servicios\/\" \/>\n<meta property=\"og:locale\" content=\"es_ES\" \/>\n<meta property=\"og:type\" content=\"article\" \/>\n<meta property=\"og:title\" content=\"SERVICIOS |\" \/>\n<meta property=\"og:description\" content=\"L\u00edder nacional en derecho de cobranza Los profesionales de Linebarger son el est\u00e1ndar referencial en la prestaci\u00f3n de un servicio excepcional a los clientes del sector p\u00fablico. Nuestro principal objetivo es el cobro de las deudas pagaderas a las administraciones p\u00fablicas. Combinamos la tecnolog\u00eda m\u00e1s avanzada con la experiencia en derecho de cobro y nos [&hellip;]\" \/>\n<meta property=\"og:url\" content=\"https:\/\/www.lgbs.com\/es\/servicios\/\" \/>\n<meta property=\"og:site_name\" content=\"Linebarger Goggan Blair &amp; Sampson, LLP\" \/>\n<meta property=\"article:modified_time\" content=\"2024-05-15T18:19:26+00:00\" \/>\n<meta property=\"og:image\" content=\"https:\/\/www.lgbs.com\/wp-content\/uploads\/2024\/05\/kgbs-social-logo.png\" \/>\n\t<meta property=\"og:image:width\" content=\"1200\" \/>\n\t<meta property=\"og:image:height\" content=\"675\" \/>\n\t<meta property=\"og:image:type\" content=\"image\/png\" \/>\n<meta name=\"twitter:card\" content=\"summary_large_image\" \/>\n<meta name=\"twitter:label1\" content=\"Tiempo de lectura\" \/>\n\t<meta name=\"twitter:data1\" content=\"1 minuto\" \/>\n<script type=\"application\/ld+json\" class=\"yoast-schema-graph\">{\"@context\":\"https:\\\/\\\/schema.org\",\"@graph\":[{\"@type\":\"WebPage\",\"@id\":\"https:\\\/\\\/www.lgbs.com\\\/es\\\/servicios\\\/\",\"url\":\"https:\\\/\\\/www.lgbs.com\\\/es\\\/servicios\\\/\",\"name\":\"SERVICIOS |\",\"isPartOf\":{\"@id\":\"https:\\\/\\\/www.lgbs.com\\\/es\\\/#website\"},\"datePublished\":\"2023-10-15T01:24:49+00:00\",\"dateModified\":\"2024-05-15T18:19:26+00:00\",\"breadcrumb\":{\"@id\":\"https:\\\/\\\/www.lgbs.com\\\/es\\\/servicios\\\/#breadcrumb\"},\"inLanguage\":\"es\",\"potentialAction\":[{\"@type\":\"ReadAction\",\"target\":[\"https:\\\/\\\/www.lgbs.com\\\/es\\\/servicios\\\/\"]}]},{\"@type\":\"BreadcrumbList\",\"@id\":\"https:\\\/\\\/www.lgbs.com\\\/es\\\/servicios\\\/#breadcrumb\",\"itemListElement\":[{\"@type\":\"ListItem\",\"position\":1,\"name\":\"Home\",\"item\":\"https:\\\/\\\/www.lgbs.com\\\/es\\\/\"},{\"@type\":\"ListItem\",\"position\":2,\"name\":\"SERVICIOS\"}]},{\"@type\":\"WebSite\",\"@id\":\"https:\\\/\\\/www.lgbs.com\\\/es\\\/#website\",\"url\":\"https:\\\/\\\/www.lgbs.com\\\/es\\\/\",\"name\":\"Linebarger\",\"description\":\"National Leader in Collections Law\",\"publisher\":{\"@id\":\"https:\\\/\\\/www.lgbs.com\\\/es\\\/#organization\"},\"alternateName\":\"LGBS\",\"potentialAction\":[{\"@type\":\"SearchAction\",\"target\":{\"@type\":\"EntryPoint\",\"urlTemplate\":\"https:\\\/\\\/www.lgbs.com\\\/es\\\/?s={search_term_string}\"},\"query-input\":{\"@type\":\"PropertyValueSpecification\",\"valueRequired\":true,\"valueName\":\"search_term_string\"}}],\"inLanguage\":\"es\"},{\"@type\":\"Organization\",\"@id\":\"https:\\\/\\\/www.lgbs.com\\\/es\\\/#organization\",\"name\":\"Linebarger Goggan Blair & Sampson, LLP\",\"alternateName\":\"LGBS\",\"url\":\"https:\\\/\\\/www.lgbs.com\\\/es\\\/\",\"logo\":{\"@type\":\"ImageObject\",\"inLanguage\":\"es\",\"@id\":\"https:\\\/\\\/www.lgbs.com\\\/es\\\/#\\\/schema\\\/logo\\\/image\\\/\",\"url\":\"https:\\\/\\\/www.lgbs.com\\\/wp-content\\\/uploads\\\/2025\\\/01\\\/L-for-avatar.webp\",\"contentUrl\":\"https:\\\/\\\/www.lgbs.com\\\/wp-content\\\/uploads\\\/2025\\\/01\\\/L-for-avatar.webp\",\"width\":453,\"height\":447,\"caption\":\"Linebarger Goggan Blair & Sampson, LLP\"},\"image\":{\"@id\":\"https:\\\/\\\/www.lgbs.com\\\/es\\\/#\\\/schema\\\/logo\\\/image\\\/\"},\"sameAs\":[\"https:\\\/\\\/www.linkedin.com\\\/company\\\/linebargerlaw\"]}]}<\/script>\n<!-- \/ Yoast SEO plugin. -->","yoast_head_json":{"title":"SERVICIOS |","robots":{"index":"index","follow":"follow","max-snippet":"max-snippet:-1","max-image-preview":"max-image-preview:large","max-video-preview":"max-video-preview:-1"},"canonical":"https:\/\/www.lgbs.com\/es\/servicios\/","og_locale":"es_ES","og_type":"article","og_title":"SERVICIOS |","og_description":"L\u00edder nacional en derecho de cobranza Los profesionales de Linebarger son el est\u00e1ndar referencial en la prestaci\u00f3n de un servicio excepcional a los clientes del sector p\u00fablico. Nuestro principal objetivo es el cobro de las deudas pagaderas a las administraciones p\u00fablicas. Combinamos la tecnolog\u00eda m\u00e1s avanzada con la experiencia en derecho de cobro y nos [&hellip;]","og_url":"https:\/\/www.lgbs.com\/es\/servicios\/","og_site_name":"Linebarger Goggan Blair &amp; Sampson, LLP","article_modified_time":"2024-05-15T18:19:26+00:00","og_image":[{"width":1200,"height":675,"url":"https:\/\/www.lgbs.com\/wp-content\/uploads\/2024\/05\/kgbs-social-logo.png","type":"image\/png"}],"twitter_card":"summary_large_image","twitter_misc":{"Tiempo de lectura":"1 minuto"},"schema":{"@context":"https:\/\/schema.org","@graph":[{"@type":"WebPage","@id":"https:\/\/www.lgbs.com\/es\/servicios\/","url":"https:\/\/www.lgbs.com\/es\/servicios\/","name":"SERVICIOS |","isPartOf":{"@id":"https:\/\/www.lgbs.com\/es\/#website"},"datePublished":"2023-10-15T01:24:49+00:00","dateModified":"2024-05-15T18:19:26+00:00","breadcrumb":{"@id":"https:\/\/www.lgbs.com\/es\/servicios\/#breadcrumb"},"inLanguage":"es","potentialAction":[{"@type":"ReadAction","target":["https:\/\/www.lgbs.com\/es\/servicios\/"]}]},{"@type":"BreadcrumbList","@id":"https:\/\/www.lgbs.com\/es\/servicios\/#breadcrumb","itemListElement":[{"@type":"ListItem","position":1,"name":"Home","item":"https:\/\/www.lgbs.com\/es\/"},{"@type":"ListItem","position":2,"name":"SERVICIOS"}]},{"@type":"WebSite","@id":"https:\/\/www.lgbs.com\/es\/#website","url":"https:\/\/www.lgbs.com\/es\/","name":"Linebarger","description":"National Leader in Collections Law","publisher":{"@id":"https:\/\/www.lgbs.com\/es\/#organization"},"alternateName":"LGBS","potentialAction":[{"@type":"SearchAction","target":{"@type":"EntryPoint","urlTemplate":"https:\/\/www.lgbs.com\/es\/?s={search_term_string}"},"query-input":{"@type":"PropertyValueSpecification","valueRequired":true,"valueName":"search_term_string"}}],"inLanguage":"es"},{"@type":"Organization","@id":"https:\/\/www.lgbs.com\/es\/#organization","name":"Linebarger Goggan Blair & Sampson, LLP","alternateName":"LGBS","url":"https:\/\/www.lgbs.com\/es\/","logo":{"@type":"ImageObject","inLanguage":"es","@id":"https:\/\/www.lgbs.com\/es\/#\/schema\/logo\/image\/","url":"https:\/\/www.lgbs.com\/wp-content\/uploads\/2025\/01\/L-for-avatar.webp","contentUrl":"https:\/\/www.lgbs.com\/wp-content\/uploads\/2025\/01\/L-for-avatar.webp","width":453,"height":447,"caption":"Linebarger Goggan Blair & Sampson, LLP"},"image":{"@id":"https:\/\/www.lgbs.com\/es\/#\/schema\/logo\/image\/"},"sameAs":["https:\/\/www.linkedin.com\/company\/linebargerlaw"]}]}},"_links":{"self":[{"href":"https:\/\/www.lgbs.com\/es\/wp-json\/wp\/v2\/pages\/1392","targetHints":{"allow":["GET"]}}],"collection":[{"href":"https:\/\/www.lgbs.com\/es\/wp-json\/wp\/v2\/pages"}],"about":[{"href":"https:\/\/www.lgbs.com\/es\/wp-json\/wp\/v2\/types\/page"}],"author":[{"embeddable":true,"href":"https:\/\/www.lgbs.com\/es\/wp-json\/wp\/v2\/users\/1"}],"replies":[{"embeddable":true,"href":"https:\/\/www.lgbs.com\/es\/wp-json\/wp\/v2\/comments?post=1392"}],"version-history":[{"count":0,"href":"https:\/\/www.lgbs.com\/es\/wp-json\/wp\/v2\/pages\/1392\/revisions"}],"wp:attachment":[{"href":"https:\/\/www.lgbs.com\/es\/wp-json\/wp\/v2\/media?parent=1392"}],"curies":[{"name":"wp","href":"https:\/\/api.w.org\/{rel}","templated":true}]}}