{"id":1394,"date":"2023-10-20T21:14:46","date_gmt":"2023-10-21T02:14:46","guid":{"rendered":"https:\/\/www.lgbs.com\/contact-us\/"},"modified":"2024-05-08T16:53:14","modified_gmt":"2024-05-08T21:53:14","slug":"contactenos","status":"publish","type":"page","link":"https:\/\/www.lgbs.com\/es\/contactenos\/","title":{"rendered":"CONT\u00c1CTENOS"},"content":{"rendered":"\n<h2 class=\"wp-block-heading has-text-align-center\">Cont\u00e1ctenos<\/h2>\n\n\n\n<p class=\"has-text-align-center\">Linebarger tiene oficinas en toda la naci\u00f3n para entregar a nuestros clientes un servicio del m\u00e1s alto nivel.&nbsp;<\/p>\n\n\n\n<p class=\"has-text-align-center\">Para pedir ayuda con su pregunta, con\u00e9ctese con las \u00e1reas de apoyo al cliente o ventas por impuestos.<\/p>\n\n\n<div>\r\n  <section class=\"section bg-white\">\r\n    <article class=\"article d-flex df-fdc\">\r\n      <div class=\"lgbs-card-container\">\r\n              <div class=\"lgbs-card\">\r\n          <div class=\"row d-flex df-fdc\">\r\n          <img decoding=\"async\" src=\"https:\/\/www.lgbs.com\/wp-content\/uploads\/2023\/10\/contact-us-page-icon-account-circle.png\" alt=\"\" \/><h3 class=\"heading h3\">Ayuda con su Cuenta<\/h3><p><span style=\"font-weight: 400;\">\u00bfTiene preguntas acerca de su cuenta? Llame a nuestro departamento de atenci\u00f3n al cliente o llame&#8230; <\/span><\/p>\n<a class=\"learn-more\" href=\"https:\/\/www.lgbs.com\/es\/recursos-para-clients\/\" target=\"\">Ayuda con su Cuenta<\/a><a class=\"overlay-url\" href=\"https:\/\/www.lgbs.com\/es\/recursos-para-clients\/\" target=\"\"><\/a>        <\/div>\r\n      <\/div>\r\n              <div class=\"lgbs-card\">\r\n          <div class=\"row d-flex df-fdc\">\r\n          <img decoding=\"async\" src=\"https:\/\/www.lgbs.com\/wp-content\/uploads\/2023\/10\/contact-us-page-icon-warehouse.png\" alt=\"\" \/><h3 class=\"heading h3\">Ventas por impuestos<\/h3><p><span style=\"font-weight: 400;\">Para ubicar propiedades en venta, explore nuestra lista de ventas por impuestos en l\u00ednea. <\/span><\/p>\n<a class=\"learn-more\" href=\"https:\/\/taxsales.lgbs.com\/\" target=\"\">Ubique ventas por impuestos <\/a><a class=\"overlay-url\" href=\"https:\/\/taxsales.lgbs.com\/\" target=\"\"><\/a>        <\/div>\r\n      <\/div>\r\n              <div class=\"lgbs-card\">\r\n          <div class=\"row d-flex df-fdc\">\r\n          <img decoding=\"async\" src=\"https:\/\/www.lgbs.com\/wp-content\/uploads\/2023\/10\/contact-us-page-icon-media-play.png\" alt=\"\" \/><h3 class=\"heading h3\">Consultas de los medios<\/h3><p><span style=\"font-weight: 400;\">Si es miembro de la prensa o tiene una consulta de medios, presente su solicitud. <\/span><\/p>\n<a class=\"learn-more\" href=\"mailto:cmsmedia@lgbs.com\" target=\"\">Contacto para los medios <\/a><a class=\"overlay-url\" href=\"mailto:cmsmedia@lgbs.com\" target=\"\"><\/a>        <\/div>\r\n      <\/div>\r\n          <\/article>\r\n  <\/section>\r\n<\/div>","protected":false},"excerpt":{"rendered":"<p>Cont\u00e1ctenos Linebarger tiene oficinas en toda la naci\u00f3n para entregar a nuestros clientes un servicio del m\u00e1s alto nivel.&nbsp; Para pedir ayuda con su pregunta, con\u00e9ctese con las \u00e1reas de apoyo al cliente o ventas por impuestos.<\/p>\n","protected":false},"author":1,"featured_media":0,"parent":0,"menu_order":0,"comment_status":"closed","ping_status":"closed","template":"page-plain.php","meta":{"_acf_changed":true,"footnotes":""},"class_list":["post-1394","page","type-page","status-publish","hentry"],"acf":[],"yoast_head":"<!-- This site is optimized with the Yoast SEO plugin v27.4 - https:\/\/yoast.com\/product\/yoast-seo-wordpress\/ -->\n<title>CONT\u00c1CTENOS |<\/title>\n<meta name=\"description\" content=\"Linebarger offers multiple options to contact customer support. Chat with a representative.\" \/>\n<meta name=\"robots\" content=\"index, follow, max-snippet:-1, max-image-preview:large, max-video-preview:-1\" \/>\n<link rel=\"canonical\" href=\"https:\/\/www.lgbs.com\/es\/contactenos\/\" \/>\n<meta property=\"og:locale\" content=\"es_ES\" \/>\n<meta property=\"og:type\" content=\"article\" \/>\n<meta property=\"og:title\" content=\"CONT\u00c1CTENOS |\" \/>\n<meta property=\"og:description\" content=\"Linebarger offers multiple options to contact customer support. Chat with a representative.\" \/>\n<meta property=\"og:url\" content=\"https:\/\/www.lgbs.com\/es\/contactenos\/\" \/>\n<meta property=\"og:site_name\" content=\"Linebarger Goggan Blair &amp; Sampson, LLP\" \/>\n<meta property=\"article:modified_time\" content=\"2024-05-08T21:53:14+00:00\" \/>\n<meta property=\"og:image\" content=\"https:\/\/www.lgbs.com\/wp-content\/uploads\/2024\/05\/kgbs-social-logo.png\" \/>\n\t<meta property=\"og:image:width\" content=\"1200\" \/>\n\t<meta property=\"og:image:height\" content=\"675\" \/>\n\t<meta property=\"og:image:type\" content=\"image\/png\" \/>\n<meta name=\"twitter:card\" content=\"summary_large_image\" \/>\n<meta name=\"twitter:label1\" content=\"Tiempo de lectura\" \/>\n\t<meta name=\"twitter:data1\" content=\"1 minuto\" \/>\n<script type=\"application\/ld+json\" class=\"yoast-schema-graph\">{\"@context\":\"https:\\\/\\\/schema.org\",\"@graph\":[{\"@type\":\"WebPage\",\"@id\":\"https:\\\/\\\/www.lgbs.com\\\/es\\\/contactenos\\\/\",\"url\":\"https:\\\/\\\/www.lgbs.com\\\/es\\\/contactenos\\\/\",\"name\":\"CONT\u00c1CTENOS |\",\"isPartOf\":{\"@id\":\"https:\\\/\\\/www.lgbs.com\\\/es\\\/#website\"},\"datePublished\":\"2023-10-21T02:14:46+00:00\",\"dateModified\":\"2024-05-08T21:53:14+00:00\",\"description\":\"Linebarger offers multiple options to contact customer support. Chat with a representative.\",\"breadcrumb\":{\"@id\":\"https:\\\/\\\/www.lgbs.com\\\/es\\\/contactenos\\\/#breadcrumb\"},\"inLanguage\":\"es\",\"potentialAction\":[{\"@type\":\"ReadAction\",\"target\":[\"https:\\\/\\\/www.lgbs.com\\\/es\\\/contactenos\\\/\"]}]},{\"@type\":\"BreadcrumbList\",\"@id\":\"https:\\\/\\\/www.lgbs.com\\\/es\\\/contactenos\\\/#breadcrumb\",\"itemListElement\":[{\"@type\":\"ListItem\",\"position\":1,\"name\":\"Home\",\"item\":\"https:\\\/\\\/www.lgbs.com\\\/es\\\/\"},{\"@type\":\"ListItem\",\"position\":2,\"name\":\"CONT\u00c1CTENOS\"}]},{\"@type\":\"WebSite\",\"@id\":\"https:\\\/\\\/www.lgbs.com\\\/es\\\/#website\",\"url\":\"https:\\\/\\\/www.lgbs.com\\\/es\\\/\",\"name\":\"Linebarger\",\"description\":\"National Leader in Collections Law\",\"publisher\":{\"@id\":\"https:\\\/\\\/www.lgbs.com\\\/es\\\/#organization\"},\"alternateName\":\"LGBS\",\"potentialAction\":[{\"@type\":\"SearchAction\",\"target\":{\"@type\":\"EntryPoint\",\"urlTemplate\":\"https:\\\/\\\/www.lgbs.com\\\/es\\\/?s={search_term_string}\"},\"query-input\":{\"@type\":\"PropertyValueSpecification\",\"valueRequired\":true,\"valueName\":\"search_term_string\"}}],\"inLanguage\":\"es\"},{\"@type\":\"Organization\",\"@id\":\"https:\\\/\\\/www.lgbs.com\\\/es\\\/#organization\",\"name\":\"Linebarger Goggan Blair & Sampson, LLP\",\"alternateName\":\"LGBS\",\"url\":\"https:\\\/\\\/www.lgbs.com\\\/es\\\/\",\"logo\":{\"@type\":\"ImageObject\",\"inLanguage\":\"es\",\"@id\":\"https:\\\/\\\/www.lgbs.com\\\/es\\\/#\\\/schema\\\/logo\\\/image\\\/\",\"url\":\"https:\\\/\\\/www.lgbs.com\\\/wp-content\\\/uploads\\\/2025\\\/01\\\/L-for-avatar.webp\",\"contentUrl\":\"https:\\\/\\\/www.lgbs.com\\\/wp-content\\\/uploads\\\/2025\\\/01\\\/L-for-avatar.webp\",\"width\":453,\"height\":447,\"caption\":\"Linebarger Goggan Blair & Sampson, LLP\"},\"image\":{\"@id\":\"https:\\\/\\\/www.lgbs.com\\\/es\\\/#\\\/schema\\\/logo\\\/image\\\/\"},\"sameAs\":[\"https:\\\/\\\/www.linkedin.com\\\/company\\\/linebargerlaw\"]}]}<\/script>\n<!-- \/ Yoast SEO plugin. -->","yoast_head_json":{"title":"CONT\u00c1CTENOS |","description":"Linebarger offers multiple options to contact customer support. Chat with a representative.","robots":{"index":"index","follow":"follow","max-snippet":"max-snippet:-1","max-image-preview":"max-image-preview:large","max-video-preview":"max-video-preview:-1"},"canonical":"https:\/\/www.lgbs.com\/es\/contactenos\/","og_locale":"es_ES","og_type":"article","og_title":"CONT\u00c1CTENOS |","og_description":"Linebarger offers multiple options to contact customer support. Chat with a representative.","og_url":"https:\/\/www.lgbs.com\/es\/contactenos\/","og_site_name":"Linebarger Goggan Blair &amp; Sampson, LLP","article_modified_time":"2024-05-08T21:53:14+00:00","og_image":[{"width":1200,"height":675,"url":"https:\/\/www.lgbs.com\/wp-content\/uploads\/2024\/05\/kgbs-social-logo.png","type":"image\/png"}],"twitter_card":"summary_large_image","twitter_misc":{"Tiempo de lectura":"1 minuto"},"schema":{"@context":"https:\/\/schema.org","@graph":[{"@type":"WebPage","@id":"https:\/\/www.lgbs.com\/es\/contactenos\/","url":"https:\/\/www.lgbs.com\/es\/contactenos\/","name":"CONT\u00c1CTENOS |","isPartOf":{"@id":"https:\/\/www.lgbs.com\/es\/#website"},"datePublished":"2023-10-21T02:14:46+00:00","dateModified":"2024-05-08T21:53:14+00:00","description":"Linebarger offers multiple options to contact customer support. Chat with a representative.","breadcrumb":{"@id":"https:\/\/www.lgbs.com\/es\/contactenos\/#breadcrumb"},"inLanguage":"es","potentialAction":[{"@type":"ReadAction","target":["https:\/\/www.lgbs.com\/es\/contactenos\/"]}]},{"@type":"BreadcrumbList","@id":"https:\/\/www.lgbs.com\/es\/contactenos\/#breadcrumb","itemListElement":[{"@type":"ListItem","position":1,"name":"Home","item":"https:\/\/www.lgbs.com\/es\/"},{"@type":"ListItem","position":2,"name":"CONT\u00c1CTENOS"}]},{"@type":"WebSite","@id":"https:\/\/www.lgbs.com\/es\/#website","url":"https:\/\/www.lgbs.com\/es\/","name":"Linebarger","description":"National Leader in Collections Law","publisher":{"@id":"https:\/\/www.lgbs.com\/es\/#organization"},"alternateName":"LGBS","potentialAction":[{"@type":"SearchAction","target":{"@type":"EntryPoint","urlTemplate":"https:\/\/www.lgbs.com\/es\/?s={search_term_string}"},"query-input":{"@type":"PropertyValueSpecification","valueRequired":true,"valueName":"search_term_string"}}],"inLanguage":"es"},{"@type":"Organization","@id":"https:\/\/www.lgbs.com\/es\/#organization","name":"Linebarger Goggan Blair & Sampson, LLP","alternateName":"LGBS","url":"https:\/\/www.lgbs.com\/es\/","logo":{"@type":"ImageObject","inLanguage":"es","@id":"https:\/\/www.lgbs.com\/es\/#\/schema\/logo\/image\/","url":"https:\/\/www.lgbs.com\/wp-content\/uploads\/2025\/01\/L-for-avatar.webp","contentUrl":"https:\/\/www.lgbs.com\/wp-content\/uploads\/2025\/01\/L-for-avatar.webp","width":453,"height":447,"caption":"Linebarger Goggan Blair & Sampson, LLP"},"image":{"@id":"https:\/\/www.lgbs.com\/es\/#\/schema\/logo\/image\/"},"sameAs":["https:\/\/www.linkedin.com\/company\/linebargerlaw"]}]}},"_links":{"self":[{"href":"https:\/\/www.lgbs.com\/es\/wp-json\/wp\/v2\/pages\/1394","targetHints":{"allow":["GET"]}}],"collection":[{"href":"https:\/\/www.lgbs.com\/es\/wp-json\/wp\/v2\/pages"}],"about":[{"href":"https:\/\/www.lgbs.com\/es\/wp-json\/wp\/v2\/types\/page"}],"author":[{"embeddable":true,"href":"https:\/\/www.lgbs.com\/es\/wp-json\/wp\/v2\/users\/1"}],"replies":[{"embeddable":true,"href":"https:\/\/www.lgbs.com\/es\/wp-json\/wp\/v2\/comments?post=1394"}],"version-history":[{"count":0,"href":"https:\/\/www.lgbs.com\/es\/wp-json\/wp\/v2\/pages\/1394\/revisions"}],"wp:attachment":[{"href":"https:\/\/www.lgbs.com\/es\/wp-json\/wp\/v2\/media?parent=1394"}],"curies":[{"name":"wp","href":"https:\/\/api.w.org\/{rel}","templated":true}]}}