{"id":2023,"date":"2024-04-25T16:01:16","date_gmt":"2024-04-25T21:01:16","guid":{"rendered":"https:\/\/www.lgbs.com\/?page_id=2023"},"modified":"2024-05-03T18:00:10","modified_gmt":"2024-05-03T23:00:10","slug":"recursos-para-clientes","status":"publish","type":"page","link":"https:\/\/www.lgbs.com\/es\/recursos-para-clientes\/","title":{"rendered":"RECURSOS PARA CLIENTS"},"content":{"rendered":"\n<h2 class=\"wp-block-heading has-text-align-center\">Recursos para Clientes<\/h2>\n\n\n\n<p class=\"has-text-align-center\">Linebarger ofrece a nuestros clientes herramientas de informaci\u00f3n en tiempo real para la gesti\u00f3n de cuentas. <br>Estas herramientas flexibles est\u00e1n disponibles en cualquier momento con un inicio de sesi\u00f3n seguro.<\/p>\n\n\n<div>\r\n  <section class=\"section bg-white\">\r\n    <article class=\"article d-flex df-fdc\">\r\n      <div class=\"lgbs-card-container\">\r\n              <div class=\"lgbs-card\">\r\n          <div class=\"row d-flex df-fdc\">\r\n          <img decoding=\"async\" src=\"https:\/\/www.lgbs.com\/wp-content\/uploads\/2023\/10\/services-page-icon-cloud.png\" alt=\"\" \/><h3 class=\"heading h3\">Client View<\/h3><p>Busca el estado de una cuenta o de un titular de cuenta.<\/p>\n<a class=\"learn-more\" href=\"https:\/\/clients.lgbs.com\/ecs\/login\" target=\"\">Client View Login<\/a><a class=\"overlay-url\" href=\"https:\/\/clients.lgbs.com\/ecs\/login\" target=\"\"><\/a>        <\/div>\r\n      <\/div>\r\n              <div class=\"lgbs-card\">\r\n          <div class=\"row d-flex df-fdc\">\r\n          <img decoding=\"async\" src=\"https:\/\/www.lgbs.com\/wp-content\/uploads\/2023\/10\/services-page-icon-graph.png\" alt=\"\" \/><h3 class=\"heading h3\">Linebarger Dashboard<\/h3><p>Elabora informes personalizados y visualiza los datos agregados de nuestras actividades de recogida.<\/p>\n<a class=\"learn-more\" href=\"https:\/\/provanaone.provana.com\/\" target=\"_blank\">Linebarger Dashboard Login<\/a><a class=\"overlay-url\" href=\"https:\/\/provanaone.provana.com\/\" target=\"_blank\"><\/a>        <\/div>\r\n      <\/div>\r\n          <\/article>\r\n  <\/section>\r\n<\/div>","protected":false},"excerpt":{"rendered":"<p>Recursos para Clientes Linebarger ofrece a nuestros clientes herramientas de informaci\u00f3n en tiempo real para la gesti\u00f3n de cuentas. Estas herramientas flexibles est\u00e1n disponibles en cualquier momento con un inicio de sesi\u00f3n seguro.<\/p>\n","protected":false},"author":4,"featured_media":0,"parent":0,"menu_order":0,"comment_status":"closed","ping_status":"closed","template":"page-plain.php","meta":{"_acf_changed":true,"footnotes":""},"class_list":["post-2023","page","type-page","status-publish","hentry"],"acf":[],"yoast_head":"<!-- This site is optimized with the Yoast SEO plugin v27.4 - https:\/\/yoast.com\/product\/yoast-seo-wordpress\/ -->\n<title>RECURSOS PARA CLIENTS |<\/title>\n<meta name=\"description\" content=\"Linebarger offers multiple options to contact customer support. Chat with a representative.\" \/>\n<meta name=\"robots\" content=\"index, follow, max-snippet:-1, max-image-preview:large, max-video-preview:-1\" \/>\n<link rel=\"canonical\" href=\"https:\/\/www.lgbs.com\/es\/recursos-para-clientes\/\" \/>\n<meta property=\"og:locale\" content=\"es_ES\" \/>\n<meta property=\"og:type\" content=\"article\" \/>\n<meta property=\"og:title\" content=\"RECURSOS PARA CLIENTS |\" \/>\n<meta property=\"og:description\" content=\"Linebarger offers multiple options to contact customer support. Chat with a representative.\" \/>\n<meta property=\"og:url\" content=\"https:\/\/www.lgbs.com\/es\/recursos-para-clientes\/\" \/>\n<meta property=\"og:site_name\" content=\"Linebarger Goggan Blair &amp; Sampson, LLP\" \/>\n<meta property=\"article:modified_time\" content=\"2024-05-03T23:00:10+00:00\" \/>\n<meta property=\"og:image\" content=\"https:\/\/www.lgbs.com\/wp-content\/uploads\/2024\/05\/kgbs-social-logo.png\" \/>\n\t<meta property=\"og:image:width\" content=\"1200\" \/>\n\t<meta property=\"og:image:height\" content=\"675\" \/>\n\t<meta property=\"og:image:type\" content=\"image\/png\" \/>\n<meta name=\"twitter:card\" content=\"summary_large_image\" \/>\n<meta name=\"twitter:label1\" content=\"Tiempo de lectura\" \/>\n\t<meta name=\"twitter:data1\" content=\"1 minuto\" \/>\n<script type=\"application\/ld+json\" class=\"yoast-schema-graph\">{\"@context\":\"https:\\\/\\\/schema.org\",\"@graph\":[{\"@type\":\"WebPage\",\"@id\":\"https:\\\/\\\/www.lgbs.com\\\/es\\\/recursos-para-clientes\\\/\",\"url\":\"https:\\\/\\\/www.lgbs.com\\\/es\\\/recursos-para-clientes\\\/\",\"name\":\"RECURSOS PARA CLIENTS |\",\"isPartOf\":{\"@id\":\"https:\\\/\\\/www.lgbs.com\\\/es\\\/#website\"},\"datePublished\":\"2024-04-25T21:01:16+00:00\",\"dateModified\":\"2024-05-03T23:00:10+00:00\",\"description\":\"Linebarger offers multiple options to contact customer support. Chat with a representative.\",\"breadcrumb\":{\"@id\":\"https:\\\/\\\/www.lgbs.com\\\/es\\\/recursos-para-clientes\\\/#breadcrumb\"},\"inLanguage\":\"es\",\"potentialAction\":[{\"@type\":\"ReadAction\",\"target\":[\"https:\\\/\\\/www.lgbs.com\\\/es\\\/recursos-para-clientes\\\/\"]}]},{\"@type\":\"BreadcrumbList\",\"@id\":\"https:\\\/\\\/www.lgbs.com\\\/es\\\/recursos-para-clientes\\\/#breadcrumb\",\"itemListElement\":[{\"@type\":\"ListItem\",\"position\":1,\"name\":\"Home\",\"item\":\"https:\\\/\\\/www.lgbs.com\\\/es\\\/\"},{\"@type\":\"ListItem\",\"position\":2,\"name\":\"RECURSOS PARA CLIENTS\"}]},{\"@type\":\"WebSite\",\"@id\":\"https:\\\/\\\/www.lgbs.com\\\/es\\\/#website\",\"url\":\"https:\\\/\\\/www.lgbs.com\\\/es\\\/\",\"name\":\"Linebarger\",\"description\":\"National Leader in Collections Law\",\"publisher\":{\"@id\":\"https:\\\/\\\/www.lgbs.com\\\/es\\\/#organization\"},\"alternateName\":\"LGBS\",\"potentialAction\":[{\"@type\":\"SearchAction\",\"target\":{\"@type\":\"EntryPoint\",\"urlTemplate\":\"https:\\\/\\\/www.lgbs.com\\\/es\\\/?s={search_term_string}\"},\"query-input\":{\"@type\":\"PropertyValueSpecification\",\"valueRequired\":true,\"valueName\":\"search_term_string\"}}],\"inLanguage\":\"es\"},{\"@type\":\"Organization\",\"@id\":\"https:\\\/\\\/www.lgbs.com\\\/es\\\/#organization\",\"name\":\"Linebarger Goggan Blair & Sampson, LLP\",\"alternateName\":\"LGBS\",\"url\":\"https:\\\/\\\/www.lgbs.com\\\/es\\\/\",\"logo\":{\"@type\":\"ImageObject\",\"inLanguage\":\"es\",\"@id\":\"https:\\\/\\\/www.lgbs.com\\\/es\\\/#\\\/schema\\\/logo\\\/image\\\/\",\"url\":\"https:\\\/\\\/www.lgbs.com\\\/wp-content\\\/uploads\\\/2025\\\/01\\\/L-for-avatar.webp\",\"contentUrl\":\"https:\\\/\\\/www.lgbs.com\\\/wp-content\\\/uploads\\\/2025\\\/01\\\/L-for-avatar.webp\",\"width\":453,\"height\":447,\"caption\":\"Linebarger Goggan Blair & Sampson, LLP\"},\"image\":{\"@id\":\"https:\\\/\\\/www.lgbs.com\\\/es\\\/#\\\/schema\\\/logo\\\/image\\\/\"},\"sameAs\":[\"https:\\\/\\\/www.linkedin.com\\\/company\\\/linebargerlaw\"]}]}<\/script>\n<!-- \/ Yoast SEO plugin. -->","yoast_head_json":{"title":"RECURSOS PARA CLIENTS |","description":"Linebarger offers multiple options to contact customer support. Chat with a representative.","robots":{"index":"index","follow":"follow","max-snippet":"max-snippet:-1","max-image-preview":"max-image-preview:large","max-video-preview":"max-video-preview:-1"},"canonical":"https:\/\/www.lgbs.com\/es\/recursos-para-clientes\/","og_locale":"es_ES","og_type":"article","og_title":"RECURSOS PARA CLIENTS |","og_description":"Linebarger offers multiple options to contact customer support. Chat with a representative.","og_url":"https:\/\/www.lgbs.com\/es\/recursos-para-clientes\/","og_site_name":"Linebarger Goggan Blair &amp; Sampson, LLP","article_modified_time":"2024-05-03T23:00:10+00:00","og_image":[{"width":1200,"height":675,"url":"https:\/\/www.lgbs.com\/wp-content\/uploads\/2024\/05\/kgbs-social-logo.png","type":"image\/png"}],"twitter_card":"summary_large_image","twitter_misc":{"Tiempo de lectura":"1 minuto"},"schema":{"@context":"https:\/\/schema.org","@graph":[{"@type":"WebPage","@id":"https:\/\/www.lgbs.com\/es\/recursos-para-clientes\/","url":"https:\/\/www.lgbs.com\/es\/recursos-para-clientes\/","name":"RECURSOS PARA CLIENTS |","isPartOf":{"@id":"https:\/\/www.lgbs.com\/es\/#website"},"datePublished":"2024-04-25T21:01:16+00:00","dateModified":"2024-05-03T23:00:10+00:00","description":"Linebarger offers multiple options to contact customer support. Chat with a representative.","breadcrumb":{"@id":"https:\/\/www.lgbs.com\/es\/recursos-para-clientes\/#breadcrumb"},"inLanguage":"es","potentialAction":[{"@type":"ReadAction","target":["https:\/\/www.lgbs.com\/es\/recursos-para-clientes\/"]}]},{"@type":"BreadcrumbList","@id":"https:\/\/www.lgbs.com\/es\/recursos-para-clientes\/#breadcrumb","itemListElement":[{"@type":"ListItem","position":1,"name":"Home","item":"https:\/\/www.lgbs.com\/es\/"},{"@type":"ListItem","position":2,"name":"RECURSOS PARA CLIENTS"}]},{"@type":"WebSite","@id":"https:\/\/www.lgbs.com\/es\/#website","url":"https:\/\/www.lgbs.com\/es\/","name":"Linebarger","description":"National Leader in Collections Law","publisher":{"@id":"https:\/\/www.lgbs.com\/es\/#organization"},"alternateName":"LGBS","potentialAction":[{"@type":"SearchAction","target":{"@type":"EntryPoint","urlTemplate":"https:\/\/www.lgbs.com\/es\/?s={search_term_string}"},"query-input":{"@type":"PropertyValueSpecification","valueRequired":true,"valueName":"search_term_string"}}],"inLanguage":"es"},{"@type":"Organization","@id":"https:\/\/www.lgbs.com\/es\/#organization","name":"Linebarger Goggan Blair & Sampson, LLP","alternateName":"LGBS","url":"https:\/\/www.lgbs.com\/es\/","logo":{"@type":"ImageObject","inLanguage":"es","@id":"https:\/\/www.lgbs.com\/es\/#\/schema\/logo\/image\/","url":"https:\/\/www.lgbs.com\/wp-content\/uploads\/2025\/01\/L-for-avatar.webp","contentUrl":"https:\/\/www.lgbs.com\/wp-content\/uploads\/2025\/01\/L-for-avatar.webp","width":453,"height":447,"caption":"Linebarger Goggan Blair & Sampson, LLP"},"image":{"@id":"https:\/\/www.lgbs.com\/es\/#\/schema\/logo\/image\/"},"sameAs":["https:\/\/www.linkedin.com\/company\/linebargerlaw"]}]}},"_links":{"self":[{"href":"https:\/\/www.lgbs.com\/es\/wp-json\/wp\/v2\/pages\/2023","targetHints":{"allow":["GET"]}}],"collection":[{"href":"https:\/\/www.lgbs.com\/es\/wp-json\/wp\/v2\/pages"}],"about":[{"href":"https:\/\/www.lgbs.com\/es\/wp-json\/wp\/v2\/types\/page"}],"author":[{"embeddable":true,"href":"https:\/\/www.lgbs.com\/es\/wp-json\/wp\/v2\/users\/4"}],"replies":[{"embeddable":true,"href":"https:\/\/www.lgbs.com\/es\/wp-json\/wp\/v2\/comments?post=2023"}],"version-history":[{"count":0,"href":"https:\/\/www.lgbs.com\/es\/wp-json\/wp\/v2\/pages\/2023\/revisions"}],"wp:attachment":[{"href":"https:\/\/www.lgbs.com\/es\/wp-json\/wp\/v2\/media?parent=2023"}],"curies":[{"name":"wp","href":"https:\/\/api.w.org\/{rel}","templated":true}]}}