{"id":2107,"date":"2024-05-03T17:44:53","date_gmt":"2024-05-03T22:44:53","guid":{"rendered":"https:\/\/www.lgbs.com\/?page_id=2107"},"modified":"2024-05-08T15:27:56","modified_gmt":"2024-05-08T20:27:56","slug":"divulgaciones","status":"publish","type":"page","link":"https:\/\/www.lgbs.com\/es\/divulgaciones\/","title":{"rendered":"DIVULGACIONES"},"content":{"rendered":"\n<div style=\"height:32px\" aria-hidden=\"true\" class=\"wp-block-spacer\"><\/div>\n\n\n\n<h1 class=\"wp-block-heading has-text-align-center\">Divulgaciones al Consumidor<\/h1>\n\n\n\n<div style=\"height:32px\" aria-hidden=\"true\" class=\"wp-block-spacer\"><\/div>\n\n\n\n<p><strong>PARA LOS CONSUMIDORES: SI USTED ES UN CONSUMIDOR QUE TIENE UNA DEUDA CON UN CLIENTE DE LINEBAGER, SE LE PROPORCIONA LA SIGUIENTE INFORMACI\u00d3N IMPORTANTE:<\/strong><\/p>\n\n\n\n<div style=\"height:32px\" aria-hidden=\"true\" class=\"wp-block-spacer\"><\/div>\n\n\n\n<p>Si ha solicitado protecci\u00f3n por quiebra o si cree que su deuda ha sido cancelada anteriormente, notif\u00edquenos por escrito y proporcione su n\u00famero de caso y el tribunal en el que su caso est\u00e1 pendiente. Si tiene derecho a las protecciones del C\u00f3digo de Quiebras de los Estados Unidos, las siguientes divulgaciones tienen fines informativos y de verificaci\u00f3n \u00fanicamente, y este sitio web y su contenido no constituyen una exigencia de pago ni un intento de cobrar, evaluar o recuperar un reclamo en su contra.<\/p>\n\n\n\n<div style=\"height:32px\" aria-hidden=\"true\" class=\"wp-block-spacer\"><\/div>\n\n\n\n<p>Varias leyes municipales, estatales y federales nos exigen notificar a los consumidores sobre los siguientes derechos. Esta lista no incluye una lista completa de los derechos que los consumidores pueden tener seg\u00fan las leyes municipales, estatales y federales:<\/p>\n\n\n\n<div style=\"height:32px\" aria-hidden=\"true\" class=\"wp-block-spacer\"><\/div>\n\n\n\n<p>Esta comunicaci\u00f3n es de un cobrador de deudas. Este es un intento de cobrar una deuda. Cualquier informaci\u00f3n obtenida podr\u00e1 utilizarse para ese fin.<\/p>\n\n\n\n<div style=\"height:32px\" aria-hidden=\"true\" class=\"wp-block-spacer\"><\/div>\n\n\n\n<p><strong>PARA RESIDENTES DE CALIFORNIA:<\/strong><\/p>\n\n\n\n<div style=\"height:10px\" aria-hidden=\"true\" class=\"wp-block-spacer\"><\/div>\n\n\n\n<p>N\u00famero de licencia de California: 10449-99<\/p>\n\n\n\n<div style=\"height:32px\" aria-hidden=\"true\" class=\"wp-block-spacer\"><\/div>\n\n\n\n<p><strong>PARA RESIDENTES DE MARYLAND:<\/strong><\/p>\n\n\n\n<div style=\"height:10px\" aria-hidden=\"true\" class=\"wp-block-spacer\"><\/div>\n\n\n\n<p>Esta oficina est\u00e1 autorizada por la Oficina del Comisionado de Regulaci\u00f3n Financiera y la Junta de Licencias de Agencias de Cobro del Estado. Puede verificar la licencia a trav\u00e9s del siguiente sitio web: https:\/\/www.nmlsconsumeraccess.org\/<\/p>\n\n\n\n<p>Identificador \u00fanico del sistema de licencias multiestatales a nivel nacional (n\u00famero de licencia): 977053<\/p>\n\n\n\n<div style=\"height:32px\" aria-hidden=\"true\" class=\"wp-block-spacer\"><\/div>\n\n\n\n<p><strong>PARA RESIDENTES DE MASSACHUSETTS:<\/strong><\/p>\n\n\n\n<div style=\"height:10px\" aria-hidden=\"true\" class=\"wp-block-spacer\"><\/div>\n\n\n\n<p>AVISO DE DERECHOS IMPORTANTES. Tiene derecho a solicitar por escrito u oralmente que no se le hagan llamadas telef\u00f3nicas relacionadas con su deuda en su lugar de trabajo. Cualquier solicitud oral de este tipo ser\u00e1 v\u00e1lida solo por diez (10) d\u00edas a menos que proporcione una confirmaci\u00f3n por escrito de la solicitud con matasellos o entregada dentro de los siete (7) d\u00edas posteriores a dicha solicitud. Puede cancelar esta solicitud escribiendo al cobrador de deudas.<\/p>\n\n\n\n<div style=\"height:32px\" aria-hidden=\"true\" class=\"wp-block-spacer\"><\/div>\n\n\n\n<p><strong>PARA RESIDENTES DE LA CIUDAD DE NUEVA YORK:<\/strong><\/p>\n\n\n\n<div style=\"height:10px\" aria-hidden=\"true\" class=\"wp-block-spacer\"><\/div>\n\n\n\n<p>Esta oficina tiene licencia del Departamento de Asuntos del Consumidor de la Ciudad de Nueva York, n\u00fameros de licencia:<br>2045897-DCA, 2101123-DCA, 2101126-DCA, 2102742-DCA, 2101264-DCA, 2101265-DCA, 2101266-DCA, 2101267-DCA, 2101269-DCA, 2101270-DCA 21 01274-DCA, 2101089-DCA, 2101272- DCA<\/p>\n\n\n\n<div style=\"height:32px\" aria-hidden=\"true\" class=\"wp-block-spacer\"><\/div>\n\n\n\n<p><strong>PARA RESIDENTES DE TENNESSEE:<\/strong><\/p>\n\n\n\n<div style=\"height:10px\" aria-hidden=\"true\" class=\"wp-block-spacer\"><\/div>\n\n\n\n<p>Esta agencia de cobranza tiene licencia de la Junta de Servicios de Cobranza, Departamento de Comercio y Seguros.<\/p>\n\n\n\n<div style=\"height:32px\" aria-hidden=\"true\" class=\"wp-block-spacer\"><\/div>\n\n\n<div>\r\n  <section class=\"section bg-white\">\r\n    <article class=\"article d-flex df-fdc\">\r\n      <div class=\"lgbs-card-container\">\r\n          <\/article>\r\n  <\/section>\r\n<\/div>","protected":false},"excerpt":{"rendered":"<p>Divulgaciones al Consumidor PARA LOS CONSUMIDORES: SI USTED ES UN CONSUMIDOR QUE TIENE UNA DEUDA CON UN CLIENTE DE LINEBAGER, SE LE PROPORCIONA LA SIGUIENTE INFORMACI\u00d3N IMPORTANTE: Si ha solicitado protecci\u00f3n por quiebra o si cree que su deuda ha sido cancelada anteriormente, notif\u00edquenos por escrito y proporcione su n\u00famero de caso y el tribunal [&hellip;]<\/p>\n","protected":false},"author":4,"featured_media":0,"parent":0,"menu_order":0,"comment_status":"closed","ping_status":"closed","template":"","meta":{"_acf_changed":false,"footnotes":""},"class_list":["post-2107","page","type-page","status-publish","hentry"],"acf":[],"yoast_head":"<!-- This site is optimized with the Yoast SEO plugin v27.5 - https:\/\/yoast.com\/product\/yoast-seo-wordpress\/ -->\n<title>DIVULGACIONES |<\/title>\n<meta name=\"description\" content=\"Linebarger offers multiple options to contact customer support. Chat with a representative.\" \/>\n<meta name=\"robots\" content=\"index, follow, max-snippet:-1, max-image-preview:large, max-video-preview:-1\" \/>\n<link rel=\"canonical\" href=\"https:\/\/www.lgbs.com\/es\/divulgaciones\/\" \/>\n<meta property=\"og:locale\" content=\"es_ES\" \/>\n<meta property=\"og:type\" content=\"article\" \/>\n<meta property=\"og:title\" content=\"DIVULGACIONES |\" \/>\n<meta property=\"og:description\" content=\"Linebarger offers multiple options to contact customer support. Chat with a representative.\" \/>\n<meta property=\"og:url\" content=\"https:\/\/www.lgbs.com\/es\/divulgaciones\/\" \/>\n<meta property=\"og:site_name\" content=\"Linebarger Goggan Blair &amp; Sampson, LLP\" \/>\n<meta property=\"article:modified_time\" content=\"2024-05-08T20:27:56+00:00\" \/>\n<meta property=\"og:image\" content=\"https:\/\/www.lgbs.com\/wp-content\/uploads\/2024\/05\/kgbs-social-logo.png\" \/>\n\t<meta property=\"og:image:width\" content=\"1200\" \/>\n\t<meta property=\"og:image:height\" content=\"675\" \/>\n\t<meta property=\"og:image:type\" content=\"image\/png\" \/>\n<meta name=\"twitter:card\" content=\"summary_large_image\" \/>\n<meta name=\"twitter:label1\" content=\"Tiempo de lectura\" \/>\n\t<meta name=\"twitter:data1\" content=\"2 minutos\" \/>\n<script type=\"application\/ld+json\" class=\"yoast-schema-graph\">{\"@context\":\"https:\\\/\\\/schema.org\",\"@graph\":[{\"@type\":\"WebPage\",\"@id\":\"https:\\\/\\\/www.lgbs.com\\\/es\\\/divulgaciones\\\/\",\"url\":\"https:\\\/\\\/www.lgbs.com\\\/es\\\/divulgaciones\\\/\",\"name\":\"DIVULGACIONES |\",\"isPartOf\":{\"@id\":\"https:\\\/\\\/www.lgbs.com\\\/es\\\/#website\"},\"datePublished\":\"2024-05-03T22:44:53+00:00\",\"dateModified\":\"2024-05-08T20:27:56+00:00\",\"description\":\"Linebarger offers multiple options to contact customer support. Chat with a representative.\",\"breadcrumb\":{\"@id\":\"https:\\\/\\\/www.lgbs.com\\\/es\\\/divulgaciones\\\/#breadcrumb\"},\"inLanguage\":\"es\",\"potentialAction\":[{\"@type\":\"ReadAction\",\"target\":[\"https:\\\/\\\/www.lgbs.com\\\/es\\\/divulgaciones\\\/\"]}]},{\"@type\":\"BreadcrumbList\",\"@id\":\"https:\\\/\\\/www.lgbs.com\\\/es\\\/divulgaciones\\\/#breadcrumb\",\"itemListElement\":[{\"@type\":\"ListItem\",\"position\":1,\"name\":\"Home\",\"item\":\"https:\\\/\\\/www.lgbs.com\\\/es\\\/\"},{\"@type\":\"ListItem\",\"position\":2,\"name\":\"DIVULGACIONES\"}]},{\"@type\":\"WebSite\",\"@id\":\"https:\\\/\\\/www.lgbs.com\\\/es\\\/#website\",\"url\":\"https:\\\/\\\/www.lgbs.com\\\/es\\\/\",\"name\":\"Linebarger\",\"description\":\"National Leader in Collections Law\",\"publisher\":{\"@id\":\"https:\\\/\\\/www.lgbs.com\\\/es\\\/#organization\"},\"alternateName\":\"LGBS\",\"potentialAction\":[{\"@type\":\"SearchAction\",\"target\":{\"@type\":\"EntryPoint\",\"urlTemplate\":\"https:\\\/\\\/www.lgbs.com\\\/es\\\/?s={search_term_string}\"},\"query-input\":{\"@type\":\"PropertyValueSpecification\",\"valueRequired\":true,\"valueName\":\"search_term_string\"}}],\"inLanguage\":\"es\"},{\"@type\":\"Organization\",\"@id\":\"https:\\\/\\\/www.lgbs.com\\\/es\\\/#organization\",\"name\":\"Linebarger Goggan Blair & Sampson, LLP\",\"alternateName\":\"LGBS\",\"url\":\"https:\\\/\\\/www.lgbs.com\\\/es\\\/\",\"logo\":{\"@type\":\"ImageObject\",\"inLanguage\":\"es\",\"@id\":\"https:\\\/\\\/www.lgbs.com\\\/es\\\/#\\\/schema\\\/logo\\\/image\\\/\",\"url\":\"https:\\\/\\\/www.lgbs.com\\\/wp-content\\\/uploads\\\/2025\\\/01\\\/L-for-avatar.webp\",\"contentUrl\":\"https:\\\/\\\/www.lgbs.com\\\/wp-content\\\/uploads\\\/2025\\\/01\\\/L-for-avatar.webp\",\"width\":453,\"height\":447,\"caption\":\"Linebarger Goggan Blair & Sampson, LLP\"},\"image\":{\"@id\":\"https:\\\/\\\/www.lgbs.com\\\/es\\\/#\\\/schema\\\/logo\\\/image\\\/\"},\"sameAs\":[\"https:\\\/\\\/www.linkedin.com\\\/company\\\/linebargerlaw\"]}]}<\/script>\n<!-- \/ Yoast SEO plugin. -->","yoast_head_json":{"title":"DIVULGACIONES |","description":"Linebarger offers multiple options to contact customer support. Chat with a representative.","robots":{"index":"index","follow":"follow","max-snippet":"max-snippet:-1","max-image-preview":"max-image-preview:large","max-video-preview":"max-video-preview:-1"},"canonical":"https:\/\/www.lgbs.com\/es\/divulgaciones\/","og_locale":"es_ES","og_type":"article","og_title":"DIVULGACIONES |","og_description":"Linebarger offers multiple options to contact customer support. Chat with a representative.","og_url":"https:\/\/www.lgbs.com\/es\/divulgaciones\/","og_site_name":"Linebarger Goggan Blair &amp; Sampson, LLP","article_modified_time":"2024-05-08T20:27:56+00:00","og_image":[{"width":1200,"height":675,"url":"https:\/\/www.lgbs.com\/wp-content\/uploads\/2024\/05\/kgbs-social-logo.png","type":"image\/png"}],"twitter_card":"summary_large_image","twitter_misc":{"Tiempo de lectura":"2 minutos"},"schema":{"@context":"https:\/\/schema.org","@graph":[{"@type":"WebPage","@id":"https:\/\/www.lgbs.com\/es\/divulgaciones\/","url":"https:\/\/www.lgbs.com\/es\/divulgaciones\/","name":"DIVULGACIONES |","isPartOf":{"@id":"https:\/\/www.lgbs.com\/es\/#website"},"datePublished":"2024-05-03T22:44:53+00:00","dateModified":"2024-05-08T20:27:56+00:00","description":"Linebarger offers multiple options to contact customer support. Chat with a representative.","breadcrumb":{"@id":"https:\/\/www.lgbs.com\/es\/divulgaciones\/#breadcrumb"},"inLanguage":"es","potentialAction":[{"@type":"ReadAction","target":["https:\/\/www.lgbs.com\/es\/divulgaciones\/"]}]},{"@type":"BreadcrumbList","@id":"https:\/\/www.lgbs.com\/es\/divulgaciones\/#breadcrumb","itemListElement":[{"@type":"ListItem","position":1,"name":"Home","item":"https:\/\/www.lgbs.com\/es\/"},{"@type":"ListItem","position":2,"name":"DIVULGACIONES"}]},{"@type":"WebSite","@id":"https:\/\/www.lgbs.com\/es\/#website","url":"https:\/\/www.lgbs.com\/es\/","name":"Linebarger","description":"National Leader in Collections Law","publisher":{"@id":"https:\/\/www.lgbs.com\/es\/#organization"},"alternateName":"LGBS","potentialAction":[{"@type":"SearchAction","target":{"@type":"EntryPoint","urlTemplate":"https:\/\/www.lgbs.com\/es\/?s={search_term_string}"},"query-input":{"@type":"PropertyValueSpecification","valueRequired":true,"valueName":"search_term_string"}}],"inLanguage":"es"},{"@type":"Organization","@id":"https:\/\/www.lgbs.com\/es\/#organization","name":"Linebarger Goggan Blair & Sampson, LLP","alternateName":"LGBS","url":"https:\/\/www.lgbs.com\/es\/","logo":{"@type":"ImageObject","inLanguage":"es","@id":"https:\/\/www.lgbs.com\/es\/#\/schema\/logo\/image\/","url":"https:\/\/www.lgbs.com\/wp-content\/uploads\/2025\/01\/L-for-avatar.webp","contentUrl":"https:\/\/www.lgbs.com\/wp-content\/uploads\/2025\/01\/L-for-avatar.webp","width":453,"height":447,"caption":"Linebarger Goggan Blair & Sampson, LLP"},"image":{"@id":"https:\/\/www.lgbs.com\/es\/#\/schema\/logo\/image\/"},"sameAs":["https:\/\/www.linkedin.com\/company\/linebargerlaw"]}]}},"_links":{"self":[{"href":"https:\/\/www.lgbs.com\/es\/wp-json\/wp\/v2\/pages\/2107","targetHints":{"allow":["GET"]}}],"collection":[{"href":"https:\/\/www.lgbs.com\/es\/wp-json\/wp\/v2\/pages"}],"about":[{"href":"https:\/\/www.lgbs.com\/es\/wp-json\/wp\/v2\/types\/page"}],"author":[{"embeddable":true,"href":"https:\/\/www.lgbs.com\/es\/wp-json\/wp\/v2\/users\/4"}],"replies":[{"embeddable":true,"href":"https:\/\/www.lgbs.com\/es\/wp-json\/wp\/v2\/comments?post=2107"}],"version-history":[{"count":0,"href":"https:\/\/www.lgbs.com\/es\/wp-json\/wp\/v2\/pages\/2107\/revisions"}],"wp:attachment":[{"href":"https:\/\/www.lgbs.com\/es\/wp-json\/wp\/v2\/media?parent=2107"}],"curies":[{"name":"wp","href":"https:\/\/api.w.org\/{rel}","templated":true}]}}