{"id":2157,"date":"2024-05-08T12:15:05","date_gmt":"2024-05-08T17:15:05","guid":{"rendered":"https:\/\/www.lgbs.com\/?page_id=2157"},"modified":"2024-05-15T13:12:57","modified_gmt":"2024-05-15T18:12:57","slug":"property-tax","status":"publish","type":"page","link":"https:\/\/www.lgbs.com\/es\/property-tax\/","title":{"rendered":"Property Tax"},"content":{"rendered":"\n<div style=\"height:100px\" aria-hidden=\"true\" class=\"wp-block-spacer\"><\/div>\n\n\n\n<h1 class=\"wp-block-heading has-text-align-center font2\" style=\"font-size:65px\"><em><em>Gestione su cuenta del impuesto sobre bienes inmuebles<\/em><\/em><\/h1>\n\n\n\n<div style=\"height:32px\" aria-hidden=\"true\" class=\"wp-block-spacer\"><\/div>\n\n\n\n<p>La gesti\u00f3n de su cuenta de impuestos sobre bienes inmuebles debe realizarse a trav\u00e9s de la p\u00e1gina web de la entidad tributaria local. Seleccione una de las entidades tributarias de Texas de la siguiente lista.<\/p>\n\n\n\n<p>Si no puede encontrar su entidad tributaria local o necesita ayuda con un asunto de impuestos estatales, p\u00f3ngase en contacto con <a href=\"https:\/\/www.lgbs.com\/es\/oficinas\/\">su oficina local de Linebarger<\/a>.<\/p>\n\n\n\n<div style=\"height:32px\" aria-hidden=\"true\" class=\"wp-block-spacer\"><\/div>\n\n\n\n<div class=\"wp-block-columns is-layout-flex wp-container-core-columns-is-layout-9d6595d7 wp-block-columns-is-layout-flex\">\n<div class=\"wp-block-column is-layout-flow wp-block-column-is-layout-flow\" style=\"flex-basis:25%\"><\/div>\n\n\n\n<div class=\"wp-block-column is-layout-flow wp-block-column-is-layout-flow\" style=\"flex-basis:50%\">\n<div class=\"wp-block-group\"><div class=\"wp-block-group__inner-container is-layout-constrained wp-block-group-is-layout-constrained\">\n<h2 class=\"wp-block-heading\">Entidades Fiscales Locales<\/h2>\n\n\n\n<figure class=\"wp-block-table is-style-regular has-medium-font-size\"><table class=\"has-fixed-layout\"><tbody><tr><td><a href=\"https:\/\/actweb.acttax.com\/bee\" target=\"_blank\" rel=\"noreferrer noopener\">Condado de Bee<\/a><\/td><td><a href=\"https:\/\/actweb.acttax.com\/act_webdev\/jefferson\/index.jsp\" target=\"_blank\" rel=\"noreferrer noopener\">Condado de Jefferson<\/a><\/td><\/tr><tr><td><a href=\"https:\/\/bexar.acttax.com\/act_webdev\/bexar\/index.jsp\" target=\"_blank\" rel=\"noreferrer noopener\">Condado de Bexar<\/a><\/td><td><a href=\"https:\/\/actweb.acttax.com\/kaufman\" target=\"_blank\" rel=\"noreferrer noopener\">Condado de Kaufman<\/a><\/td><\/tr><tr><td><a href=\"https:\/\/actweb.acttax.com\/act_webdev\/brooks\/index.jsp\" target=\"_blank\" rel=\"noreferrer noopener\">Condado de Brooks<\/a><\/td><td><a href=\"https:\/\/actweb.acttax.com\/kleberg\/kleberg\/index.jsp\" target=\"_blank\" rel=\"noreferrer noopener\">Condado de Kleberg<\/a><\/td><\/tr><tr><td><a href=\"https:\/\/actweb.acttax.com\/act_webdev\/cyfair\/index.jsp\" target=\"_blank\" rel=\"noreferrer noopener\">Cypress Fairbanks ISD<\/a><\/td><td><a href=\"https:\/\/actweb.acttax.com\/act_webdev\/mclennan\/index.jsp\" target=\"_blank\" rel=\"noreferrer noopener\">Condado de McLennan<\/a><\/td><\/tr><tr><td><a href=\"http:\/\/www.dallasact.com\/act_webdev\/dallas\/index.jsp\" target=\"_blank\" rel=\"noreferrer noopener\">Condado de Dallas<\/a><\/td><td><a href=\"https:\/\/actweb.acttax.com\/mcmullen\" target=\"_blank\" rel=\"noreferrer noopener\">Condado do McMullen<\/a><\/td><\/tr><tr><td><a href=\"https:\/\/actweb.acttax.com\/act_webdev\/deerparkcity\/index.jsp\" target=\"_blank\" rel=\"noreferrer noopener\">Ciudad de Deer Park<\/a><\/td><td><a href=\"https:\/\/actweb.acttax.com\/act_webdev\/montgomery\/index.jsp\" target=\"_blank\" rel=\"noreferrer noopener\">Condado de Montgomery<\/a><\/td><\/tr><tr><td><a href=\"https:\/\/actweb.acttax.com\/act_webdev\/duval\/index.jsp\" target=\"_blank\" rel=\"noreferrer noopener\">Condado de Duval<\/a><\/td><td><a href=\"https:\/\/actweb.acttax.com\/act_webdev\/navarro\/index.jsp\" target=\"_blank\" rel=\"noreferrer noopener\">Condado de Navarro<\/a><\/td><\/tr><tr><td><a href=\"https:\/\/actweb.acttax.com\/act_webdev\/elpaso\/index.jsp\" target=\"_blank\" rel=\"noreferrer noopener\">Oficina Tributaria Consolidada de El Paso<\/a><\/td><td><a href=\"https:\/\/actweb.acttax.com\/act_webdev\/nueces\/index.jsp\" target=\"_blank\" rel=\"noreferrer noopener\">Condado de Nueces<\/a><\/td><\/tr><tr><td><a href=\"https:\/\/actweb.acttax.com\/act_webdev\/ellis\/index.jsp\" target=\"_blank\" rel=\"noreferrer noopener\">Condado de Ellis<\/a><\/td><td><a href=\"https:\/\/actweb.acttax.com\/act_webdev\/refugio\/index.jsp\" target=\"_blank\" rel=\"noreferrer noopener\">Condado de Refugio<\/a><\/td><\/tr><tr><td><a href=\"https:\/\/actweb.acttax.com\/act_webdev\/fbc\/index.jsp\" target=\"_blank\" rel=\"noreferrer noopener\">Condado de Fort Bend<\/a><\/td><td><a href=\"https:\/\/actweb.acttax.com\/act_webdev\/riogrande\/index.jsp\" target=\"_blank\" rel=\"noreferrer noopener\">Rio Grande City ISD<\/a><\/td><\/tr><tr><td><a href=\"https:\/\/actweb.acttax.com\/freer\" target=\"_blank\" rel=\"noreferrer noopener\">Freer ISD<\/a><\/td><td><a href=\"https:\/\/actweb.acttax.com\/act_webdev\/roma\/index.jsp\" target=\"_blank\" rel=\"noreferrer noopener\">Roma ISD<\/a><\/td><\/tr><tr><td><a href=\"https:\/\/actweb.acttax.com\/act_webdev\/galveston\/index.jsp\" target=\"_blank\" rel=\"noreferrer noopener\">Condado de Galveston<\/a><\/td><td><a href=\"https:\/\/actweb.acttax.com\/act_webdev\/sanpatricio\/index.jsp\" target=\"_blank\" rel=\"noreferrer noopener\">Condado de San Patricio<\/a><\/td><\/tr><tr><td><a href=\"https:\/\/actweb.acttax.com\/goliad\" target=\"_blank\" rel=\"noreferrer noopener\">Condado de Goliad<\/a><\/td><td><a href=\"https:\/\/actweb.acttax.com\/act_webdev\/texascity\/index.jsp\" target=\"_blank\" rel=\"noreferrer noopener\">Texas City ISD<\/a><\/td><\/tr><tr><td><a href=\"https:\/\/actweb.acttax.com\/act_webdev\/gregg\/index.jsp\" target=\"_blank\" rel=\"noreferrer noopener\">Condado de Gregg<\/a><\/td><td><a href=\"https:\/\/actweb.acttax.com\/act_webdev\/upshur\/index.jsp\" target=\"_blank\" rel=\"noreferrer noopener\">Condado de Upshur<\/a><\/td><\/tr><tr><td><a href=\"http:\/\/www.hctax.net\/Property\/PropertyTax\" target=\"_blank\" rel=\"noreferrer noopener\">Condado de Harris<\/a><\/td><td><a href=\"https:\/\/actweb.acttax.com\/valverde\" target=\"_blank\" rel=\"noreferrer noopener\">Condado de Val Verde<\/a><\/td><\/tr><tr><td><a href=\"https:\/\/actweb.acttax.com\/act_webdev\/hidalgo\/index.jsp\" target=\"_blank\" rel=\"noreferrer noopener\">Condado de Hidalgo<\/a><\/td><td><a href=\"https:\/\/actweb.acttax.com\/victoria\" target=\"_blank\" rel=\"noreferrer noopener\">Condado de Victoria<\/a><\/td><\/tr><tr><td><a href=\"https:\/\/actweb.acttax.com\/act_webdev\/irving\/index.jsp\" target=\"_blank\" rel=\"noreferrer noopener\">Condado de Irving<\/a><\/td><td><a href=\"https:\/\/actweb.acttax.com\/act_webdev\/webb\/index.jsp\" target=\"_blank\" rel=\"noreferrer noopener\">Webb CISD<\/a><\/td><\/tr><\/tbody><\/table><\/figure>\n<\/div><\/div>\n<\/div>\n\n\n\n<div class=\"wp-block-column is-layout-flow wp-block-column-is-layout-flow\" style=\"flex-basis:25%\"><\/div>\n<\/div>\n\n\n\n<div style=\"height:10px\" aria-hidden=\"true\" class=\"wp-block-spacer\"><\/div>\n\n\n\n<div style=\"height:40px\" aria-hidden=\"true\" class=\"wp-block-spacer\"><\/div>\n","protected":false},"excerpt":{"rendered":"<p>Gestione su cuenta del impuesto sobre bienes inmuebles La gesti\u00f3n de su cuenta de impuestos sobre bienes inmuebles debe realizarse a trav\u00e9s de la p\u00e1gina web de la entidad tributaria local. Seleccione una de las entidades tributarias de Texas de la siguiente lista. Si no puede encontrar su entidad tributaria local o necesita ayuda con [&hellip;]<\/p>\n","protected":false},"author":2,"featured_media":0,"parent":0,"menu_order":0,"comment_status":"closed","ping_status":"closed","template":"","meta":{"_acf_changed":false,"footnotes":""},"class_list":["post-2157","page","type-page","status-publish","hentry"],"acf":[],"yoast_head":"<!-- This site is optimized with the Yoast SEO plugin v27.4 - https:\/\/yoast.com\/product\/yoast-seo-wordpress\/ -->\n<title>Property Tax |<\/title>\n<meta name=\"robots\" content=\"index, follow, max-snippet:-1, max-image-preview:large, max-video-preview:-1\" \/>\n<link rel=\"canonical\" href=\"https:\/\/www.lgbs.com\/es\/property-tax\/\" \/>\n<meta property=\"og:locale\" content=\"es_ES\" \/>\n<meta property=\"og:type\" content=\"article\" \/>\n<meta property=\"og:title\" content=\"Property Tax |\" \/>\n<meta property=\"og:description\" content=\"Gestione su cuenta del impuesto sobre bienes inmuebles La gesti\u00f3n de su cuenta de impuestos sobre bienes inmuebles debe realizarse a trav\u00e9s de la p\u00e1gina web de la entidad tributaria local. Seleccione una de las entidades tributarias de Texas de la siguiente lista. Si no puede encontrar su entidad tributaria local o necesita ayuda con [&hellip;]\" \/>\n<meta property=\"og:url\" content=\"https:\/\/www.lgbs.com\/es\/property-tax\/\" \/>\n<meta property=\"og:site_name\" content=\"Linebarger Goggan Blair &amp; Sampson, LLP\" \/>\n<meta property=\"article:modified_time\" content=\"2024-05-15T18:12:57+00:00\" \/>\n<meta property=\"og:image\" content=\"https:\/\/www.lgbs.com\/wp-content\/uploads\/2024\/05\/kgbs-social-logo.png\" \/>\n\t<meta property=\"og:image:width\" content=\"1200\" \/>\n\t<meta property=\"og:image:height\" content=\"675\" \/>\n\t<meta property=\"og:image:type\" content=\"image\/png\" \/>\n<meta name=\"twitter:card\" content=\"summary_large_image\" \/>\n<meta name=\"twitter:label1\" content=\"Tiempo de lectura\" \/>\n\t<meta name=\"twitter:data1\" content=\"1 minuto\" \/>\n<script type=\"application\/ld+json\" class=\"yoast-schema-graph\">{\"@context\":\"https:\\\/\\\/schema.org\",\"@graph\":[{\"@type\":\"WebPage\",\"@id\":\"https:\\\/\\\/www.lgbs.com\\\/es\\\/property-tax\\\/\",\"url\":\"https:\\\/\\\/www.lgbs.com\\\/es\\\/property-tax\\\/\",\"name\":\"Property Tax |\",\"isPartOf\":{\"@id\":\"https:\\\/\\\/www.lgbs.com\\\/es\\\/#website\"},\"datePublished\":\"2024-05-08T17:15:05+00:00\",\"dateModified\":\"2024-05-15T18:12:57+00:00\",\"breadcrumb\":{\"@id\":\"https:\\\/\\\/www.lgbs.com\\\/es\\\/property-tax\\\/#breadcrumb\"},\"inLanguage\":\"es\",\"potentialAction\":[{\"@type\":\"ReadAction\",\"target\":[\"https:\\\/\\\/www.lgbs.com\\\/es\\\/property-tax\\\/\"]}]},{\"@type\":\"BreadcrumbList\",\"@id\":\"https:\\\/\\\/www.lgbs.com\\\/es\\\/property-tax\\\/#breadcrumb\",\"itemListElement\":[{\"@type\":\"ListItem\",\"position\":1,\"name\":\"Home\",\"item\":\"https:\\\/\\\/www.lgbs.com\\\/es\\\/\"},{\"@type\":\"ListItem\",\"position\":2,\"name\":\"Property Tax\"}]},{\"@type\":\"WebSite\",\"@id\":\"https:\\\/\\\/www.lgbs.com\\\/es\\\/#website\",\"url\":\"https:\\\/\\\/www.lgbs.com\\\/es\\\/\",\"name\":\"Linebarger\",\"description\":\"National Leader in Collections Law\",\"publisher\":{\"@id\":\"https:\\\/\\\/www.lgbs.com\\\/es\\\/#organization\"},\"alternateName\":\"LGBS\",\"potentialAction\":[{\"@type\":\"SearchAction\",\"target\":{\"@type\":\"EntryPoint\",\"urlTemplate\":\"https:\\\/\\\/www.lgbs.com\\\/es\\\/?s={search_term_string}\"},\"query-input\":{\"@type\":\"PropertyValueSpecification\",\"valueRequired\":true,\"valueName\":\"search_term_string\"}}],\"inLanguage\":\"es\"},{\"@type\":\"Organization\",\"@id\":\"https:\\\/\\\/www.lgbs.com\\\/es\\\/#organization\",\"name\":\"Linebarger Goggan Blair & Sampson, LLP\",\"alternateName\":\"LGBS\",\"url\":\"https:\\\/\\\/www.lgbs.com\\\/es\\\/\",\"logo\":{\"@type\":\"ImageObject\",\"inLanguage\":\"es\",\"@id\":\"https:\\\/\\\/www.lgbs.com\\\/es\\\/#\\\/schema\\\/logo\\\/image\\\/\",\"url\":\"https:\\\/\\\/www.lgbs.com\\\/wp-content\\\/uploads\\\/2025\\\/01\\\/L-for-avatar.webp\",\"contentUrl\":\"https:\\\/\\\/www.lgbs.com\\\/wp-content\\\/uploads\\\/2025\\\/01\\\/L-for-avatar.webp\",\"width\":453,\"height\":447,\"caption\":\"Linebarger Goggan Blair & Sampson, LLP\"},\"image\":{\"@id\":\"https:\\\/\\\/www.lgbs.com\\\/es\\\/#\\\/schema\\\/logo\\\/image\\\/\"},\"sameAs\":[\"https:\\\/\\\/www.linkedin.com\\\/company\\\/linebargerlaw\"]}]}<\/script>\n<!-- \/ Yoast SEO plugin. -->","yoast_head_json":{"title":"Property Tax |","robots":{"index":"index","follow":"follow","max-snippet":"max-snippet:-1","max-image-preview":"max-image-preview:large","max-video-preview":"max-video-preview:-1"},"canonical":"https:\/\/www.lgbs.com\/es\/property-tax\/","og_locale":"es_ES","og_type":"article","og_title":"Property Tax |","og_description":"Gestione su cuenta del impuesto sobre bienes inmuebles La gesti\u00f3n de su cuenta de impuestos sobre bienes inmuebles debe realizarse a trav\u00e9s de la p\u00e1gina web de la entidad tributaria local. Seleccione una de las entidades tributarias de Texas de la siguiente lista. Si no puede encontrar su entidad tributaria local o necesita ayuda con [&hellip;]","og_url":"https:\/\/www.lgbs.com\/es\/property-tax\/","og_site_name":"Linebarger Goggan Blair &amp; Sampson, LLP","article_modified_time":"2024-05-15T18:12:57+00:00","og_image":[{"width":1200,"height":675,"url":"https:\/\/www.lgbs.com\/wp-content\/uploads\/2024\/05\/kgbs-social-logo.png","type":"image\/png"}],"twitter_card":"summary_large_image","twitter_misc":{"Tiempo de lectura":"1 minuto"},"schema":{"@context":"https:\/\/schema.org","@graph":[{"@type":"WebPage","@id":"https:\/\/www.lgbs.com\/es\/property-tax\/","url":"https:\/\/www.lgbs.com\/es\/property-tax\/","name":"Property Tax |","isPartOf":{"@id":"https:\/\/www.lgbs.com\/es\/#website"},"datePublished":"2024-05-08T17:15:05+00:00","dateModified":"2024-05-15T18:12:57+00:00","breadcrumb":{"@id":"https:\/\/www.lgbs.com\/es\/property-tax\/#breadcrumb"},"inLanguage":"es","potentialAction":[{"@type":"ReadAction","target":["https:\/\/www.lgbs.com\/es\/property-tax\/"]}]},{"@type":"BreadcrumbList","@id":"https:\/\/www.lgbs.com\/es\/property-tax\/#breadcrumb","itemListElement":[{"@type":"ListItem","position":1,"name":"Home","item":"https:\/\/www.lgbs.com\/es\/"},{"@type":"ListItem","position":2,"name":"Property Tax"}]},{"@type":"WebSite","@id":"https:\/\/www.lgbs.com\/es\/#website","url":"https:\/\/www.lgbs.com\/es\/","name":"Linebarger","description":"National Leader in Collections Law","publisher":{"@id":"https:\/\/www.lgbs.com\/es\/#organization"},"alternateName":"LGBS","potentialAction":[{"@type":"SearchAction","target":{"@type":"EntryPoint","urlTemplate":"https:\/\/www.lgbs.com\/es\/?s={search_term_string}"},"query-input":{"@type":"PropertyValueSpecification","valueRequired":true,"valueName":"search_term_string"}}],"inLanguage":"es"},{"@type":"Organization","@id":"https:\/\/www.lgbs.com\/es\/#organization","name":"Linebarger Goggan Blair & Sampson, LLP","alternateName":"LGBS","url":"https:\/\/www.lgbs.com\/es\/","logo":{"@type":"ImageObject","inLanguage":"es","@id":"https:\/\/www.lgbs.com\/es\/#\/schema\/logo\/image\/","url":"https:\/\/www.lgbs.com\/wp-content\/uploads\/2025\/01\/L-for-avatar.webp","contentUrl":"https:\/\/www.lgbs.com\/wp-content\/uploads\/2025\/01\/L-for-avatar.webp","width":453,"height":447,"caption":"Linebarger Goggan Blair & Sampson, LLP"},"image":{"@id":"https:\/\/www.lgbs.com\/es\/#\/schema\/logo\/image\/"},"sameAs":["https:\/\/www.linkedin.com\/company\/linebargerlaw"]}]}},"_links":{"self":[{"href":"https:\/\/www.lgbs.com\/es\/wp-json\/wp\/v2\/pages\/2157","targetHints":{"allow":["GET"]}}],"collection":[{"href":"https:\/\/www.lgbs.com\/es\/wp-json\/wp\/v2\/pages"}],"about":[{"href":"https:\/\/www.lgbs.com\/es\/wp-json\/wp\/v2\/types\/page"}],"author":[{"embeddable":true,"href":"https:\/\/www.lgbs.com\/es\/wp-json\/wp\/v2\/users\/2"}],"replies":[{"embeddable":true,"href":"https:\/\/www.lgbs.com\/es\/wp-json\/wp\/v2\/comments?post=2157"}],"version-history":[{"count":0,"href":"https:\/\/www.lgbs.com\/es\/wp-json\/wp\/v2\/pages\/2157\/revisions"}],"wp:attachment":[{"href":"https:\/\/www.lgbs.com\/es\/wp-json\/wp\/v2\/media?parent=2157"}],"curies":[{"name":"wp","href":"https:\/\/api.w.org\/{rel}","templated":true}]}}