{"id":2747,"date":"2024-05-08T15:30:02","date_gmt":"2024-05-08T20:30:02","guid":{"rendered":"https:\/\/www.lgbs.com\/disclosures-2\/"},"modified":"2025-05-02T13:24:43","modified_gmt":"2025-05-02T18:24:43","slug":"divulgaciones-2","status":"publish","type":"page","link":"https:\/\/www.lgbs.com\/es\/divulgaciones-2\/","title":{"rendered":"Divulgaciones"},"content":{"rendered":"\n<h1 class=\"wp-block-heading has-text-align-center\"><strong>Divulgaciones al consumidor<\/strong><\/h1>\n\n\n\n<div style=\"height:32px\" aria-hidden=\"true\" class=\"wp-block-spacer\"><\/div>\n\n\n\n<p>Linebarger Goggan Blair &amp; Sampson, LLP (\u201cLGBS\u201d) proporciona las siguientes divulgaciones para cumplir con diversos requisitos legales. Esta lista no incluye un listado completo de los derechos que puedan tener los consumidores bajo las leyes municipales, estatales y federales.<\/p>\n\n\n\n<div style=\"height:100px\" aria-hidden=\"true\" class=\"wp-block-spacer\"><\/div>\n\n\n\n<p><strong><u>FOR ALL CONSUMERS<\/u>:<\/strong><\/p>\n\n\n\n<p>This firm is a debt collector. We are attempting to collect a debt and any information obtained will be used for that purpose.<\/p>\n\n\n\n<p>At this time, no attorney with this firm has personally reviewed the particular circumstances of your account. This communication is NOT a threat to file a law suit.<\/p>\n\n\n\n<p>If you are now a debtor in bankruptcy, or if you have been discharged from the debt(s) referenced in our communication through a bankruptcy proceeding, then this letter is for informational and verification purposes only, and is not a demand for payment nor an attempt to collect a claim. If you have filed bankruptcy, please notify us in writing and provide the bankruptcy case number along with the name of the court in which your bankruptcy case was filed. Please also include your LGBS account number. You<strong> <\/strong>can<strong> <\/strong>send<strong> <\/strong>this information to Linebarger Goggan Blair &amp; Sampson, LLP, 900 Anon Parkway, Suite 104, San Antonio, TX, 78216.<\/p>\n\n\n\n<p>If you provide a check as payment, you authorize us to either use information from your check to make a one-time electronic fund transfer from your account or to process the payment as a check.<\/p>\n\n\n\n<p>When you opt-in for text messages from LGBS, you are agreeing to receive text messages related to your relationship with LGBS, including updates related to your account.<\/p>\n\n\n\n<p>You can opt-out of text messages by texting STOP back to the number we texted you from. Your opt-out request will generate one final message confirming that you have been unsubscribed. You will no longer receive text messages from us. If you want to opt back in to receiving texts, contact our contact center or text HELP to the number we texted you from for instructions.<\/p>\n\n\n\n<p>Message and data rates may apply for any messages sent to you from us and to us from you. Message frequency may vary. Carriers are not liable for delayed or undelivered messages.<\/p>\n\n\n\n<div style=\"height:100px\" aria-hidden=\"true\" class=\"wp-block-spacer\"><\/div>\n\n\n\n<p><strong><u>PARA RESIDENTES DE CALIFORNIA<\/u>:<\/strong><\/p>\n\n\n\n<p>Podemos recopilar informaci\u00f3n personal como nombre, direcci\u00f3n, n\u00famero de tel\u00e9fono, empleo, n\u00famero de cuenta financiera, n\u00famero de seguro social, direcci\u00f3n de correo electr\u00f3nico o datos de propiedad de veh\u00edculo. La informaci\u00f3n se utiliza para establecer la identidad y ayudar a resolver la cuenta. Nuestra Pol\u00edtica de Privacidad est\u00e1 disponible en l\u00ednea en <a href=\"https:\/\/www.lgbs.com\/es\/politica-de-privacidad\/\">www.lgbs.com\/es\/politica-de-privacidad\/<\/a>.<\/p>\n\n\n\n<p>N\u00famero de licencia de California: 10449\u201199<\/p>\n\n\n\n<div style=\"height:100px\" aria-hidden=\"true\" class=\"wp-block-spacer\"><\/div>\n\n\n\n<p><strong><u>PARA RESIDENTES DE MASSACHUSETTS<\/u>:<\/strong><\/p>\n\n\n\n<p>AVISO DE DERECHOS IMPORTANTES. Usted tiene derecho a solicitar por escrito o de forma oral que las llamadas telef\u00f3nicas relacionadas con su deuda no se realicen en su lugar de empleo. Dicha solicitud oral ser\u00e1 v\u00e1lida \u00fanicamente por diez (10) d\u00edas, a menos que proporcione una confirmaci\u00f3n por escrito de la solicitud con matasellos o entrega dentro de los siete (7) d\u00edas siguientes a dicha petici\u00f3n. Puede dar por terminada esta solicitud escribiendo al cobrador de deudas.<\/p>\n\n\n\n<div style=\"height:100px\" aria-hidden=\"true\" class=\"wp-block-spacer\"><\/div>\n\n\n\n<p><strong><u>PARA RESIDENTES DE LA CIUDAD DE NUEVA YORK<\/u>:<\/strong><\/p>\n\n\n\n<p>Esta oficina est\u00e1 licenciada por el Departamento de Asuntos del Consumidor de la Ciudad de Nueva York, n\u00fameros de licencia: 2045897\u2011DCA, 2101089\u2011DCA, 2101123\u2011DCA, 2101126\u2011DCA, 2101264\u2011DCA, 2101265\u2011DCA, 2101266\u2011DCA, 2101267\u2011DCA, 2101269\u2011DCA, 2101270\u2011DCA, 2101272\u2011DCA, 2101274\u2011DCA, 2102742\u2011DCA<\/p>\n\n\n<div>\r\n  <section class=\"section bg-white\">\r\n    <article class=\"article d-flex df-fdc\">\r\n      <div class=\"lgbs-card-container\">\r\n          <\/article>\r\n  <\/section>\r\n<\/div>","protected":false},"excerpt":{"rendered":"<p>Divulgaciones al consumidor Linebarger Goggan Blair &amp; Sampson, LLP (\u201cLGBS\u201d) proporciona las siguientes divulgaciones para cumplir con diversos requisitos legales. Esta lista no incluye un listado completo de los derechos que puedan tener los consumidores bajo las leyes municipales, estatales y federales. FOR ALL CONSUMERS: This firm is a debt collector. We are attempting to [&hellip;]<\/p>\n","protected":false},"author":4,"featured_media":0,"parent":0,"menu_order":0,"comment_status":"closed","ping_status":"closed","template":"","meta":{"_acf_changed":false,"footnotes":""},"class_list":["post-2747","page","type-page","status-publish","hentry"],"acf":[],"yoast_head":"<!-- This site is optimized with the Yoast SEO plugin v27.4 - https:\/\/yoast.com\/product\/yoast-seo-wordpress\/ -->\n<title>Divulgaciones |<\/title>\n<meta name=\"description\" content=\"Linebarger offers multiple options to contact customer support. Chat with a representative.\" \/>\n<meta name=\"robots\" content=\"index, follow, max-snippet:-1, max-image-preview:large, max-video-preview:-1\" \/>\n<link rel=\"canonical\" href=\"https:\/\/www.lgbs.com\/es\/divulgaciones-2\/\" \/>\n<meta property=\"og:locale\" content=\"es_ES\" \/>\n<meta property=\"og:type\" content=\"article\" \/>\n<meta property=\"og:title\" content=\"Divulgaciones |\" \/>\n<meta property=\"og:description\" content=\"Linebarger offers multiple options to contact customer support. Chat with a representative.\" \/>\n<meta property=\"og:url\" content=\"https:\/\/www.lgbs.com\/es\/divulgaciones-2\/\" \/>\n<meta property=\"og:site_name\" content=\"Linebarger Goggan Blair &amp; Sampson, LLP\" \/>\n<meta property=\"article:modified_time\" content=\"2025-05-02T18:24:43+00:00\" \/>\n<meta property=\"og:image\" content=\"https:\/\/www.lgbs.com\/wp-content\/uploads\/2024\/05\/kgbs-social-logo.png\" \/>\n\t<meta property=\"og:image:width\" content=\"1200\" \/>\n\t<meta property=\"og:image:height\" content=\"675\" \/>\n\t<meta property=\"og:image:type\" content=\"image\/png\" \/>\n<meta name=\"twitter:card\" content=\"summary_large_image\" \/>\n<meta name=\"twitter:label1\" content=\"Tiempo de lectura\" \/>\n\t<meta name=\"twitter:data1\" content=\"3 minutos\" \/>\n<script type=\"application\/ld+json\" class=\"yoast-schema-graph\">{\"@context\":\"https:\\\/\\\/schema.org\",\"@graph\":[{\"@type\":\"WebPage\",\"@id\":\"https:\\\/\\\/www.lgbs.com\\\/es\\\/divulgaciones-2\\\/\",\"url\":\"https:\\\/\\\/www.lgbs.com\\\/es\\\/divulgaciones-2\\\/\",\"name\":\"Divulgaciones |\",\"isPartOf\":{\"@id\":\"https:\\\/\\\/www.lgbs.com\\\/es\\\/#website\"},\"datePublished\":\"2024-05-08T20:30:02+00:00\",\"dateModified\":\"2025-05-02T18:24:43+00:00\",\"description\":\"Linebarger offers multiple options to contact customer support. Chat with a representative.\",\"breadcrumb\":{\"@id\":\"https:\\\/\\\/www.lgbs.com\\\/es\\\/divulgaciones-2\\\/#breadcrumb\"},\"inLanguage\":\"es\",\"potentialAction\":[{\"@type\":\"ReadAction\",\"target\":[\"https:\\\/\\\/www.lgbs.com\\\/es\\\/divulgaciones-2\\\/\"]}]},{\"@type\":\"BreadcrumbList\",\"@id\":\"https:\\\/\\\/www.lgbs.com\\\/es\\\/divulgaciones-2\\\/#breadcrumb\",\"itemListElement\":[{\"@type\":\"ListItem\",\"position\":1,\"name\":\"Home\",\"item\":\"https:\\\/\\\/www.lgbs.com\\\/es\\\/\"},{\"@type\":\"ListItem\",\"position\":2,\"name\":\"Divulgaciones\"}]},{\"@type\":\"WebSite\",\"@id\":\"https:\\\/\\\/www.lgbs.com\\\/es\\\/#website\",\"url\":\"https:\\\/\\\/www.lgbs.com\\\/es\\\/\",\"name\":\"Linebarger\",\"description\":\"National Leader in Collections Law\",\"publisher\":{\"@id\":\"https:\\\/\\\/www.lgbs.com\\\/es\\\/#organization\"},\"alternateName\":\"LGBS\",\"potentialAction\":[{\"@type\":\"SearchAction\",\"target\":{\"@type\":\"EntryPoint\",\"urlTemplate\":\"https:\\\/\\\/www.lgbs.com\\\/es\\\/?s={search_term_string}\"},\"query-input\":{\"@type\":\"PropertyValueSpecification\",\"valueRequired\":true,\"valueName\":\"search_term_string\"}}],\"inLanguage\":\"es\"},{\"@type\":\"Organization\",\"@id\":\"https:\\\/\\\/www.lgbs.com\\\/es\\\/#organization\",\"name\":\"Linebarger Goggan Blair & Sampson, LLP\",\"alternateName\":\"LGBS\",\"url\":\"https:\\\/\\\/www.lgbs.com\\\/es\\\/\",\"logo\":{\"@type\":\"ImageObject\",\"inLanguage\":\"es\",\"@id\":\"https:\\\/\\\/www.lgbs.com\\\/es\\\/#\\\/schema\\\/logo\\\/image\\\/\",\"url\":\"https:\\\/\\\/www.lgbs.com\\\/wp-content\\\/uploads\\\/2025\\\/01\\\/L-for-avatar.webp\",\"contentUrl\":\"https:\\\/\\\/www.lgbs.com\\\/wp-content\\\/uploads\\\/2025\\\/01\\\/L-for-avatar.webp\",\"width\":453,\"height\":447,\"caption\":\"Linebarger Goggan Blair & Sampson, LLP\"},\"image\":{\"@id\":\"https:\\\/\\\/www.lgbs.com\\\/es\\\/#\\\/schema\\\/logo\\\/image\\\/\"},\"sameAs\":[\"https:\\\/\\\/www.linkedin.com\\\/company\\\/linebargerlaw\"]}]}<\/script>\n<!-- \/ Yoast SEO plugin. -->","yoast_head_json":{"title":"Divulgaciones |","description":"Linebarger offers multiple options to contact customer support. Chat with a representative.","robots":{"index":"index","follow":"follow","max-snippet":"max-snippet:-1","max-image-preview":"max-image-preview:large","max-video-preview":"max-video-preview:-1"},"canonical":"https:\/\/www.lgbs.com\/es\/divulgaciones-2\/","og_locale":"es_ES","og_type":"article","og_title":"Divulgaciones |","og_description":"Linebarger offers multiple options to contact customer support. Chat with a representative.","og_url":"https:\/\/www.lgbs.com\/es\/divulgaciones-2\/","og_site_name":"Linebarger Goggan Blair &amp; Sampson, LLP","article_modified_time":"2025-05-02T18:24:43+00:00","og_image":[{"width":1200,"height":675,"url":"https:\/\/www.lgbs.com\/wp-content\/uploads\/2024\/05\/kgbs-social-logo.png","type":"image\/png"}],"twitter_card":"summary_large_image","twitter_misc":{"Tiempo de lectura":"3 minutos"},"schema":{"@context":"https:\/\/schema.org","@graph":[{"@type":"WebPage","@id":"https:\/\/www.lgbs.com\/es\/divulgaciones-2\/","url":"https:\/\/www.lgbs.com\/es\/divulgaciones-2\/","name":"Divulgaciones |","isPartOf":{"@id":"https:\/\/www.lgbs.com\/es\/#website"},"datePublished":"2024-05-08T20:30:02+00:00","dateModified":"2025-05-02T18:24:43+00:00","description":"Linebarger offers multiple options to contact customer support. Chat with a representative.","breadcrumb":{"@id":"https:\/\/www.lgbs.com\/es\/divulgaciones-2\/#breadcrumb"},"inLanguage":"es","potentialAction":[{"@type":"ReadAction","target":["https:\/\/www.lgbs.com\/es\/divulgaciones-2\/"]}]},{"@type":"BreadcrumbList","@id":"https:\/\/www.lgbs.com\/es\/divulgaciones-2\/#breadcrumb","itemListElement":[{"@type":"ListItem","position":1,"name":"Home","item":"https:\/\/www.lgbs.com\/es\/"},{"@type":"ListItem","position":2,"name":"Divulgaciones"}]},{"@type":"WebSite","@id":"https:\/\/www.lgbs.com\/es\/#website","url":"https:\/\/www.lgbs.com\/es\/","name":"Linebarger","description":"National Leader in Collections Law","publisher":{"@id":"https:\/\/www.lgbs.com\/es\/#organization"},"alternateName":"LGBS","potentialAction":[{"@type":"SearchAction","target":{"@type":"EntryPoint","urlTemplate":"https:\/\/www.lgbs.com\/es\/?s={search_term_string}"},"query-input":{"@type":"PropertyValueSpecification","valueRequired":true,"valueName":"search_term_string"}}],"inLanguage":"es"},{"@type":"Organization","@id":"https:\/\/www.lgbs.com\/es\/#organization","name":"Linebarger Goggan Blair & Sampson, LLP","alternateName":"LGBS","url":"https:\/\/www.lgbs.com\/es\/","logo":{"@type":"ImageObject","inLanguage":"es","@id":"https:\/\/www.lgbs.com\/es\/#\/schema\/logo\/image\/","url":"https:\/\/www.lgbs.com\/wp-content\/uploads\/2025\/01\/L-for-avatar.webp","contentUrl":"https:\/\/www.lgbs.com\/wp-content\/uploads\/2025\/01\/L-for-avatar.webp","width":453,"height":447,"caption":"Linebarger Goggan Blair & Sampson, LLP"},"image":{"@id":"https:\/\/www.lgbs.com\/es\/#\/schema\/logo\/image\/"},"sameAs":["https:\/\/www.linkedin.com\/company\/linebargerlaw"]}]}},"_links":{"self":[{"href":"https:\/\/www.lgbs.com\/es\/wp-json\/wp\/v2\/pages\/2747","targetHints":{"allow":["GET"]}}],"collection":[{"href":"https:\/\/www.lgbs.com\/es\/wp-json\/wp\/v2\/pages"}],"about":[{"href":"https:\/\/www.lgbs.com\/es\/wp-json\/wp\/v2\/types\/page"}],"author":[{"embeddable":true,"href":"https:\/\/www.lgbs.com\/es\/wp-json\/wp\/v2\/users\/4"}],"replies":[{"embeddable":true,"href":"https:\/\/www.lgbs.com\/es\/wp-json\/wp\/v2\/comments?post=2747"}],"version-history":[{"count":0,"href":"https:\/\/www.lgbs.com\/es\/wp-json\/wp\/v2\/pages\/2747\/revisions"}],"wp:attachment":[{"href":"https:\/\/www.lgbs.com\/es\/wp-json\/wp\/v2\/media?parent=2747"}],"curies":[{"name":"wp","href":"https:\/\/api.w.org\/{rel}","templated":true}]}}