{"id":2753,"date":"2025-02-20T09:04:32","date_gmt":"2025-02-20T15:04:32","guid":{"rendered":"https:\/\/www.lgbs.com\/disclosures-tx2\/"},"modified":"2025-05-02T13:43:56","modified_gmt":"2025-05-02T18:43:56","slug":"divulgaciones-tx2","status":"publish","type":"page","link":"https:\/\/www.lgbs.com\/es\/divulgaciones-tx2\/","title":{"rendered":"Divulgaciones y Preguntas Frecuentes"},"content":{"rendered":"\n<div style=\"height:60px\" aria-hidden=\"true\" class=\"wp-block-spacer\"><\/div>\n\n\n\n<h1 class=\"wp-block-heading has-text-align-center\">Divulgaciones y Preguntas Frecuentes<\/h1>\n\n\n\n<div style=\"height:60px\" aria-hidden=\"true\" class=\"wp-block-spacer\"><\/div>\n\n\n\n<p><strong>Linebarger Goggan Blair &amp; Sampson, LLP (\u201cLGBS\u201d) proporciona las siguientes Divulgaciones y Preguntas Frecuentes para ayudarle a resolver su(s) caso(s).<\/strong><\/p>\n\n\n\n<div style=\"height:100px\" aria-hidden=\"true\" class=\"wp-block-spacer\"><\/div>\n\n\n\n<h2 class=\"wp-block-heading has-text-align-center\">Divulgaciones<\/h2>\n\n\n\n<p>Este asunto se refiere a una o m\u00e1s multas de estacionamiento vencidas emitidas por la Ciudad mencionada en el mensaje que recibi\u00f3. Nuestra firma representa a la Ciudad para la cobranza de estas cuentas.<\/p>\n\n\n\n<p>Si no puede pagar el monto total que la Ciudad considere aceptable, debe comunicarse con la Ciudad para conocer las alternativas al pago total disponibles para resolver su cuenta.<\/p>\n\n\n\n<p>Si actualmente es deudor en un procedimiento de bancarrota, o si la(s) deuda(s) mencionada(s) en nuestra comunicaci\u00f3n han sido exoneradas mediante un proceso de bancarrota, entonces nuestra comunicaci\u00f3n es \u00fanicamente para fines informativos y de verificaci\u00f3n, y no constituye una demanda de pago ni un intento de cobro de un reclamo. Si ha presentado bancarrota, notif\u00edquenos por escrito y proporcione el n\u00famero de caso de bancarrota junto con el nombre del tribunal en el que se present\u00f3 su caso. Tambi\u00e9n incluya su nombre y su n\u00famero de cuenta de LGBS. Puede enviar esta informaci\u00f3n a Linebarger Goggan Blair &amp; Sampson, LLP, 900 Arion Parkway, Suite 104, San Antonio, TX, 78216.<\/p>\n\n\n\n<p>Cuando se suscribe para recibir mensajes de texto de LGBS, usted acepta recibir mensajes relacionados con su relaci\u00f3n con LGBS, incluidas actualizaciones sobre su cuenta.<\/p>\n\n\n\n<p>Puede darse de baja de los mensajes de texto enviando STOP al n\u00famero desde el cual le enviamos el mensaje. Su solicitud de baja generar\u00e1 un mensaje final confirmando que ha sido dado de baja. Ya no recibir\u00e1 mensajes de texto de nuestra parte. Si desea volver a suscribirse para recibir mensajes, comun\u00edquese con nuestro centro de contacto o env\u00ede HELP al n\u00famero desde el cual le enviamos el mensaje para obtener instrucciones.<\/p>\n\n\n\n<p>Pueden aplicarse cargos por mensajes y datos tanto para los mensajes que le enviemos como para los que usted nos env\u00ede. La frecuencia de los mensajes puede variar. Los operadores no son responsables por mensajes retrasados o no entregados.<\/p>\n\n\n\n<div style=\"height:100px\" aria-hidden=\"true\" class=\"wp-block-spacer\"><\/div>\n\n\n\n<h2 class=\"wp-block-heading has-text-align-center\">Preguntas Frecuentes<\/h2>\n\n\n\n<p class=\"has-text-align-center\"><strong>Lo siguiente es solo para fines informativos; no es asesoramiento legal y no crea una relaci\u00f3n abogado-cliente.<\/strong><\/p>\n\n\n\n<p><strong>\u00bfPor qu\u00e9 he recibido un aviso por mensaje de texto de LGBS?<\/strong><\/p>\n\n\n\n<p>LGBS es un bufete de abogados que representa a entidades gubernamentales en la cobranza y resoluci\u00f3n de multas, tarifas y otros adeudos pendientes. Estos se relacionan principalmente con citaciones de tr\u00e1nsito no pagadas, multas de estacionamiento y peajes. Probablemente haya recibido un aviso de LGBS porque ha sido identificado como alguien que debe un adeudo pendiente a un cliente gubernamental de LGBS.<\/p>\n\n\n\n<p><strong>\u00bfQu\u00e9 sucede si no puedo pagar la multa por motivos econ\u00f3micos?<\/strong><\/p>\n\n\n\n<p>Debe comunicarse con la Ciudad para conocer las opciones de resoluci\u00f3n alternativas disponibles si no puede pagar.<\/p>\n\n\n\n<p><strong>\u00bfLGBS es miembro de alguna asociaci\u00f3n profesional?<\/strong><\/p>\n\n\n\n<p>Somos miembros de ACA International (anteriormente American Collectors Association), National Association of Court Managers, Governmental Collectors Association of Texas y Texas Court Clerks Association. Para m\u00e1s informaci\u00f3n sobre nuestra firma, visite <a href=\"https:\/\/www.lgbs.com\/\">www.lgbs.com<\/a>.<\/p>\n\n\n\n<p><strong>\u00bfEl centro de llamadas de LGBS atiende a personas de habla hispana?<\/strong><\/p>\n\n\n\n<p>El centro de llamadas de LGBS cuenta con personal biling\u00fce. Comun\u00edquese al n\u00famero de LGBS que figura en el mensaje de texto que recibi\u00f3 para asistencia. LGBS tambi\u00e9n env\u00eda cartas para algunos clientes tanto en ingl\u00e9s como en espa\u00f1ol.<\/p>\n\n\n\n<p><strong>\u00bfC\u00f3mo accedo al sitio web adecuado para pagar mi multa?<\/strong><\/p>\n\n\n\n<p>El mensaje de texto que recibi\u00f3 contiene un enlace al sitio de pago. Aunque nuestra firma acepta pagos para algunos clientes, otros exigen que el pago se realice directamente con ellos. Necesitar\u00e1 el n\u00famero de caso que aparece en el mensaje para acceder a los detalles de su cuenta.<\/p>\n\n\n\n<p><strong>\u00bfCu\u00e1l es el monto total adeudado por mi multa?<\/strong><\/p>\n\n\n\n<p>El sitio de pago le mostrar\u00e1 el monto total adeudado. Desde nuestra \u00faltima comunicaci\u00f3n con usted, pueden haberse agregado cargos adicionales. Tenga en cuenta que pueden existir casos adicionales pendientes en la Ciudad que no se hayan remitido a LGBS para su cobro.<\/p>\n\n\n\n<p><strong>\u00bfPuedo hacer un pago parcial del monto total adeudado?<\/strong><\/p>\n\n\n\n<p>Cada Ciudad maneja esto de forma diferente. Comun\u00edquese al n\u00famero de LGBS que figura en el mensaje de texto que recibi\u00f3 para saber si se permiten pagos parciales en su cuenta en mora.<\/p>\n\n\n\n<p><strong>\u00bfQu\u00e9 m\u00e9todos de pago est\u00e1n disponibles para pagar la multa?<\/strong><\/p>\n\n\n\n<p>Las pol\u00edticas de la Ciudad var\u00edan. Los m\u00e9todos de pago generalmente aceptados incluyen: 1) giro postal; 2) cheque personal; 3) tarjeta de cr\u00e9dito\/d\u00e9bito; 4) cheque electr\u00f3nico. Los pagos en l\u00ednea pueden realizarse las 24 horas del d\u00eda, los siete d\u00edas de la semana.<\/p>\n\n\n\n<p><strong>\u00bfPuedo impugnar la acusaci\u00f3n de una multa de estacionamiento?<\/strong><\/p>\n\n\n\n<p>Cada Ciudad tiene su propio m\u00e9todo para disputar una multa de estacionamiento. Debe comunicarse con la Ciudad mencionada en el mensaje que recibi\u00f3 para determinar las opciones para impugnar la multa.<\/p>\n\n\n\n<p><strong>\u00bfQu\u00e9 sucede si no era propietario del veh\u00edculo cuando se emiti\u00f3 la multa?<\/strong><\/p>\n\n\n\n<p>Algunas Ciudades aceptan una Declaraci\u00f3n de No Propiedad para multas de estacionamiento. Comun\u00edquese con la Ciudad mencionada en el mensaje que recibi\u00f3 para determinar si esta opci\u00f3n est\u00e1 disponible en su caso. Prep\u00e1rese para presentar una declaraci\u00f3n jurada que proporcione informaci\u00f3n sobre cu\u00e1ndo cambi\u00f3 la propiedad y prueba de dicho cambio.<\/p>\n\n\n\n<div style=\"height:60px\" aria-hidden=\"true\" class=\"wp-block-spacer\"><\/div>\n\n\n\n<p><\/p>\n","protected":false},"excerpt":{"rendered":"<p>Divulgaciones y Preguntas Frecuentes Linebarger Goggan Blair &amp; Sampson, LLP (\u201cLGBS\u201d) proporciona las siguientes Divulgaciones y Preguntas Frecuentes para ayudarle a resolver su(s) caso(s). Divulgaciones Este asunto se refiere a una o m\u00e1s multas de estacionamiento vencidas emitidas por la Ciudad mencionada en el mensaje que recibi\u00f3. Nuestra firma representa a la Ciudad para la [&hellip;]<\/p>\n","protected":false},"author":1,"featured_media":0,"parent":0,"menu_order":0,"comment_status":"closed","ping_status":"closed","template":"","meta":{"_acf_changed":false,"footnotes":""},"class_list":["post-2753","page","type-page","status-publish","hentry"],"acf":[],"yoast_head":"<!-- This site is optimized with the Yoast SEO plugin v27.4 - https:\/\/yoast.com\/product\/yoast-seo-wordpress\/ -->\n<title>Divulgaciones y Preguntas Frecuentes |<\/title>\n<meta name=\"robots\" content=\"index, follow, max-snippet:-1, max-image-preview:large, max-video-preview:-1\" \/>\n<link rel=\"canonical\" href=\"https:\/\/www.lgbs.com\/es\/divulgaciones-tx2\/\" \/>\n<meta property=\"og:locale\" content=\"es_ES\" \/>\n<meta property=\"og:type\" content=\"article\" \/>\n<meta property=\"og:title\" content=\"Divulgaciones y Preguntas Frecuentes |\" \/>\n<meta property=\"og:description\" content=\"Divulgaciones y Preguntas Frecuentes Linebarger Goggan Blair &amp; Sampson, LLP (\u201cLGBS\u201d) proporciona las siguientes Divulgaciones y Preguntas Frecuentes para ayudarle a resolver su(s) caso(s). Divulgaciones Este asunto se refiere a una o m\u00e1s multas de estacionamiento vencidas emitidas por la Ciudad mencionada en el mensaje que recibi\u00f3. Nuestra firma representa a la Ciudad para la [&hellip;]\" \/>\n<meta property=\"og:url\" content=\"https:\/\/www.lgbs.com\/es\/divulgaciones-tx2\/\" \/>\n<meta property=\"og:site_name\" content=\"Linebarger Goggan Blair &amp; Sampson, LLP\" \/>\n<meta property=\"article:modified_time\" content=\"2025-05-02T18:43:56+00:00\" \/>\n<meta property=\"og:image\" content=\"https:\/\/www.lgbs.com\/wp-content\/uploads\/2024\/05\/kgbs-social-logo.png\" \/>\n\t<meta property=\"og:image:width\" content=\"1200\" \/>\n\t<meta property=\"og:image:height\" content=\"675\" \/>\n\t<meta property=\"og:image:type\" content=\"image\/png\" \/>\n<meta name=\"twitter:card\" content=\"summary_large_image\" \/>\n<meta name=\"twitter:label1\" content=\"Tiempo de lectura\" \/>\n\t<meta name=\"twitter:data1\" content=\"4 minutos\" \/>\n<script type=\"application\/ld+json\" class=\"yoast-schema-graph\">{\"@context\":\"https:\\\/\\\/schema.org\",\"@graph\":[{\"@type\":\"WebPage\",\"@id\":\"https:\\\/\\\/www.lgbs.com\\\/es\\\/divulgaciones-tx2\\\/\",\"url\":\"https:\\\/\\\/www.lgbs.com\\\/es\\\/divulgaciones-tx2\\\/\",\"name\":\"Divulgaciones y Preguntas Frecuentes |\",\"isPartOf\":{\"@id\":\"https:\\\/\\\/www.lgbs.com\\\/es\\\/#website\"},\"datePublished\":\"2025-02-20T15:04:32+00:00\",\"dateModified\":\"2025-05-02T18:43:56+00:00\",\"breadcrumb\":{\"@id\":\"https:\\\/\\\/www.lgbs.com\\\/es\\\/divulgaciones-tx2\\\/#breadcrumb\"},\"inLanguage\":\"es\",\"potentialAction\":[{\"@type\":\"ReadAction\",\"target\":[\"https:\\\/\\\/www.lgbs.com\\\/es\\\/divulgaciones-tx2\\\/\"]}]},{\"@type\":\"BreadcrumbList\",\"@id\":\"https:\\\/\\\/www.lgbs.com\\\/es\\\/divulgaciones-tx2\\\/#breadcrumb\",\"itemListElement\":[{\"@type\":\"ListItem\",\"position\":1,\"name\":\"Home\",\"item\":\"https:\\\/\\\/www.lgbs.com\\\/es\\\/\"},{\"@type\":\"ListItem\",\"position\":2,\"name\":\"Divulgaciones y Preguntas Frecuentes\"}]},{\"@type\":\"WebSite\",\"@id\":\"https:\\\/\\\/www.lgbs.com\\\/es\\\/#website\",\"url\":\"https:\\\/\\\/www.lgbs.com\\\/es\\\/\",\"name\":\"Linebarger\",\"description\":\"National Leader in Collections Law\",\"publisher\":{\"@id\":\"https:\\\/\\\/www.lgbs.com\\\/es\\\/#organization\"},\"alternateName\":\"LGBS\",\"potentialAction\":[{\"@type\":\"SearchAction\",\"target\":{\"@type\":\"EntryPoint\",\"urlTemplate\":\"https:\\\/\\\/www.lgbs.com\\\/es\\\/?s={search_term_string}\"},\"query-input\":{\"@type\":\"PropertyValueSpecification\",\"valueRequired\":true,\"valueName\":\"search_term_string\"}}],\"inLanguage\":\"es\"},{\"@type\":\"Organization\",\"@id\":\"https:\\\/\\\/www.lgbs.com\\\/es\\\/#organization\",\"name\":\"Linebarger Goggan Blair & Sampson, LLP\",\"alternateName\":\"LGBS\",\"url\":\"https:\\\/\\\/www.lgbs.com\\\/es\\\/\",\"logo\":{\"@type\":\"ImageObject\",\"inLanguage\":\"es\",\"@id\":\"https:\\\/\\\/www.lgbs.com\\\/es\\\/#\\\/schema\\\/logo\\\/image\\\/\",\"url\":\"https:\\\/\\\/www.lgbs.com\\\/wp-content\\\/uploads\\\/2025\\\/01\\\/L-for-avatar.webp\",\"contentUrl\":\"https:\\\/\\\/www.lgbs.com\\\/wp-content\\\/uploads\\\/2025\\\/01\\\/L-for-avatar.webp\",\"width\":453,\"height\":447,\"caption\":\"Linebarger Goggan Blair & Sampson, LLP\"},\"image\":{\"@id\":\"https:\\\/\\\/www.lgbs.com\\\/es\\\/#\\\/schema\\\/logo\\\/image\\\/\"},\"sameAs\":[\"https:\\\/\\\/www.linkedin.com\\\/company\\\/linebargerlaw\"]}]}<\/script>\n<!-- \/ Yoast SEO plugin. -->","yoast_head_json":{"title":"Divulgaciones y Preguntas Frecuentes |","robots":{"index":"index","follow":"follow","max-snippet":"max-snippet:-1","max-image-preview":"max-image-preview:large","max-video-preview":"max-video-preview:-1"},"canonical":"https:\/\/www.lgbs.com\/es\/divulgaciones-tx2\/","og_locale":"es_ES","og_type":"article","og_title":"Divulgaciones y Preguntas Frecuentes |","og_description":"Divulgaciones y Preguntas Frecuentes Linebarger Goggan Blair &amp; Sampson, LLP (\u201cLGBS\u201d) proporciona las siguientes Divulgaciones y Preguntas Frecuentes para ayudarle a resolver su(s) caso(s). Divulgaciones Este asunto se refiere a una o m\u00e1s multas de estacionamiento vencidas emitidas por la Ciudad mencionada en el mensaje que recibi\u00f3. Nuestra firma representa a la Ciudad para la [&hellip;]","og_url":"https:\/\/www.lgbs.com\/es\/divulgaciones-tx2\/","og_site_name":"Linebarger Goggan Blair &amp; Sampson, LLP","article_modified_time":"2025-05-02T18:43:56+00:00","og_image":[{"width":1200,"height":675,"url":"https:\/\/www.lgbs.com\/wp-content\/uploads\/2024\/05\/kgbs-social-logo.png","type":"image\/png"}],"twitter_card":"summary_large_image","twitter_misc":{"Tiempo de lectura":"4 minutos"},"schema":{"@context":"https:\/\/schema.org","@graph":[{"@type":"WebPage","@id":"https:\/\/www.lgbs.com\/es\/divulgaciones-tx2\/","url":"https:\/\/www.lgbs.com\/es\/divulgaciones-tx2\/","name":"Divulgaciones y Preguntas Frecuentes |","isPartOf":{"@id":"https:\/\/www.lgbs.com\/es\/#website"},"datePublished":"2025-02-20T15:04:32+00:00","dateModified":"2025-05-02T18:43:56+00:00","breadcrumb":{"@id":"https:\/\/www.lgbs.com\/es\/divulgaciones-tx2\/#breadcrumb"},"inLanguage":"es","potentialAction":[{"@type":"ReadAction","target":["https:\/\/www.lgbs.com\/es\/divulgaciones-tx2\/"]}]},{"@type":"BreadcrumbList","@id":"https:\/\/www.lgbs.com\/es\/divulgaciones-tx2\/#breadcrumb","itemListElement":[{"@type":"ListItem","position":1,"name":"Home","item":"https:\/\/www.lgbs.com\/es\/"},{"@type":"ListItem","position":2,"name":"Divulgaciones y Preguntas Frecuentes"}]},{"@type":"WebSite","@id":"https:\/\/www.lgbs.com\/es\/#website","url":"https:\/\/www.lgbs.com\/es\/","name":"Linebarger","description":"National Leader in Collections Law","publisher":{"@id":"https:\/\/www.lgbs.com\/es\/#organization"},"alternateName":"LGBS","potentialAction":[{"@type":"SearchAction","target":{"@type":"EntryPoint","urlTemplate":"https:\/\/www.lgbs.com\/es\/?s={search_term_string}"},"query-input":{"@type":"PropertyValueSpecification","valueRequired":true,"valueName":"search_term_string"}}],"inLanguage":"es"},{"@type":"Organization","@id":"https:\/\/www.lgbs.com\/es\/#organization","name":"Linebarger Goggan Blair & Sampson, LLP","alternateName":"LGBS","url":"https:\/\/www.lgbs.com\/es\/","logo":{"@type":"ImageObject","inLanguage":"es","@id":"https:\/\/www.lgbs.com\/es\/#\/schema\/logo\/image\/","url":"https:\/\/www.lgbs.com\/wp-content\/uploads\/2025\/01\/L-for-avatar.webp","contentUrl":"https:\/\/www.lgbs.com\/wp-content\/uploads\/2025\/01\/L-for-avatar.webp","width":453,"height":447,"caption":"Linebarger Goggan Blair & Sampson, LLP"},"image":{"@id":"https:\/\/www.lgbs.com\/es\/#\/schema\/logo\/image\/"},"sameAs":["https:\/\/www.linkedin.com\/company\/linebargerlaw"]}]}},"_links":{"self":[{"href":"https:\/\/www.lgbs.com\/es\/wp-json\/wp\/v2\/pages\/2753","targetHints":{"allow":["GET"]}}],"collection":[{"href":"https:\/\/www.lgbs.com\/es\/wp-json\/wp\/v2\/pages"}],"about":[{"href":"https:\/\/www.lgbs.com\/es\/wp-json\/wp\/v2\/types\/page"}],"author":[{"embeddable":true,"href":"https:\/\/www.lgbs.com\/es\/wp-json\/wp\/v2\/users\/1"}],"replies":[{"embeddable":true,"href":"https:\/\/www.lgbs.com\/es\/wp-json\/wp\/v2\/comments?post=2753"}],"version-history":[{"count":0,"href":"https:\/\/www.lgbs.com\/es\/wp-json\/wp\/v2\/pages\/2753\/revisions"}],"wp:attachment":[{"href":"https:\/\/www.lgbs.com\/es\/wp-json\/wp\/v2\/media?parent=2753"}],"curies":[{"name":"wp","href":"https:\/\/api.w.org\/{rel}","templated":true}]}}