{"id":2757,"date":"2024-12-18T12:50:45","date_gmt":"2024-12-18T18:50:45","guid":{"rendered":"https:\/\/www.lgbs.com\/disclosures-floc\/"},"modified":"2025-05-02T14:50:15","modified_gmt":"2025-05-02T19:50:15","slug":"divulgaciones-floc","status":"publish","type":"page","link":"https:\/\/www.lgbs.com\/es\/divulgaciones-floc\/","title":{"rendered":"Divulgaciones"},"content":{"rendered":"\n<div style=\"height:60px\" aria-hidden=\"true\" class=\"wp-block-spacer\"><\/div>\n\n\n\n<h1 class=\"wp-block-heading has-text-align-center\">Divulgaciones y Preguntas Frecuentes<\/h1>\n\n\n\n<div style=\"height:60px\" aria-hidden=\"true\" class=\"wp-block-spacer\"><\/div>\n\n\n\n<p><br><strong>Linebarger Goggan Blair &amp; Sampson, LLP (\u201cLGBS\u201d o \u201cLinebarger\u201d) proporciona las siguientes Divulgaciones y Preguntas Frecuentes para ayudarle a resolver su(s) caso(s).<\/strong><\/p>\n\n\n\n<h2 class=\"wp-block-heading has-text-align-center\">Divulgaciones<\/h2>\n\n\n\n<p><strong><span style=\"text-decoration: underline;\"><strong>Bancarrota<\/strong>:<\/span><\/strong><br>Si actualmente es deudor en un procedimiento de bancarrota, o si la(s) deuda(s) mencionada(s) en nuestra comunicaci\u00f3n han sido sometidas a un proceso de bancarrota, entonces nuestra comunicaci\u00f3n es \u00fanicamente para fines informativos y de verificaci\u00f3n, y no constituye una demanda de pago ni un intento de cobranza. Si ha presentado bancarrota, notif\u00edquenos por escrito y proporcione el n\u00famero de caso junto con el nombre del tribunal en el que se present\u00f3 su caso. Incluya tambi\u00e9n su nombre y su n\u00famero de cuenta o de referencia de LGBS. Puede enviar esta informaci\u00f3n a Linebarger Goggan Blair &amp; Sampson, LLP, 900 Arion Parkway, Suite 104, San Antonio, TX, 78216.<\/p>\n\n\n\n<p><strong><span style=\"text-decoration: underline;\"><strong>Mensajer\u00eda de Texto<\/strong>:<\/span><\/strong><br>Cuando se suscribe para recibir mensajes de texto de LGBS, acepta recibir mensajes relacionados con su relaci\u00f3n con LGBS, incluidas actualizaciones sobre su cuenta, saldos, c\u00f3digos de un solo uso y notificaciones de facturaci\u00f3n.<\/p>\n\n\n\n<p>Puede optar por no recibir mensajes de texto enviando STOP al n\u00famero desde el cual le enviamos el mensaje. Su solicitud de baja generar\u00e1 un mensaje final confirmando que ha sido dado de baja. Ya no recibir\u00e1 mensajes de texto de nuestra parte. Si desea volver a suscribirse, comun\u00edquese con nuestro centro de contacto o env\u00ede HELP al n\u00famero desde el que le enviamos el mensaje para obtener instrucciones.<\/p>\n\n\n\n<p>Pueden aplicarse cargos por mensajes y datos tanto para los mensajes que le enviemos como para los que nos env\u00ede. La frecuencia de los mensajes puede variar. Los operadores no se hacen responsables de mensajes retrasados o no entregados.<\/p>\n\n\n\n<h2 class=\"wp-block-heading has-text-align-center\">Preguntas Frecuentes<\/h2>\n\n\n\n<p><br><strong><br><strong>Lo siguiente es solo para fines informativos; no es asesoramiento legal ni crea una relaci\u00f3n abogado-cliente.<\/strong><\/strong><\/p>\n\n\n\n<p><strong>\u00bfC\u00f3mo puedo realizar un pago?<\/strong><\/p>\n\n\n\n<p>Online: Los pagos en l\u00ednea pueden realizarse las 24 horas del d\u00eda, los siete d\u00edas de la semana en el siguiente sitio (por favor tenga a mano su n\u00famero de cuenta): <a href=\"http:\/\/www.lgbswebpayments.com\/\">www.lgbswebpayments.com<\/a>.<\/p>\n\n\n\n<p>Phone: Puede comunicarse con nuestro centro de llamadas al 877-841-3978 para pagar por tel\u00e9fono utilizando una tarjeta de cr\u00e9dito, tarjeta de d\u00e9bito o cheque electr\u00f3nico.<\/p>\n\n\n\n<p>In Person: Linebarger cuenta con dos ventanillas de caja disponibles para aceptar pagos en persona en el Palacio de Justicia del Condado de Orange, Suite 410. El Palacio de Justicia del Condado de Orange est\u00e1 ubicado en 425 N. Orange Ave., Orlando, FL 32802.<\/p>\n\n\n\n<p>Mail: Puede enviar por correo un giro postal o un cheque personal a nombre del Secretario del Tribunal del Condado de Orange a 900 Arion Parkway, Suite 104, San Antonio, TX, 78216. Por favor incluya su nombre, n\u00famero de cuenta de LGBS, n\u00famero(s) de caso y el nombre del Secretario (Orange County Clerk of Court) con su pago.<\/p>\n\n\n\n<p><strong>\u00bfEst\u00e1 suspendida mi licencia de conducir?<\/strong><\/p>\n\n\n\n<p>Para determinar el estado de su licencia de conducir, puede visitar <a href=\"https:\/\/services.flhsmv.gov\/DLCheck\/\">https:\/\/services.flhsmv.gov\/DLCheck\/<\/a>. Necesitar\u00e1 el n\u00famero de su licencia de conducir para acceder a la informaci\u00f3n de su licencia.<\/p>\n\n\n\n<p><strong>\u00bfC\u00f3mo puede mi licencia ser elegible para la reinstauraci\u00f3n?<\/strong><\/p>\n\n\n\n<p>Su licencia se vuelve elegible para la reinstauraci\u00f3n solo si se resuelven todas las retenciones que afectan su licencia de conducir. Puede tener retenciones de licencia por casos que no est\u00e1n asignados a Linebarger. Por favor visite <a href=\"https:\/\/services.flhsmv.gov\/DLCheck\/\">https:\/\/services.flhsmv.gov\/DLCheck\/<\/a> para ver todos los casos y retenciones que afectan su licencia de conducir. Necesitar\u00e1 el n\u00famero de su licencia de conducir para acceder a la informaci\u00f3n de su licencia.<\/p>\n\n\n\n<p><strong>\u00bfQu\u00e9 sucede si no puedo pagar el monto total adeudado?<\/strong><\/p>\n\n\n\n<p>Por favor cont\u00e1ctenos al 877-841-3978 para discutir la creaci\u00f3n de un plan de pagos asequible.<\/p>\n\n\n\n<p><strong>\u00bfPuedo reinstaurar mi licencia si estoy en un plan de pagos?<\/strong><\/p>\n\n\n\n<p>S\u00ed. En el Condado de Orange, su licencia puede volverse elegible para la reinstauraci\u00f3n al ingresar en un plan de pagos y hacer un pago inicial. Por favor cont\u00e1ctenos al 877-841-3978, o visite las ventanillas de caja de Linebarger en la Suite 410 del Palacio de Justicia del Condado de Orange, para hablar sobre la creaci\u00f3n de un plan de pagos. El Palacio de Justicia del Condado de Orange est\u00e1 ubicado en 425 N. Orange Ave., Orlando, FL 32802.<\/p>\n\n\n\n<p><strong>\u00bfSe restablece autom\u00e1ticamente mi licencia?<\/strong><\/p>\n\n\n\n<p>No. Si su licencia de conducir est\u00e1 suspendida, usted es responsable de restablecerla. Despu\u00e9s de que se procese el pago completo, o despu\u00e9s de que se procese su pago inicial en un plan de pagos, puede ir a la oficina del Secretario del Tribunal del Condado de Orange para restablecer su licencia. Habr\u00e1 una tarifa de restablecimiento que deber\u00e1 pagar al restablecerla.<\/p>\n\n\n\n<p><strong>\u00bfQu\u00e9 sucede si ya he pagado mi cuenta?<\/strong><\/p>\n\n\n\n<p>Por favor env\u00edenos una copia del recibo a 900 Arion Parkway, Suite 104, San Antonio, TX, 78216.<\/p>\n\n\n\n<p><strong>\u00bfTienen personal de atenci\u00f3n al cliente biling\u00fce y multiling\u00fce?<\/strong><\/p>\n\n\n\n<p>S\u00ed. Contamos con personal de atenci\u00f3n al cliente biling\u00fce y multiling\u00fce disponible para ayudarle.<\/p>\n","protected":false},"excerpt":{"rendered":"<p>Divulgaciones y Preguntas Frecuentes Linebarger Goggan Blair &amp; Sampson, LLP (\u201cLGBS\u201d o \u201cLinebarger\u201d) proporciona las siguientes Divulgaciones y Preguntas Frecuentes para ayudarle a resolver su(s) caso(s). Divulgaciones Bancarrota:Si actualmente es deudor en un procedimiento de bancarrota, o si la(s) deuda(s) mencionada(s) en nuestra comunicaci\u00f3n han sido sometidas a un proceso de bancarrota, entonces nuestra comunicaci\u00f3n [&hellip;]<\/p>\n","protected":false},"author":1,"featured_media":0,"parent":0,"menu_order":0,"comment_status":"closed","ping_status":"closed","template":"","meta":{"_acf_changed":false,"footnotes":""},"class_list":["post-2757","page","type-page","status-publish","hentry"],"acf":[],"yoast_head":"<!-- This site is optimized with the Yoast SEO plugin v27.5 - https:\/\/yoast.com\/product\/yoast-seo-wordpress\/ -->\n<title>Divulgaciones |<\/title>\n<meta name=\"robots\" content=\"index, follow, max-snippet:-1, max-image-preview:large, max-video-preview:-1\" \/>\n<link rel=\"canonical\" href=\"https:\/\/www.lgbs.com\/es\/divulgaciones-floc\/\" \/>\n<meta property=\"og:locale\" content=\"es_ES\" \/>\n<meta property=\"og:type\" content=\"article\" \/>\n<meta property=\"og:title\" content=\"Divulgaciones |\" \/>\n<meta property=\"og:description\" content=\"Divulgaciones y Preguntas Frecuentes Linebarger Goggan Blair &amp; Sampson, LLP (\u201cLGBS\u201d o \u201cLinebarger\u201d) proporciona las siguientes Divulgaciones y Preguntas Frecuentes para ayudarle a resolver su(s) caso(s). Divulgaciones Bancarrota:Si actualmente es deudor en un procedimiento de bancarrota, o si la(s) deuda(s) mencionada(s) en nuestra comunicaci\u00f3n han sido sometidas a un proceso de bancarrota, entonces nuestra comunicaci\u00f3n [&hellip;]\" \/>\n<meta property=\"og:url\" content=\"https:\/\/www.lgbs.com\/es\/divulgaciones-floc\/\" \/>\n<meta property=\"og:site_name\" content=\"Linebarger Goggan Blair &amp; Sampson, LLP\" \/>\n<meta property=\"article:modified_time\" content=\"2025-05-02T19:50:15+00:00\" \/>\n<meta property=\"og:image\" content=\"https:\/\/www.lgbs.com\/wp-content\/uploads\/2024\/05\/kgbs-social-logo.png\" \/>\n\t<meta property=\"og:image:width\" content=\"1200\" \/>\n\t<meta property=\"og:image:height\" content=\"675\" \/>\n\t<meta property=\"og:image:type\" content=\"image\/png\" \/>\n<meta name=\"twitter:card\" content=\"summary_large_image\" \/>\n<meta name=\"twitter:label1\" content=\"Tiempo de lectura\" \/>\n\t<meta name=\"twitter:data1\" content=\"4 minutos\" \/>\n<script type=\"application\/ld+json\" class=\"yoast-schema-graph\">{\"@context\":\"https:\\\/\\\/schema.org\",\"@graph\":[{\"@type\":\"WebPage\",\"@id\":\"https:\\\/\\\/www.lgbs.com\\\/es\\\/divulgaciones-floc\\\/\",\"url\":\"https:\\\/\\\/www.lgbs.com\\\/es\\\/divulgaciones-floc\\\/\",\"name\":\"Divulgaciones |\",\"isPartOf\":{\"@id\":\"https:\\\/\\\/www.lgbs.com\\\/es\\\/#website\"},\"datePublished\":\"2024-12-18T18:50:45+00:00\",\"dateModified\":\"2025-05-02T19:50:15+00:00\",\"breadcrumb\":{\"@id\":\"https:\\\/\\\/www.lgbs.com\\\/es\\\/divulgaciones-floc\\\/#breadcrumb\"},\"inLanguage\":\"es\",\"potentialAction\":[{\"@type\":\"ReadAction\",\"target\":[\"https:\\\/\\\/www.lgbs.com\\\/es\\\/divulgaciones-floc\\\/\"]}]},{\"@type\":\"BreadcrumbList\",\"@id\":\"https:\\\/\\\/www.lgbs.com\\\/es\\\/divulgaciones-floc\\\/#breadcrumb\",\"itemListElement\":[{\"@type\":\"ListItem\",\"position\":1,\"name\":\"Home\",\"item\":\"https:\\\/\\\/www.lgbs.com\\\/es\\\/\"},{\"@type\":\"ListItem\",\"position\":2,\"name\":\"Divulgaciones\"}]},{\"@type\":\"WebSite\",\"@id\":\"https:\\\/\\\/www.lgbs.com\\\/es\\\/#website\",\"url\":\"https:\\\/\\\/www.lgbs.com\\\/es\\\/\",\"name\":\"Linebarger\",\"description\":\"National Leader in Collections Law\",\"publisher\":{\"@id\":\"https:\\\/\\\/www.lgbs.com\\\/es\\\/#organization\"},\"alternateName\":\"LGBS\",\"potentialAction\":[{\"@type\":\"SearchAction\",\"target\":{\"@type\":\"EntryPoint\",\"urlTemplate\":\"https:\\\/\\\/www.lgbs.com\\\/es\\\/?s={search_term_string}\"},\"query-input\":{\"@type\":\"PropertyValueSpecification\",\"valueRequired\":true,\"valueName\":\"search_term_string\"}}],\"inLanguage\":\"es\"},{\"@type\":\"Organization\",\"@id\":\"https:\\\/\\\/www.lgbs.com\\\/es\\\/#organization\",\"name\":\"Linebarger Goggan Blair & Sampson, LLP\",\"alternateName\":\"LGBS\",\"url\":\"https:\\\/\\\/www.lgbs.com\\\/es\\\/\",\"logo\":{\"@type\":\"ImageObject\",\"inLanguage\":\"es\",\"@id\":\"https:\\\/\\\/www.lgbs.com\\\/es\\\/#\\\/schema\\\/logo\\\/image\\\/\",\"url\":\"https:\\\/\\\/www.lgbs.com\\\/wp-content\\\/uploads\\\/2025\\\/01\\\/L-for-avatar.webp\",\"contentUrl\":\"https:\\\/\\\/www.lgbs.com\\\/wp-content\\\/uploads\\\/2025\\\/01\\\/L-for-avatar.webp\",\"width\":453,\"height\":447,\"caption\":\"Linebarger Goggan Blair & Sampson, LLP\"},\"image\":{\"@id\":\"https:\\\/\\\/www.lgbs.com\\\/es\\\/#\\\/schema\\\/logo\\\/image\\\/\"},\"sameAs\":[\"https:\\\/\\\/www.linkedin.com\\\/company\\\/linebargerlaw\"]}]}<\/script>\n<!-- \/ Yoast SEO plugin. -->","yoast_head_json":{"title":"Divulgaciones |","robots":{"index":"index","follow":"follow","max-snippet":"max-snippet:-1","max-image-preview":"max-image-preview:large","max-video-preview":"max-video-preview:-1"},"canonical":"https:\/\/www.lgbs.com\/es\/divulgaciones-floc\/","og_locale":"es_ES","og_type":"article","og_title":"Divulgaciones |","og_description":"Divulgaciones y Preguntas Frecuentes Linebarger Goggan Blair &amp; Sampson, LLP (\u201cLGBS\u201d o \u201cLinebarger\u201d) proporciona las siguientes Divulgaciones y Preguntas Frecuentes para ayudarle a resolver su(s) caso(s). Divulgaciones Bancarrota:Si actualmente es deudor en un procedimiento de bancarrota, o si la(s) deuda(s) mencionada(s) en nuestra comunicaci\u00f3n han sido sometidas a un proceso de bancarrota, entonces nuestra comunicaci\u00f3n [&hellip;]","og_url":"https:\/\/www.lgbs.com\/es\/divulgaciones-floc\/","og_site_name":"Linebarger Goggan Blair &amp; Sampson, LLP","article_modified_time":"2025-05-02T19:50:15+00:00","og_image":[{"width":1200,"height":675,"url":"https:\/\/www.lgbs.com\/wp-content\/uploads\/2024\/05\/kgbs-social-logo.png","type":"image\/png"}],"twitter_card":"summary_large_image","twitter_misc":{"Tiempo de lectura":"4 minutos"},"schema":{"@context":"https:\/\/schema.org","@graph":[{"@type":"WebPage","@id":"https:\/\/www.lgbs.com\/es\/divulgaciones-floc\/","url":"https:\/\/www.lgbs.com\/es\/divulgaciones-floc\/","name":"Divulgaciones |","isPartOf":{"@id":"https:\/\/www.lgbs.com\/es\/#website"},"datePublished":"2024-12-18T18:50:45+00:00","dateModified":"2025-05-02T19:50:15+00:00","breadcrumb":{"@id":"https:\/\/www.lgbs.com\/es\/divulgaciones-floc\/#breadcrumb"},"inLanguage":"es","potentialAction":[{"@type":"ReadAction","target":["https:\/\/www.lgbs.com\/es\/divulgaciones-floc\/"]}]},{"@type":"BreadcrumbList","@id":"https:\/\/www.lgbs.com\/es\/divulgaciones-floc\/#breadcrumb","itemListElement":[{"@type":"ListItem","position":1,"name":"Home","item":"https:\/\/www.lgbs.com\/es\/"},{"@type":"ListItem","position":2,"name":"Divulgaciones"}]},{"@type":"WebSite","@id":"https:\/\/www.lgbs.com\/es\/#website","url":"https:\/\/www.lgbs.com\/es\/","name":"Linebarger","description":"National Leader in Collections Law","publisher":{"@id":"https:\/\/www.lgbs.com\/es\/#organization"},"alternateName":"LGBS","potentialAction":[{"@type":"SearchAction","target":{"@type":"EntryPoint","urlTemplate":"https:\/\/www.lgbs.com\/es\/?s={search_term_string}"},"query-input":{"@type":"PropertyValueSpecification","valueRequired":true,"valueName":"search_term_string"}}],"inLanguage":"es"},{"@type":"Organization","@id":"https:\/\/www.lgbs.com\/es\/#organization","name":"Linebarger Goggan Blair & Sampson, LLP","alternateName":"LGBS","url":"https:\/\/www.lgbs.com\/es\/","logo":{"@type":"ImageObject","inLanguage":"es","@id":"https:\/\/www.lgbs.com\/es\/#\/schema\/logo\/image\/","url":"https:\/\/www.lgbs.com\/wp-content\/uploads\/2025\/01\/L-for-avatar.webp","contentUrl":"https:\/\/www.lgbs.com\/wp-content\/uploads\/2025\/01\/L-for-avatar.webp","width":453,"height":447,"caption":"Linebarger Goggan Blair & Sampson, LLP"},"image":{"@id":"https:\/\/www.lgbs.com\/es\/#\/schema\/logo\/image\/"},"sameAs":["https:\/\/www.linkedin.com\/company\/linebargerlaw"]}]}},"_links":{"self":[{"href":"https:\/\/www.lgbs.com\/es\/wp-json\/wp\/v2\/pages\/2757","targetHints":{"allow":["GET"]}}],"collection":[{"href":"https:\/\/www.lgbs.com\/es\/wp-json\/wp\/v2\/pages"}],"about":[{"href":"https:\/\/www.lgbs.com\/es\/wp-json\/wp\/v2\/types\/page"}],"author":[{"embeddable":true,"href":"https:\/\/www.lgbs.com\/es\/wp-json\/wp\/v2\/users\/1"}],"replies":[{"embeddable":true,"href":"https:\/\/www.lgbs.com\/es\/wp-json\/wp\/v2\/comments?post=2757"}],"version-history":[{"count":0,"href":"https:\/\/www.lgbs.com\/es\/wp-json\/wp\/v2\/pages\/2757\/revisions"}],"wp:attachment":[{"href":"https:\/\/www.lgbs.com\/es\/wp-json\/wp\/v2\/media?parent=2757"}],"curies":[{"name":"wp","href":"https:\/\/api.w.org\/{rel}","templated":true}]}}