{"id":2762,"date":"2025-01-02T15:40:19","date_gmt":"2025-01-02T21:40:19","guid":{"rendered":"https:\/\/www.lgbs.com\/disclosures-njta\/"},"modified":"2025-05-02T15:04:34","modified_gmt":"2025-05-02T20:04:34","slug":"divulgaciones-njta","status":"publish","type":"page","link":"https:\/\/www.lgbs.com\/es\/divulgaciones-njta\/","title":{"rendered":"Divulgaciones de Linebarger"},"content":{"rendered":"\n<div style=\"height:60px\" aria-hidden=\"true\" class=\"wp-block-spacer\"><\/div>\n\n\n\n<h1 class=\"wp-block-heading has-text-align-center\">Divulgaciones y Preguntas Frecuentes<\/h1>\n\n\n\n<div style=\"height:60px\" aria-hidden=\"true\" class=\"wp-block-spacer\"><\/div>\n\n\n\n<p><strong>Linebarger Goggan Blair &amp; Sampson, LLP (\u201cLGBS\u201d) proporciona las siguientes Divulgaciones y Preguntas Frecuentes para ayudarle a resolver su(s) caso(s).<\/strong><\/p>\n\n\n\n<div style=\"height:100px\" aria-hidden=\"true\" class=\"wp-block-spacer\"><\/div>\n\n\n\n<h2 class=\"wp-block-heading has-text-align-center\">Divulgaciones<\/h2>\n\n\n\n<p><strong>Bancarrota<\/strong><\/p>\n\n\n\n<p>Si actualmente es deudor en un procedimiento de bancarrota, o si la(s) deuda(s) mencionada(s) en nuestra comunicaci\u00f3n han sido liberadas mediante un proceso de bancarrota, entonces nuestra comunicaci\u00f3n es \u00fanicamente para fines informativos y de verificaci\u00f3n, y no constituye una demanda de pago ni un intento de cobro de un reclamo. Si ha presentado bancarrota, notif\u00edquenos por escrito y proporcione el n\u00famero de caso de bancarrota junto con el nombre del tribunal en el que se present\u00f3 su caso. Incluya tambi\u00e9n su nombre y su n\u00famero de cuenta o de referencia de LGBS. Puede enviar esta informaci\u00f3n a Linebarger Goggan Blair &amp; Sampson, LLP, Toll Road Department, 4828 Loop Central Drive, Suite 500, Houston, TX 77081.<\/p>\n\n\n\n<p><strong>Mensajer\u00eda de texto<\/strong><\/p>\n\n\n\n<p>Cuando se suscribe para recibir mensajes de texto de LGBS, acepta recibir mensajes relacionados con su relaci\u00f3n con LGBS, incluidas actualizaciones sobre su cuenta.<\/p>\n\n\n\n<p>Puede darse de baja de los mensajes de texto enviando STOP al n\u00famero desde el cual le enviamos el mensaje. Su solicitud de baja generar\u00e1 un mensaje final confirmando que ha sido dado de baja. Ya no recibir\u00e1 mensajes de texto de nuestra parte. Si desea volver a suscribirse para recibir mensajes, comun\u00edquese con nuestro centro de contacto o env\u00ede HELP al n\u00famero desde el cual le enviamos el mensaje para obtener instrucciones.<\/p>\n\n\n\n<p>Pueden aplicarse cargos por mensajes y datos tanto para los mensajes que le enviemos como para los que nos env\u00ede. La frecuencia de los mensajes puede variar. Los operadores no son responsables por mensajes retrasados o no entregados.<\/p>\n\n\n\n<p><strong><strong>Divulgaciones estatales y municipales<\/strong><\/strong><\/p>\n\n\n\n<p><strong>RESIDENTES DE CALIFORNIA:<\/strong> N\u00famero de licencia de California: 10449\u201199<\/p>\n\n\n\n<p><strong>RESIDENTES DE MARYLAND:<\/strong> Esta oficina est\u00e1 licenciada por el Office of the Commissioner of Financial Regulation y la State Collection Agency Licensing Board. Puede verificar la licencia a trav\u00e9s del siguiente sitio web: <a href=\"https:\/\/www.nmlsconsumeraccess.org\/\">https:\/\/www.nmlsconsumeraccess.org\/<\/a> Identificador \u00fanico del Nationwide Multistate Licensing System (n\u00famero de licencia): 977053<\/p>\n\n\n\n<p><strong>RESIDENTES DE MASSACHUSETTS:<\/strong> AVISO DE DERECHOS IMPORTANTES. Usted tiene derecho a solicitar por escrito o de forma oral que las llamadas telef\u00f3nicas relacionadas con su deuda no se realicen en su lugar de empleo. Dicha solicitud oral ser\u00e1 v\u00e1lida \u00fanicamente por diez (10) d\u00edas, a menos que proporcione una confirmaci\u00f3n por escrito de la solicitud con matasellos o entrega dentro de los siete (7) d\u00edas siguientes a dicha petici\u00f3n. Puede dar por terminada esta solicitud escribiendo al cobrador de deudas.<\/p>\n\n\n\n<p><strong>RESIDENTES DE LA CIUDAD DE NUEVA YORK:<\/strong> LGBS est\u00e1 licenciada por el Departamento de Asuntos del Consumidor de la Ciudad de Nueva York, n\u00fameros de licencia: 2045897\u2011DCA, 2101123\u2011DCA, 2101126\u2011DCA, 2102742\u2011DCA, 2101264\u2011DCA, 2101265\u2011DCA, 2101266\u2011DCA, 2101267\u2011DCA, 2101269\u2011DCA, 2101270\u2011DCA, 2101274\u2011DCA, 2101089\u2011DCA, 2101272\u2011DCA.<\/p>\n\n\n\n<p><strong>RESIDENTES DE TENNESSEE:<\/strong> Esta agencia de cobranza est\u00e1 licenciada por la Collection Service Board del Department of Commerce and Insurance.<\/p>\n\n\n\n<div style=\"height:100px\" aria-hidden=\"true\" class=\"wp-block-spacer\"><\/div>\n\n\n\n<h2 class=\"wp-block-heading has-text-align-center\">Preguntas Frecuentes<\/h2>\n\n\n\n<p><strong>Lo siguiente es solo para fines informativos; no constituye asesoramiento legal ni crea una relaci\u00f3n abogado\u2011cliente.<\/strong><\/p>\n\n\n\n<p><strong>\u00bfQu\u00e9 sucede si nunca recib\u00ed un aviso?<\/strong>\u2002<\/p>\n\n\n\n<p>La New Jersey Turnpike Authority (NJTA) utiliza los registros de la NJ Motor Vehicle Commission (NJ\u202fMVC) para obtener su direcci\u00f3n de registro. Es obligaci\u00f3n del propietario del veh\u00edculo informar un cambio de direcci\u00f3n a la NJ\u202fMVC dentro de los 30\u202fd\u00edas posteriores al cambio.<\/p>\n\n\n\n<p><strong>\u00bfQu\u00e9 sucede si vend\u00ed mi veh\u00edculo?<\/strong>\u2002<\/p>\n\n\n\n<p>De acuerdo con los requisitos de la MVC, cuando usted vende un veh\u00edculo debe completar la secci\u00f3n de Vendedor al reverso del t\u00edtulo junto con una factura de venta y presentar los documentos de prueba de venta a la NJ\u202fMVC. Tambi\u00e9n debe entregar la placa a la MVC o transferirla a otro veh\u00edculo. Si esto no se hizo, usted es responsable de las violaciones de peaje hasta que se actualice el registro del veh\u00edculo.<\/p>\n\n\n\n<p><strong>\u00bfQu\u00e9 sucede si no conduc\u00eda el veh\u00edculo al momento de las infracciones de peaje?<\/strong>\u2002<\/p>\n\n\n\n<p>Bajo la ley estatal, el propietario registrado del veh\u00edculo es responsable de las infracciones de peaje.<\/p>\n\n\n\n<p><strong>\u00bfQu\u00e9 sucede si robaron o perd\u00ed mi placa?<\/strong>\u2002<\/p>\n\n\n\n<p>Es responsabilidad del propietario registrado reportar la placa robada o p\u00e9rdida a las autoridades. Si esto no se hizo antes de la fecha de la infracci\u00f3n, o no se inform\u00f3 a la NJTA antes de enviar la violaci\u00f3n a cobranza, el propietario registrado es responsable de los cargos por infracciones.<\/p>\n\n\n\n<p><strong>\u00bfQu\u00e9 sucede si ya pagu\u00e9?<\/strong>\u2002<\/p>\n\n\n\n<p>Necesitar\u00e1 proporcionar prueba de que el pago del peaje Y de la tarifa se realiz\u00f3 antes de que la infracci\u00f3n se enviara a cobranza. Para presentar dicha prueba, env\u00ede una copia del anverso y reverso de su cheque, o su recibo de tarjeta de cr\u00e9dito, mostrando su pago, a Linebarger Goggan Blair &amp; Sampson, LLP, Toll Road Department, 4828 Loop Central Drive, Suite\u202f500, Houston, TX\u202f77081.<\/p>\n\n\n\n<p><strong>\u00bfQu\u00e9 sucede si tengo una cuenta E\u2011ZPass?<\/strong>\u2002<\/p>\n\n\n\n<p>Hubo varias oportunidades para disputar su(s) infracci\u00f3n(es) de peaje de la NJTA antes de que su cuenta se enviara a cobranza. Si puede proporcionar prueba escrita de que su apelaci\u00f3n fue presentada a la NJTA antes de que su cuenta fuera remitida a cobranza, la NJTA la considerar\u00e1.<\/p>\n\n\n\n<p><strong>\u00bfQu\u00e9 sucede si nunca he transitado por la New Jersey Turnpike?<\/strong>\u2002<\/p>\n\n\n\n<p>Los peajes recaudados por la NJTA no se limitan \u00fanicamente a la New Jersey Turnpike, sino que pueden incluir una o m\u00e1s de estas agencias de peaje de Nueva Jersey: NJTA, South Jersey Transportation Authority, Garden State Parkway, Delaware River &amp; Bay Authority, Delaware River Joint Toll Bridge Commission, Delaware River Port Authority, Burlington County Bridge Commission y\/o Cape May County Bridge Commission.<br>Si cree que no incurri\u00f3 en los peajes por los que se le contact\u00f3, la NJTA revisar\u00e1, a solicitud suya, las im\u00e1genes del veh\u00edculo tomadas en el momento de la(s) infracci\u00f3n(es) para confirmar si la placa fue le\u00edda correctamente.<\/p>\n\n\n\n<p><strong>\u00bfQu\u00e9 sucede si a mi ex c\u00f3nyuge se le asign\u00f3 el veh\u00edculo en la sentencia de divorcio?<\/strong>\u2002<\/p>\n\n\n\n<p>La NJTA exige que se haya proporcionado una copia del decreto de divorcio que adjudica el veh\u00edculo al ex c\u00f3nyuge antes de que se incurrieran los peajes, o que indique que el ex c\u00f3nyuge es responsable de las deudas del veh\u00edculo, antes de que la infracci\u00f3n se enviara a cobranza. Si esto no se proporcion\u00f3 antes de enviar la violaci\u00f3n a cobranza, la NJTA le responsabiliza a usted por los cargos.<\/p>\n\n\n\n<div style=\"height:60px\" aria-hidden=\"true\" class=\"wp-block-spacer\"><\/div>\n","protected":false},"excerpt":{"rendered":"<p>Divulgaciones y Preguntas Frecuentes Linebarger Goggan Blair &amp; Sampson, LLP (\u201cLGBS\u201d) proporciona las siguientes Divulgaciones y Preguntas Frecuentes para ayudarle a resolver su(s) caso(s). Divulgaciones Bancarrota Si actualmente es deudor en un procedimiento de bancarrota, o si la(s) deuda(s) mencionada(s) en nuestra comunicaci\u00f3n han sido liberadas mediante un proceso de bancarrota, entonces nuestra comunicaci\u00f3n es [&hellip;]<\/p>\n","protected":false},"author":1,"featured_media":0,"parent":0,"menu_order":0,"comment_status":"closed","ping_status":"closed","template":"","meta":{"_acf_changed":false,"footnotes":""},"class_list":["post-2762","page","type-page","status-publish","hentry"],"acf":[],"yoast_head":"<!-- This site is optimized with the Yoast SEO plugin v27.5 - https:\/\/yoast.com\/product\/yoast-seo-wordpress\/ -->\n<title>Divulgaciones de Linebarger |<\/title>\n<meta name=\"robots\" content=\"index, follow, max-snippet:-1, max-image-preview:large, max-video-preview:-1\" \/>\n<link rel=\"canonical\" href=\"https:\/\/www.lgbs.com\/es\/divulgaciones-njta\/\" \/>\n<meta property=\"og:locale\" content=\"es_ES\" \/>\n<meta property=\"og:type\" content=\"article\" \/>\n<meta property=\"og:title\" content=\"Divulgaciones de Linebarger |\" \/>\n<meta property=\"og:description\" content=\"Divulgaciones y Preguntas Frecuentes Linebarger Goggan Blair &amp; Sampson, LLP (\u201cLGBS\u201d) proporciona las siguientes Divulgaciones y Preguntas Frecuentes para ayudarle a resolver su(s) caso(s). Divulgaciones Bancarrota Si actualmente es deudor en un procedimiento de bancarrota, o si la(s) deuda(s) mencionada(s) en nuestra comunicaci\u00f3n han sido liberadas mediante un proceso de bancarrota, entonces nuestra comunicaci\u00f3n es [&hellip;]\" \/>\n<meta property=\"og:url\" content=\"https:\/\/www.lgbs.com\/es\/divulgaciones-njta\/\" \/>\n<meta property=\"og:site_name\" content=\"Linebarger Goggan Blair &amp; Sampson, LLP\" \/>\n<meta property=\"article:modified_time\" content=\"2025-05-02T20:04:34+00:00\" \/>\n<meta property=\"og:image\" content=\"https:\/\/www.lgbs.com\/wp-content\/uploads\/2024\/05\/kgbs-social-logo.png\" \/>\n\t<meta property=\"og:image:width\" content=\"1200\" \/>\n\t<meta property=\"og:image:height\" content=\"675\" \/>\n\t<meta property=\"og:image:type\" content=\"image\/png\" \/>\n<meta name=\"twitter:card\" content=\"summary_large_image\" \/>\n<meta name=\"twitter:label1\" content=\"Tiempo de lectura\" \/>\n\t<meta name=\"twitter:data1\" content=\"5 minutos\" \/>\n<script type=\"application\/ld+json\" class=\"yoast-schema-graph\">{\"@context\":\"https:\\\/\\\/schema.org\",\"@graph\":[{\"@type\":\"WebPage\",\"@id\":\"https:\\\/\\\/www.lgbs.com\\\/es\\\/divulgaciones-njta\\\/\",\"url\":\"https:\\\/\\\/www.lgbs.com\\\/es\\\/divulgaciones-njta\\\/\",\"name\":\"Divulgaciones de Linebarger |\",\"isPartOf\":{\"@id\":\"https:\\\/\\\/www.lgbs.com\\\/es\\\/#website\"},\"datePublished\":\"2025-01-02T21:40:19+00:00\",\"dateModified\":\"2025-05-02T20:04:34+00:00\",\"breadcrumb\":{\"@id\":\"https:\\\/\\\/www.lgbs.com\\\/es\\\/divulgaciones-njta\\\/#breadcrumb\"},\"inLanguage\":\"es\",\"potentialAction\":[{\"@type\":\"ReadAction\",\"target\":[\"https:\\\/\\\/www.lgbs.com\\\/es\\\/divulgaciones-njta\\\/\"]}]},{\"@type\":\"BreadcrumbList\",\"@id\":\"https:\\\/\\\/www.lgbs.com\\\/es\\\/divulgaciones-njta\\\/#breadcrumb\",\"itemListElement\":[{\"@type\":\"ListItem\",\"position\":1,\"name\":\"Home\",\"item\":\"https:\\\/\\\/www.lgbs.com\\\/es\\\/\"},{\"@type\":\"ListItem\",\"position\":2,\"name\":\"Divulgaciones de Linebarger\"}]},{\"@type\":\"WebSite\",\"@id\":\"https:\\\/\\\/www.lgbs.com\\\/es\\\/#website\",\"url\":\"https:\\\/\\\/www.lgbs.com\\\/es\\\/\",\"name\":\"Linebarger\",\"description\":\"National Leader in Collections Law\",\"publisher\":{\"@id\":\"https:\\\/\\\/www.lgbs.com\\\/es\\\/#organization\"},\"alternateName\":\"LGBS\",\"potentialAction\":[{\"@type\":\"SearchAction\",\"target\":{\"@type\":\"EntryPoint\",\"urlTemplate\":\"https:\\\/\\\/www.lgbs.com\\\/es\\\/?s={search_term_string}\"},\"query-input\":{\"@type\":\"PropertyValueSpecification\",\"valueRequired\":true,\"valueName\":\"search_term_string\"}}],\"inLanguage\":\"es\"},{\"@type\":\"Organization\",\"@id\":\"https:\\\/\\\/www.lgbs.com\\\/es\\\/#organization\",\"name\":\"Linebarger Goggan Blair & Sampson, LLP\",\"alternateName\":\"LGBS\",\"url\":\"https:\\\/\\\/www.lgbs.com\\\/es\\\/\",\"logo\":{\"@type\":\"ImageObject\",\"inLanguage\":\"es\",\"@id\":\"https:\\\/\\\/www.lgbs.com\\\/es\\\/#\\\/schema\\\/logo\\\/image\\\/\",\"url\":\"https:\\\/\\\/www.lgbs.com\\\/wp-content\\\/uploads\\\/2025\\\/01\\\/L-for-avatar.webp\",\"contentUrl\":\"https:\\\/\\\/www.lgbs.com\\\/wp-content\\\/uploads\\\/2025\\\/01\\\/L-for-avatar.webp\",\"width\":453,\"height\":447,\"caption\":\"Linebarger Goggan Blair & Sampson, LLP\"},\"image\":{\"@id\":\"https:\\\/\\\/www.lgbs.com\\\/es\\\/#\\\/schema\\\/logo\\\/image\\\/\"},\"sameAs\":[\"https:\\\/\\\/www.linkedin.com\\\/company\\\/linebargerlaw\"]}]}<\/script>\n<!-- \/ Yoast SEO plugin. -->","yoast_head_json":{"title":"Divulgaciones de Linebarger |","robots":{"index":"index","follow":"follow","max-snippet":"max-snippet:-1","max-image-preview":"max-image-preview:large","max-video-preview":"max-video-preview:-1"},"canonical":"https:\/\/www.lgbs.com\/es\/divulgaciones-njta\/","og_locale":"es_ES","og_type":"article","og_title":"Divulgaciones de Linebarger |","og_description":"Divulgaciones y Preguntas Frecuentes Linebarger Goggan Blair &amp; Sampson, LLP (\u201cLGBS\u201d) proporciona las siguientes Divulgaciones y Preguntas Frecuentes para ayudarle a resolver su(s) caso(s). Divulgaciones Bancarrota Si actualmente es deudor en un procedimiento de bancarrota, o si la(s) deuda(s) mencionada(s) en nuestra comunicaci\u00f3n han sido liberadas mediante un proceso de bancarrota, entonces nuestra comunicaci\u00f3n es [&hellip;]","og_url":"https:\/\/www.lgbs.com\/es\/divulgaciones-njta\/","og_site_name":"Linebarger Goggan Blair &amp; Sampson, LLP","article_modified_time":"2025-05-02T20:04:34+00:00","og_image":[{"width":1200,"height":675,"url":"https:\/\/www.lgbs.com\/wp-content\/uploads\/2024\/05\/kgbs-social-logo.png","type":"image\/png"}],"twitter_card":"summary_large_image","twitter_misc":{"Tiempo de lectura":"5 minutos"},"schema":{"@context":"https:\/\/schema.org","@graph":[{"@type":"WebPage","@id":"https:\/\/www.lgbs.com\/es\/divulgaciones-njta\/","url":"https:\/\/www.lgbs.com\/es\/divulgaciones-njta\/","name":"Divulgaciones de Linebarger |","isPartOf":{"@id":"https:\/\/www.lgbs.com\/es\/#website"},"datePublished":"2025-01-02T21:40:19+00:00","dateModified":"2025-05-02T20:04:34+00:00","breadcrumb":{"@id":"https:\/\/www.lgbs.com\/es\/divulgaciones-njta\/#breadcrumb"},"inLanguage":"es","potentialAction":[{"@type":"ReadAction","target":["https:\/\/www.lgbs.com\/es\/divulgaciones-njta\/"]}]},{"@type":"BreadcrumbList","@id":"https:\/\/www.lgbs.com\/es\/divulgaciones-njta\/#breadcrumb","itemListElement":[{"@type":"ListItem","position":1,"name":"Home","item":"https:\/\/www.lgbs.com\/es\/"},{"@type":"ListItem","position":2,"name":"Divulgaciones de Linebarger"}]},{"@type":"WebSite","@id":"https:\/\/www.lgbs.com\/es\/#website","url":"https:\/\/www.lgbs.com\/es\/","name":"Linebarger","description":"National Leader in Collections Law","publisher":{"@id":"https:\/\/www.lgbs.com\/es\/#organization"},"alternateName":"LGBS","potentialAction":[{"@type":"SearchAction","target":{"@type":"EntryPoint","urlTemplate":"https:\/\/www.lgbs.com\/es\/?s={search_term_string}"},"query-input":{"@type":"PropertyValueSpecification","valueRequired":true,"valueName":"search_term_string"}}],"inLanguage":"es"},{"@type":"Organization","@id":"https:\/\/www.lgbs.com\/es\/#organization","name":"Linebarger Goggan Blair & Sampson, LLP","alternateName":"LGBS","url":"https:\/\/www.lgbs.com\/es\/","logo":{"@type":"ImageObject","inLanguage":"es","@id":"https:\/\/www.lgbs.com\/es\/#\/schema\/logo\/image\/","url":"https:\/\/www.lgbs.com\/wp-content\/uploads\/2025\/01\/L-for-avatar.webp","contentUrl":"https:\/\/www.lgbs.com\/wp-content\/uploads\/2025\/01\/L-for-avatar.webp","width":453,"height":447,"caption":"Linebarger Goggan Blair & Sampson, LLP"},"image":{"@id":"https:\/\/www.lgbs.com\/es\/#\/schema\/logo\/image\/"},"sameAs":["https:\/\/www.linkedin.com\/company\/linebargerlaw"]}]}},"_links":{"self":[{"href":"https:\/\/www.lgbs.com\/es\/wp-json\/wp\/v2\/pages\/2762","targetHints":{"allow":["GET"]}}],"collection":[{"href":"https:\/\/www.lgbs.com\/es\/wp-json\/wp\/v2\/pages"}],"about":[{"href":"https:\/\/www.lgbs.com\/es\/wp-json\/wp\/v2\/types\/page"}],"author":[{"embeddable":true,"href":"https:\/\/www.lgbs.com\/es\/wp-json\/wp\/v2\/users\/1"}],"replies":[{"embeddable":true,"href":"https:\/\/www.lgbs.com\/es\/wp-json\/wp\/v2\/comments?post=2762"}],"version-history":[{"count":0,"href":"https:\/\/www.lgbs.com\/es\/wp-json\/wp\/v2\/pages\/2762\/revisions"}],"wp:attachment":[{"href":"https:\/\/www.lgbs.com\/es\/wp-json\/wp\/v2\/media?parent=2762"}],"curies":[{"name":"wp","href":"https:\/\/api.w.org\/{rel}","templated":true}]}}