{"id":2771,"date":"2025-05-05T08:57:53","date_gmt":"2025-05-05T13:57:53","guid":{"rendered":"https:\/\/www.lgbs.com\/?page_id=2771"},"modified":"2025-05-05T08:57:53","modified_gmt":"2025-05-05T13:57:53","slug":"divulgaciones-y-preguntas-frecuentes","status":"publish","type":"page","link":"https:\/\/www.lgbs.com\/es\/divulgaciones-y-preguntas-frecuentes\/","title":{"rendered":"Divulgaciones y Preguntas Frecuentes"},"content":{"rendered":"\n<div style=\"height:60px\" aria-hidden=\"true\" class=\"wp-block-spacer\"><\/div>\n\n\n\n<h1 class=\"wp-block-heading has-text-align-center\">Divulgaciones y Preguntas Frecuentes<\/h1>\n\n\n\n<div style=\"height:60px\" aria-hidden=\"true\" class=\"wp-block-spacer\"><\/div>\n\n\n\n<p><strong>Linebarger Goggan Blair &amp; Sampson, LLP (\u201cLGBS\u201d) ofrece las siguientes Divulgaciones y Preguntas Frecuentes para ayudarle a resolver su(s) caso(s).<\/strong><\/p>\n\n\n\n<div style=\"height:100px\" aria-hidden=\"true\" class=\"wp-block-spacer\"><\/div>\n\n\n\n<h2 class=\"wp-block-heading has-text-align-center\">Divulgaciones<\/h2>\n\n\n\n<p>Los impuestos a la propiedad local se eval\u00faan generalmente en octubre de cada a\u00f1o y deben pagarse a m\u00e1s tardar el 1 de febrero del a\u00f1o siguiente. Despu\u00e9s de esa fecha se consideran morosos y comienzan a acumular sanciones e intereses legales. Si no puede pagar el monto total de su obligaci\u00f3n tributaria, debe comunicarse con la oficina de impuestos local y analizar posibles alternativas al pago total.<\/p>\n\n\n\n<p>SI TIENE 65 A\u00d1OS O M\u00c1S O EST\u00c1 DISCAPACITADO, Y OCUPA LA PROPIEDAD DESCRITA EN ESTE MENSAJE DE TEXTO COMO SU VIVIENDA HABITUAL, DEBE COMUNICARSE CON EL DISTRITO DE TASACI\u00d3N LOCAL RESPECTO DE CUALQUIER DERECHO QUE PUEDA TENER A UN APLAZAMIENTO EN EL PAGO DE ESTOS IMPUESTOS.<\/p>\n\n\n\n<p>Si actualmente es deudor en un procedimiento de bancarrota, o si la(s) deuda(s) mencionada(s) en nuestra comunicaci\u00f3n han sido exoneradas mediante un proceso de bancarrota, entonces nuestra comunicaci\u00f3n es \u00fanicamente para fines informativos y de verificaci\u00f3n, y no constituye una demanda de pago ni un intento de cobro de un reclamo. Si ha presentado bancarrota, por favor proporcione su informaci\u00f3n de bancarrota en el siguiente sitio, para que podamos procesar su presentaci\u00f3n de bancarrota: <a href=\"https:\/\/www.lgbs-tax.com\/dtax\">https:\/\/www.lgbs-tax.com\/dtax<\/a>.<\/p>\n\n\n\n<p>Cuando se suscribe para recibir mensajes de texto de LGBS, acepta recibir mensajes relacionados con su relaci\u00f3n con LGBS, incluidas actualizaciones sobre su cuenta.<\/p>\n\n\n\n<p>Puede optar por no recibir mensajes de texto enviando STOP al n\u00famero desde el cual le enviamos el mensaje. Su solicitud de baja generar\u00e1 un mensaje final confirmando que ha sido dado de baja. Ya no recibir\u00e1 mensajes de texto de nuestra parte. Si desea volver a suscribirse para recibir textos, comun\u00edquese con nuestro centro de contacto o env\u00ede HELP al n\u00famero desde el cual le enviamos el mensaje para obtener instrucciones.<\/p>\n\n\n\n<p>Pueden aplicarse cargos por mensajes y datos tanto para los mensajes que le enviemos como para los que nos env\u00ede. La frecuencia de los mensajes puede variar. Los operadores no son responsables de mensajes retrasados o no entregados.<\/p>\n\n\n\n<div style=\"height:100px\" aria-hidden=\"true\" class=\"wp-block-spacer\"><\/div>\n\n\n\n<h2 class=\"wp-block-heading has-text-align-center\">Preguntas Frecuentes<\/h2>\n\n\n\n<p class=\"has-text-align-center\"><strong>Lo siguiente es solo para fines informativos; no constituye asesor\u00eda legal ni crea una relaci\u00f3n abogado-cliente.<\/strong><\/p>\n\n\n\n<p><strong>\u00bfPor qu\u00e9 he recibido un aviso por mensaje de texto de LGBS?<\/strong><\/p>\n\n\n\n<p>Los registros fiscales del recaudador local nos han sido proporcionados y muestran que la obligaci\u00f3n tributaria mencionada en nuestro mensaje de texto sigue sin pagarse. La autoridad recaudadora ha contratado a LGBS para ayudar a resolver las obligaciones fiscales pendientes. Le enviamos este aviso para poner esta responsabilidad en su atenci\u00f3n y trabajar en su resoluci\u00f3n.<\/p>\n\n\n\n<p><strong>\u00bfQu\u00e9 sucede si no puedo pagar la obligaci\u00f3n fiscal por motivos econ\u00f3micos?<\/strong><\/p>\n\n\n\n<p>Si no est\u00e1 tomando medidas para resolver su obligaci\u00f3n fiscal porque no puede hacerlo por razones econ\u00f3micas, le recomendamos que se comunique con la oficina de impuestos local y analice las opciones de pago que puedan estar disponibles. Debe estar preparado para documentar y explicar su situaci\u00f3n financiera.<\/p>\n\n\n\n<p><strong>\u00bfLGBS es miembro de alguna asociaci\u00f3n de la industria?<\/strong><\/p>\n\n\n\n<p>Somos miembros de ACA International (anteriormente American Collectors Association) y de la Governmental Collectors Association of Texas. Para m\u00e1s informaci\u00f3n sobre nuestra firma, visite <a href=\"https:\/\/www.lgbs.com\/\">www.lgbs.com<\/a>.<\/p>\n\n\n\n<p><strong>\u00bfLGBS atiende a personas de habla hispana?<\/strong><\/p>\n\n\n\n<p>Las oficinas de LGBS cuentan con personal biling\u00fce de cobros. Comun\u00edquese al n\u00famero de LGBS que figura en el mensaje de texto que recibi\u00f3 para asistencia. LGBS tambi\u00e9n env\u00eda cartas para algunos de nuestros clientes tanto en ingl\u00e9s como en espa\u00f1ol.<\/p>\n\n\n\n<p><strong>\u00bfC\u00f3mo llego a la oficina de impuestos adecuada para resolver mi cuenta?<\/strong><\/p>\n\n\n\n<p>El mensaje de texto que recibi\u00f3 contiene un enlace al sitio de pago.<\/p>\n\n\n\n<p><strong>\u00bfCu\u00e1l es el monto total adeudado por mi obligaci\u00f3n fiscal?<\/strong><\/p>\n\n\n\n<p>El sitio de pago le mostrar\u00e1 el monto total adeudado. Desde nuestra \u00faltima comunicaci\u00f3n, pueden haberse agregado cargos adicionales.<\/p>\n\n\n\n<p><strong>\u00bfPuedo hacer un pago parcial del monto total adeudado?<\/strong><\/p>\n\n\n\n<p>Cada oficina de impuestos maneja esto de manera diferente. Comun\u00edquese al n\u00famero de LGBS que figura en el mensaje de texto que recibi\u00f3 para saber si se permiten pagos parciales en su cuenta en mora.<\/p>\n\n\n\n<p><strong>\u00bfQu\u00e9 m\u00e9todos de pago est\u00e1n disponibles para pagar la obligaci\u00f3n fiscal?<\/strong><\/p>\n\n\n\n<p>Las pol\u00edticas de las oficinas de impuestos var\u00edan. Los m\u00e9todos de pago generalmente aceptados incluyen: 1) giro postal; 2) cheque personal; 3) tarjeta de cr\u00e9dito\/d\u00e9bito; 4) cheque electr\u00f3nico; o 5) efectivo (solo en persona). Los pagos en l\u00ednea pueden realizarse las 24 horas del d\u00eda, los siete d\u00edas de la semana.<\/p>\n\n\n\n<p><strong>\u00bfPuedo impugnar el monto de mi obligaci\u00f3n fiscal?<\/strong><\/p>\n\n\n\n<p>El Texas Property Tax Code (\u201cC\u00f3digo\u201d) rige la tasaci\u00f3n y recaudaci\u00f3n de los impuestos locales sobre la propiedad. El C\u00f3digo establece un proceso administrativo detallado para la tasaci\u00f3n y evaluaci\u00f3n. Una vez que los impuestos se eval\u00faan y quedan pendientes, el C\u00f3digo aplica multas e intereses obligatorios que ni la oficina de impuestos ni sus representantes pueden modificar. Si tiene alguna pregunta espec\u00edfica, debe consultar al abogado de su elecci\u00f3n.\u00a0<\/p>\n\n\n\n<div style=\"height:60px\" aria-hidden=\"true\" class=\"wp-block-spacer\"><\/div>\n\n\n\n<p><\/p>\n","protected":false},"excerpt":{"rendered":"<p>Divulgaciones y Preguntas Frecuentes Linebarger Goggan Blair &amp; Sampson, LLP (\u201cLGBS\u201d) ofrece las siguientes Divulgaciones y Preguntas Frecuentes para ayudarle a resolver su(s) caso(s). Divulgaciones Los impuestos a la propiedad local se eval\u00faan generalmente en octubre de cada a\u00f1o y deben pagarse a m\u00e1s tardar el 1 de febrero del a\u00f1o siguiente. Despu\u00e9s de esa [&hellip;]<\/p>\n","protected":false},"author":1,"featured_media":0,"parent":0,"menu_order":0,"comment_status":"closed","ping_status":"closed","template":"","meta":{"_acf_changed":false,"footnotes":""},"class_list":["post-2771","page","type-page","status-publish","hentry"],"acf":[],"yoast_head":"<!-- This site is optimized with the Yoast SEO plugin v27.3 - https:\/\/yoast.com\/product\/yoast-seo-wordpress\/ -->\n<title>Divulgaciones y Preguntas Frecuentes |<\/title>\n<meta name=\"robots\" content=\"index, follow, max-snippet:-1, max-image-preview:large, max-video-preview:-1\" \/>\n<link rel=\"canonical\" href=\"https:\/\/www.lgbs.com\/es\/divulgaciones-y-preguntas-frecuentes\/\" \/>\n<meta property=\"og:locale\" content=\"es_ES\" \/>\n<meta property=\"og:type\" content=\"article\" \/>\n<meta property=\"og:title\" content=\"Divulgaciones y Preguntas Frecuentes |\" \/>\n<meta property=\"og:description\" content=\"Divulgaciones y Preguntas Frecuentes Linebarger Goggan Blair &amp; Sampson, LLP (\u201cLGBS\u201d) ofrece las siguientes Divulgaciones y Preguntas Frecuentes para ayudarle a resolver su(s) caso(s). Divulgaciones Los impuestos a la propiedad local se eval\u00faan generalmente en octubre de cada a\u00f1o y deben pagarse a m\u00e1s tardar el 1 de febrero del a\u00f1o siguiente. Despu\u00e9s de esa [&hellip;]\" \/>\n<meta property=\"og:url\" content=\"https:\/\/www.lgbs.com\/es\/divulgaciones-y-preguntas-frecuentes\/\" \/>\n<meta property=\"og:site_name\" content=\"Linebarger Goggan Blair &amp; Sampson, LLP\" \/>\n<meta property=\"og:image\" content=\"https:\/\/www.lgbs.com\/wp-content\/uploads\/2024\/05\/kgbs-social-logo.png\" \/>\n\t<meta property=\"og:image:width\" content=\"1200\" \/>\n\t<meta property=\"og:image:height\" content=\"675\" \/>\n\t<meta property=\"og:image:type\" content=\"image\/png\" \/>\n<meta name=\"twitter:card\" content=\"summary_large_image\" \/>\n<meta name=\"twitter:label1\" content=\"Tiempo de lectura\" \/>\n\t<meta name=\"twitter:data1\" content=\"4 minutos\" \/>\n<script type=\"application\/ld+json\" class=\"yoast-schema-graph\">{\"@context\":\"https:\\\/\\\/schema.org\",\"@graph\":[{\"@type\":\"WebPage\",\"@id\":\"https:\\\/\\\/www.lgbs.com\\\/es\\\/divulgaciones-y-preguntas-frecuentes\\\/\",\"url\":\"https:\\\/\\\/www.lgbs.com\\\/es\\\/divulgaciones-y-preguntas-frecuentes\\\/\",\"name\":\"Divulgaciones y Preguntas Frecuentes |\",\"isPartOf\":{\"@id\":\"https:\\\/\\\/www.lgbs.com\\\/es\\\/#website\"},\"datePublished\":\"2025-05-05T13:57:53+00:00\",\"breadcrumb\":{\"@id\":\"https:\\\/\\\/www.lgbs.com\\\/es\\\/divulgaciones-y-preguntas-frecuentes\\\/#breadcrumb\"},\"inLanguage\":\"es\",\"potentialAction\":[{\"@type\":\"ReadAction\",\"target\":[\"https:\\\/\\\/www.lgbs.com\\\/es\\\/divulgaciones-y-preguntas-frecuentes\\\/\"]}]},{\"@type\":\"BreadcrumbList\",\"@id\":\"https:\\\/\\\/www.lgbs.com\\\/es\\\/divulgaciones-y-preguntas-frecuentes\\\/#breadcrumb\",\"itemListElement\":[{\"@type\":\"ListItem\",\"position\":1,\"name\":\"Home\",\"item\":\"https:\\\/\\\/www.lgbs.com\\\/es\\\/\"},{\"@type\":\"ListItem\",\"position\":2,\"name\":\"Divulgaciones y Preguntas Frecuentes\"}]},{\"@type\":\"WebSite\",\"@id\":\"https:\\\/\\\/www.lgbs.com\\\/es\\\/#website\",\"url\":\"https:\\\/\\\/www.lgbs.com\\\/es\\\/\",\"name\":\"Linebarger\",\"description\":\"National Leader in Collections Law\",\"publisher\":{\"@id\":\"https:\\\/\\\/www.lgbs.com\\\/es\\\/#organization\"},\"alternateName\":\"LGBS\",\"potentialAction\":[{\"@type\":\"SearchAction\",\"target\":{\"@type\":\"EntryPoint\",\"urlTemplate\":\"https:\\\/\\\/www.lgbs.com\\\/es\\\/?s={search_term_string}\"},\"query-input\":{\"@type\":\"PropertyValueSpecification\",\"valueRequired\":true,\"valueName\":\"search_term_string\"}}],\"inLanguage\":\"es\"},{\"@type\":\"Organization\",\"@id\":\"https:\\\/\\\/www.lgbs.com\\\/es\\\/#organization\",\"name\":\"Linebarger Goggan Blair & Sampson, LLP\",\"alternateName\":\"LGBS\",\"url\":\"https:\\\/\\\/www.lgbs.com\\\/es\\\/\",\"logo\":{\"@type\":\"ImageObject\",\"inLanguage\":\"es\",\"@id\":\"https:\\\/\\\/www.lgbs.com\\\/es\\\/#\\\/schema\\\/logo\\\/image\\\/\",\"url\":\"https:\\\/\\\/www.lgbs.com\\\/wp-content\\\/uploads\\\/2025\\\/01\\\/L-for-avatar.webp\",\"contentUrl\":\"https:\\\/\\\/www.lgbs.com\\\/wp-content\\\/uploads\\\/2025\\\/01\\\/L-for-avatar.webp\",\"width\":453,\"height\":447,\"caption\":\"Linebarger Goggan Blair & Sampson, LLP\"},\"image\":{\"@id\":\"https:\\\/\\\/www.lgbs.com\\\/es\\\/#\\\/schema\\\/logo\\\/image\\\/\"},\"sameAs\":[\"https:\\\/\\\/www.linkedin.com\\\/company\\\/linebargerlaw\"]}]}<\/script>\n<!-- \/ Yoast SEO plugin. -->","yoast_head_json":{"title":"Divulgaciones y Preguntas Frecuentes |","robots":{"index":"index","follow":"follow","max-snippet":"max-snippet:-1","max-image-preview":"max-image-preview:large","max-video-preview":"max-video-preview:-1"},"canonical":"https:\/\/www.lgbs.com\/es\/divulgaciones-y-preguntas-frecuentes\/","og_locale":"es_ES","og_type":"article","og_title":"Divulgaciones y Preguntas Frecuentes |","og_description":"Divulgaciones y Preguntas Frecuentes Linebarger Goggan Blair &amp; Sampson, LLP (\u201cLGBS\u201d) ofrece las siguientes Divulgaciones y Preguntas Frecuentes para ayudarle a resolver su(s) caso(s). Divulgaciones Los impuestos a la propiedad local se eval\u00faan generalmente en octubre de cada a\u00f1o y deben pagarse a m\u00e1s tardar el 1 de febrero del a\u00f1o siguiente. Despu\u00e9s de esa [&hellip;]","og_url":"https:\/\/www.lgbs.com\/es\/divulgaciones-y-preguntas-frecuentes\/","og_site_name":"Linebarger Goggan Blair &amp; Sampson, LLP","og_image":[{"width":1200,"height":675,"url":"https:\/\/www.lgbs.com\/wp-content\/uploads\/2024\/05\/kgbs-social-logo.png","type":"image\/png"}],"twitter_card":"summary_large_image","twitter_misc":{"Tiempo de lectura":"4 minutos"},"schema":{"@context":"https:\/\/schema.org","@graph":[{"@type":"WebPage","@id":"https:\/\/www.lgbs.com\/es\/divulgaciones-y-preguntas-frecuentes\/","url":"https:\/\/www.lgbs.com\/es\/divulgaciones-y-preguntas-frecuentes\/","name":"Divulgaciones y Preguntas Frecuentes |","isPartOf":{"@id":"https:\/\/www.lgbs.com\/es\/#website"},"datePublished":"2025-05-05T13:57:53+00:00","breadcrumb":{"@id":"https:\/\/www.lgbs.com\/es\/divulgaciones-y-preguntas-frecuentes\/#breadcrumb"},"inLanguage":"es","potentialAction":[{"@type":"ReadAction","target":["https:\/\/www.lgbs.com\/es\/divulgaciones-y-preguntas-frecuentes\/"]}]},{"@type":"BreadcrumbList","@id":"https:\/\/www.lgbs.com\/es\/divulgaciones-y-preguntas-frecuentes\/#breadcrumb","itemListElement":[{"@type":"ListItem","position":1,"name":"Home","item":"https:\/\/www.lgbs.com\/es\/"},{"@type":"ListItem","position":2,"name":"Divulgaciones y Preguntas Frecuentes"}]},{"@type":"WebSite","@id":"https:\/\/www.lgbs.com\/es\/#website","url":"https:\/\/www.lgbs.com\/es\/","name":"Linebarger","description":"National Leader in Collections Law","publisher":{"@id":"https:\/\/www.lgbs.com\/es\/#organization"},"alternateName":"LGBS","potentialAction":[{"@type":"SearchAction","target":{"@type":"EntryPoint","urlTemplate":"https:\/\/www.lgbs.com\/es\/?s={search_term_string}"},"query-input":{"@type":"PropertyValueSpecification","valueRequired":true,"valueName":"search_term_string"}}],"inLanguage":"es"},{"@type":"Organization","@id":"https:\/\/www.lgbs.com\/es\/#organization","name":"Linebarger Goggan Blair & Sampson, LLP","alternateName":"LGBS","url":"https:\/\/www.lgbs.com\/es\/","logo":{"@type":"ImageObject","inLanguage":"es","@id":"https:\/\/www.lgbs.com\/es\/#\/schema\/logo\/image\/","url":"https:\/\/www.lgbs.com\/wp-content\/uploads\/2025\/01\/L-for-avatar.webp","contentUrl":"https:\/\/www.lgbs.com\/wp-content\/uploads\/2025\/01\/L-for-avatar.webp","width":453,"height":447,"caption":"Linebarger Goggan Blair & Sampson, LLP"},"image":{"@id":"https:\/\/www.lgbs.com\/es\/#\/schema\/logo\/image\/"},"sameAs":["https:\/\/www.linkedin.com\/company\/linebargerlaw"]}]}},"_links":{"self":[{"href":"https:\/\/www.lgbs.com\/es\/wp-json\/wp\/v2\/pages\/2771","targetHints":{"allow":["GET"]}}],"collection":[{"href":"https:\/\/www.lgbs.com\/es\/wp-json\/wp\/v2\/pages"}],"about":[{"href":"https:\/\/www.lgbs.com\/es\/wp-json\/wp\/v2\/types\/page"}],"author":[{"embeddable":true,"href":"https:\/\/www.lgbs.com\/es\/wp-json\/wp\/v2\/users\/1"}],"replies":[{"embeddable":true,"href":"https:\/\/www.lgbs.com\/es\/wp-json\/wp\/v2\/comments?post=2771"}],"version-history":[{"count":0,"href":"https:\/\/www.lgbs.com\/es\/wp-json\/wp\/v2\/pages\/2771\/revisions"}],"wp:attachment":[{"href":"https:\/\/www.lgbs.com\/es\/wp-json\/wp\/v2\/media?parent=2771"}],"curies":[{"name":"wp","href":"https:\/\/api.w.org\/{rel}","templated":true}]}}