{"id":3665,"date":"2025-12-11T09:56:16","date_gmt":"2025-12-11T15:56:16","guid":{"rendered":"https:\/\/www.lgbs.com\/50-years\/"},"modified":"2026-01-02T14:48:55","modified_gmt":"2026-01-02T20:48:55","slug":"50-anos","status":"publish","type":"page","link":"https:\/\/www.lgbs.com\/es\/50-anos\/","title":{"rendered":"50 Anos de Servicio y Fortaleza"},"content":{"rendered":"\r\n<section class=\"section bg-white text-with-image video\">\r\n  <article class=\"article d-flex df-fdr\">\r\n    <div class=\"text\"><h4>Ver<\/h4><h3>Nuestra Historia de Aniversario<\/h3><p>\u201cDurante 50 a\u00f1os, Linebarger ha apoyado a los gobiernos en la recuperaci\u00f3n de los ingresos que mantienen a las comunidades fuertes. De cara al futuro, nuestro compromiso con la innovaci\u00f3n, el servicio y las personas sigue siendo la base de todo lo que hacemos\u201d<\/p>\n<p><span style=\"color: #003865;\"><strong><em>\u2014 Clif Douglass, Presidente del Comit\u00e9 de Administraci\u00f3n<\/em><\/strong><\/span><\/p>\n<\/div><div class=\"image section hero-section\" ><img decoding=\"async\" class=\"the-img\" src=\"https:\/\/www.lgbs.com\/wp-content\/uploads\/2025\/12\/vid-img.webp\" \/>\r\n    <div\r\n        class=\"the-vid\"\r\n        src=\"https:\/\/www.youtube.com\/embed\/7SFbg25X4WI?controls=1&#038;loop=1&#038;playlist=7SFbg25X4WI&#038;modestbranding=1&#038;rel=0&#038;playsinline=1\"\r\n        title=\"YouTube video player\"\r\n        frameborder=\"0\"\r\n        allow=\"accelerometer; clipboard-write; encrypted-media; gyroscope; picture-in-picture; web-share\"\r\n        referrerpolicy=\"strict-origin-when-cross-origin\" style=\"display:none;\">\r\n    <\/div>\r\n<\/div>  <\/article>\r\n<\/section>\r\n\r\n\r\n<script>\r\n$('body').on('click', '.the-img', function () {\r\n\r\n    var $wrapper = $('.the-vid');\r\n    var src = $wrapper.attr('src'); \/\/ get the stored URL\r\n\r\n    \/\/ Add autoplay + mute (if not already in URL)\r\n    if (src.indexOf('autoplay=1') === -1) {\r\n        src += (src.indexOf('?') > -1 ? '&' : '?') + 'autoplay=1&mute=1';\r\n    }\r\n\r\n    var iframe = $('<iframe>', {\r\n        src: src,\r\n        class: 'the-vid',\r\n        title: $wrapper.attr('title'),\r\n        frameborder: $wrapper.attr('frameborder'),\r\n        allow: $wrapper.attr('allow'),\r\n        referrerpolicy: $wrapper.attr('referrerpolicy'),\r\n        allowfullscreen: true\r\n    });\r\n\r\n    \/\/ Replace the div with the autoplaying iframe\r\n    $wrapper.replaceWith(iframe);\r\n});\r\n\r\n<\/script>\r\n\n\n\n<hr class=\"wp-block-separator has-alpha-channel-opacity\"\/>\n\n\n\n<h2 class=\"wp-block-heading has-text-align-center\">Nuestra Historia y Misi\u00f3n<\/h2>\n\n\n\n<h3 class=\"wp-block-heading has-text-align-center\"><strong>50 A\u00f1os Marcados por las Personas, el Progreso, y el Prop\u00f3sito<\/strong><\/h3>\n\n\n\n<p class=\"has-text-align-center\">Nuestra historia comenz\u00f3 en 1976 con una idea sencilla pero poderosa: ayudar a los gobiernos a servir a sus comunidades mediante una recuperaci\u00f3n de ingresos fiable y eficaz. En 1998 la fusi\u00f3n de las dos firmas legales de cobranza m\u00e1s grandes de Texas transform\u00f3 esa visi\u00f3n en una plataforma de alcance nacional, fortalecida posteriormente a trav\u00e9s de adquisiciones estrat\u00e9gicas, alianzas y la creaci\u00f3n de subsidiarias especializadas en tecnolog\u00eda, anal\u00edtica y administraci\u00f3n de t\u00edtulos inmobiliarios.<\/p>\n\n\n\n<p class=\"has-text-align-center\">Hoy en d\u00eda, seguimos firmemente guiados por los mismos principios que dieron forma a nuestros inicios.<\/p>\n\n\n\n<p><\/p>\n\n\n\n<section class=\"section bg-white lgbs-icon-list\">\n  <article class=\"article d-flex df-fdc\">\n    <ul class=\"icon-list d-flex df-fdr jc-sb ai-center\">\n              <li class=\"icon-list-item ta-center\">\n                      <img decoding=\"async\" class=\"icon\" src=\"https:\/\/www.lgbs.com\/wp-content\/uploads\/2025\/12\/icon-results.webp\" alt=\"\" \/>\n                                <div class=\"icon-text\">Resultados Comprobados<\/div>\n                  <\/li>\n              <li class=\"icon-list-item ta-center\">\n                      <img decoding=\"async\" class=\"icon\" src=\"https:\/\/www.lgbs.com\/wp-content\/uploads\/2025\/12\/icon-innovation.webp\" alt=\"\" \/>\n                                <div class=\"icon-text\">Innovaci\u00f3n<\/div>\n                  <\/li>\n              <li class=\"icon-list-item ta-center\">\n                      <img decoding=\"async\" class=\"icon\" src=\"https:\/\/www.lgbs.com\/wp-content\/uploads\/2025\/12\/icon-tailored.webp\" alt=\"\" \/>\n                                <div class=\"icon-text\">Servicio a la Medida<\/div>\n                  <\/li>\n              <li class=\"icon-list-item ta-center\">\n                      <img decoding=\"async\" class=\"icon\" src=\"https:\/\/www.lgbs.com\/wp-content\/uploads\/2025\/12\/icon-team.webp\" alt=\"\" \/>\n                                <div class=\"icon-text\">Un Equipo en el que Puede Confiar<\/div>\n                  <\/li>\n              <li class=\"icon-list-item ta-center\">\n                      <img decoding=\"async\" class=\"icon\" src=\"https:\/\/www.lgbs.com\/wp-content\/uploads\/2025\/12\/icon-community.webp\" alt=\"\" \/>\n                                <div class=\"icon-text\">Compromiso con la Comunidad<\/div>\n                  <\/li>\n          <\/ul>\n  <\/article>\n<\/section>\n\n\n\n\n\n<p class=\"has-text-align-center\">Al celebrar nuestros 50 a\u00f1os, seguimos comprometidos con los valores que construyeron esta empresa\u2014y con el trabajo que tenemos por delante.<\/p>\n\n\n\n<hr class=\"wp-block-separator has-alpha-channel-opacity\"\/>\n\n\n\r\n<section class=\"section bg-white text-with-image\">\r\n  <article class=\"article d-flex df-fdr\">\r\n    <div class=\"image section hero-section\"><img decoding=\"async\" class=\"the-img\" src=\"https:\/\/www.lgbs.com\/wp-content\/uploads\/2026\/01\/Client-Growth-Chart-Spanish-1.2.26.webp\" alt=\"\" \/><\/div><div class=\"text\"><h4>Alianzas duraderas<\/h4><h3>Crecimiento Constante<\/h3><p>Desde nuestro primer cliente en 1976 hasta los 2600 que tenemos hoy en d\u00eda, nuestro crecimiento refleja el servicio y la dedicaci\u00f3n que ofrecemos a las comunidades a las que tenemos el orgullo de servir en todo el pa\u00eds.<\/p>\n<\/div>  <\/article>\r\n<\/section>\r\n\n\n\n<hr class=\"wp-block-separator has-alpha-channel-opacity\"\/>\n\n\n\n<section class=\"section bg-white text-with-image icon-blocks\">\n  <article class=\"article d-flex df-fdr\">\n    <div class=\"text\"><h4>La fuerza de los n\u00fameros<\/h4><h3>Nuestro Alcance e Impacto<\/h3><p>Lo que comenz\u00f3 en una oficina de Texas se ha convertido en una red nacional basada en resultados, relaciones y confianza.<\/p>\n<\/div><div class=\"section hero-section icon-blocks\">\n  <div class=\"icon-blocks-grid d-flex df-fdr jc-sb ai-stretch\" style=\"flex-wrap: wrap; gap: 2rem;\">\n          <div class=\"icon-block\">\n        <div class=\"icon-block-inner\">\n          <div class=\"icon-block-title\">\n                          <img decoding=\"async\" class=\"icon\" src=\"https:\/\/www.lgbs.com\/wp-content\/uploads\/2023\/10\/why-linebarger-page-icon-people.png\" alt=\"people icon\" \/>\n                                      <div class=\"icon-heading\">Abogados en todo el pa\u00eds<\/div>\n                      <\/div>\n                      <div class=\"icon-value\">115<\/div>\n                  <\/div>\n      <\/div>\n          <div class=\"icon-block\">\n        <div class=\"icon-block-inner\">\n          <div class=\"icon-block-title\">\n                          <img decoding=\"async\" class=\"icon\" src=\"https:\/\/www.lgbs.com\/wp-content\/uploads\/2023\/10\/office-listing-page-card-icon-location.png\" alt=\"\" \/>\n                                      <div class=\"icon-heading\">Oficinas en todo el pa\u00eds<\/div>\n                      <\/div>\n                      <div class=\"icon-value\">49<\/div>\n                  <\/div>\n      <\/div>\n          <div class=\"icon-block\">\n        <div class=\"icon-block-inner\">\n          <div class=\"icon-block-title\">\n                          <img decoding=\"async\" class=\"icon\" src=\"https:\/\/www.lgbs.com\/wp-content\/uploads\/2025\/12\/icon-graph.webp\" alt=\"\" \/>\n                                      <div class=\"icon-heading\">Ingresos anuales recaudados para los clientes<\/div>\n                      <\/div>\n                      <div class=\"icon-value\">$1B<\/div>\n                  <\/div>\n      <\/div>\n          <div class=\"icon-block\">\n        <div class=\"icon-block-inner\">\n          <div class=\"icon-block-title\">\n                          <img decoding=\"async\" class=\"icon\" src=\"https:\/\/www.lgbs.com\/wp-content\/uploads\/2025\/12\/icon-handshake.webp\" alt=\"\" \/>\n                                      <div class=\"icon-heading\">Clientes retenidos durante m\u00e1s de 10 a\u00f1os                                <\/div>\n                      <\/div>\n                      <div class=\"icon-value\">60%<\/div>\n                  <\/div>\n      <\/div>\n      <\/div>\n<\/div>\n  <\/article>\n<\/section>\n\n\n<hr class=\"wp-block-separator has-alpha-channel-opacity\"\/>\n\n\n\n<h2 class=\"wp-block-heading has-text-align-center\"><strong>EVOLUCI\u00d3N E IMPACTO<\/strong><\/h2>\n\n\n\n<h3 class=\"wp-block-heading has-text-align-center\"><strong>Momentos que nos han Marcado<\/strong><\/h3>\n\n\n\n<section class=\"section bg-white lgbs-timeline\" id=\"timeline-86cc20c5\">\n  <article class=\"article d-flex df-fdc\" style=\"overflow:visible;\">\n\n    <div class=\"timeline-slider\">\n      <div class=\"viewport\">\n        <div class=\"track\">\n                      <div class=\"slide\">\n              <div class=\"image-square\">\n                                  <img decoding=\"async\" src=\"https:\/\/www.lgbs.com\/wp-content\/uploads\/2025\/12\/dale-linebarger-e1765826499243.webp\" alt=\"\" \/>\n                              <\/div>\n              <h4 class=\"year\">1976<\/h4>              <p class=\"desc\">La firma se fund\u00f3 en Austin, Texas, como un bufete especializado en el cobro de impuestos morosos<\/p>            <\/div>\n                      <div class=\"slide\">\n              <div class=\"image-square\">\n                                  <img decoding=\"async\" src=\"https:\/\/www.lgbs.com\/wp-content\/uploads\/2025\/12\/AdobeStock_122771620-tx-cap-bldg_timeline.webp\" alt=\"\" \/>\n                              <\/div>\n              <h4 class=\"year\">1979<\/h4>              <p class=\"desc\">La Legislatura de Texas establece el C\u00f3digo de Impuestos sobre la Propiedad<\/p>            <\/div>\n                      <div class=\"slide\">\n              <div class=\"image-square\">\n                                  <img decoding=\"async\" src=\"https:\/\/www.lgbs.com\/wp-content\/uploads\/2026\/01\/Archive-computer-timeline.webp\" alt=\"\" \/>\n                              <\/div>\n              <h4 class=\"year\">1985<\/h4>              <p class=\"desc\">Se instala el primer sistema computarizado de recaudaci\u00f3n de impuestos, conocido hoy como Appraisal &amp; Collection Technologies, LLC (ACT)<\/p>            <\/div>\n                      <div class=\"slide\">\n              <div class=\"image-square\">\n                                  <img decoding=\"async\" src=\"https:\/\/www.lgbs.com\/wp-content\/uploads\/2026\/01\/AdobeStock_220718673_Timeline.webp\" alt=\"\" \/>\n                              <\/div>\n              <h4 class=\"year\">1991<\/h4>              <p class=\"desc\">Se ofrecen servicios de apelaci\u00f3n y auditor\u00eda de estudios de valor de la propiedad<\/p>            <\/div>\n                      <div class=\"slide\">\n              <div class=\"image-square\">\n                                  <img decoding=\"async\" src=\"https:\/\/www.lgbs.com\/wp-content\/uploads\/2023\/10\/Dublin-OH-jpg-webp.webp\" alt=\"\" \/>\n                              <\/div>\n              <h4 class=\"year\">1995<\/h4>              <p class=\"desc\">Se abre la primera oficina fuera de Texas en Dubl\u00edn, Ohio<\/p>            <\/div>\n                      <div class=\"slide\">\n              <div class=\"image-square\">\n                                  <img decoding=\"async\" src=\"https:\/\/www.lgbs.com\/wp-content\/uploads\/2025\/12\/AdobeStock_321486646_Treasury_Timeline.webp\" alt=\"\" \/>\n                              <\/div>\n              <h4 class=\"year\">1997<\/h4>              <p class=\"desc\">Primer contrato federal con el Tesoro de los Estados Unidos<\/p>            <\/div>\n                      <div class=\"slide\">\n              <div class=\"image-square\">\n                                  <img decoding=\"async\" src=\"https:\/\/www.lgbs.com\/wp-content\/uploads\/2025\/12\/1976-e1765387218310.webp\" alt=\"\" \/>\n                              <\/div>\n              <h4 class=\"year\">1998<\/h4>              <p class=\"desc\">Linebarger se fusion\u00f3 con el bufete de abogados Heard Goggan Blair &amp; Williams, con sede en San Antonio<\/p>            <\/div>\n                      <div class=\"slide\">\n              <div class=\"image-square\">\n                                  <img decoding=\"async\" src=\"https:\/\/www.lgbs.com\/wp-content\/uploads\/2025\/12\/1998-e1765826439637.webp\" alt=\"\" \/>\n                              <\/div>\n              <h4 class=\"year\">1998<\/h4>              <p class=\"desc\">Primer cliente de multas y tasas judiciales<\/p>            <\/div>\n                      <div class=\"slide\">\n              <div class=\"image-square\">\n                                  <img decoding=\"async\" src=\"https:\/\/www.lgbs.com\/wp-content\/uploads\/2026\/01\/AdobeStock_390476506_Timeline.webp\" alt=\"\" \/>\n                              <\/div>\n              <h4 class=\"year\">2004<\/h4>              <p class=\"desc\">Primer cliente de recaudaci\u00f3n de impuestos estatales<\/p>            <\/div>\n                      <div class=\"slide\">\n              <div class=\"image-square\">\n                                  <img decoding=\"async\" src=\"https:\/\/www.lgbs.com\/wp-content\/uploads\/2026\/01\/AdobeStock_65979809-toll-road_timeline.webp\" alt=\"\" \/>\n                              <\/div>\n              <h4 class=\"year\">2004<\/h4>              <p class=\"desc\">Primer cliente de recaudaci\u00f3n de peajes<\/p>            <\/div>\n                      <div class=\"slide\">\n              <div class=\"image-square\">\n                                  <img decoding=\"async\" src=\"https:\/\/www.lgbs.com\/wp-content\/uploads\/2025\/04\/Low-Res-Marisela-Adrian-e1745618844221.webp\" alt=\"\" \/>\n                              <\/div>\n              <h4 class=\"year\">2010<\/h4>              <p class=\"desc\">ACT adquiri\u00f3 el software Truth-in-Taxation para mejorar los servicios al cliente<\/p>            <\/div>\n                      <div class=\"slide\">\n              <div class=\"image-square\">\n                                  <img decoding=\"async\" src=\"https:\/\/www.lgbs.com\/wp-content\/uploads\/2025\/12\/2012.webp\" alt=\"\" \/>\n                              <\/div>\n              <h4 class=\"year\">2012<\/h4>              <p class=\"desc\">Se ofrecen servicios de an\u00e1lisis y auditor\u00eda de exenciones fiscales para viviendas familiares<\/p>            <\/div>\n                      <div class=\"slide\">\n              <div class=\"image-square\">\n                                  <img decoding=\"async\" src=\"https:\/\/www.lgbs.com\/wp-content\/uploads\/2025\/12\/AdobeStock_781762196-Classroom-Timeline.webp\" alt=\"\" \/>\n                              <\/div>\n              <h4 class=\"year\">2021<\/h4>              <p class=\"desc\">Se ofrecen servicios de consultor\u00eda financiera para escuelas<\/p>            <\/div>\n                      <div class=\"slide\">\n              <div class=\"image-square\">\n                                  <img decoding=\"async\" src=\"https:\/\/www.lgbs.com\/wp-content\/uploads\/2025\/12\/AdobeStock_653583830_cell-timeline.webp\" alt=\"\" \/>\n                              <\/div>\n              <h4 class=\"year\">2024<\/h4>              <p class=\"desc\">Se pone en marcha un servicio de comunicaci\u00f3n con los titulares de cuentas mediante mensajes de texto y correo electr\u00f3nico<\/p>            <\/div>\n                      <div class=\"slide\">\n              <div class=\"image-square\">\n                                  <img decoding=\"async\" src=\"https:\/\/www.lgbs.com\/wp-content\/uploads\/2025\/12\/Linebarger-reception_timeline.webp\" alt=\"\" \/>\n                              <\/div>\n              <h4 class=\"year\">2026<\/h4>              <p class=\"desc\">50 a\u00f1os prestando servicios de cobro de impagos a clientes del sector p\u00fablico<\/p>            <\/div>\n                  <\/div>\n      <\/div>\n    <\/div>\n  <\/article>\n<\/section>\n\n\n<hr class=\"wp-block-separator has-alpha-channel-opacity\"\/>\n\n\n\r\n<section class=\"section bg-white text-with-image\">\r\n  <article class=\"article d-flex df-fdr\">\r\n    <div class=\"image section hero-section\"><img decoding=\"async\" class=\"the-img\" src=\"https:\/\/www.lgbs.com\/wp-content\/uploads\/2025\/12\/Edra-4.webp\" alt=\"\" \/><\/div><div class=\"text\"><h4>Construyendo el Futuro<\/h4><h3>50 A\u00f1os Hacia Adelante<\/h3><p>Estamos orgullosos de lo que hemos logrado, y a\u00fan m\u00e1s inspirados por lo que nos depara el futuro.<\/p>\n<p>Cada d\u00eda ayudamos a las comunidades a prosperar haciendo lo que siempre hemos hecho mejor: servir con determinaci\u00f3n, integridad y coraz\u00f3n.<\/p>\n<p><a style=\"font-family: 'Utopia Std'; color: #6cace4;\" href=\"https:\/\/www.lgbs.com\/services\/\">Explore Nuestros Servicios<\/a><\/p>\n<\/div>  <\/article>\r\n<\/section>\r\n\n\n\n<p><\/p>\n","protected":false},"excerpt":{"rendered":"<p>Nuestra Historia y Misi\u00f3n 50 A\u00f1os Marcados por las Personas, el Progreso, y el Prop\u00f3sito Nuestra historia comenz\u00f3 en 1976 con una idea sencilla pero poderosa: ayudar a los gobiernos a servir a sus comunidades mediante una recuperaci\u00f3n de ingresos fiable y eficaz. En 1998 la fusi\u00f3n de las dos firmas legales de cobranza m\u00e1s [&hellip;]<\/p>\n","protected":false},"author":1,"featured_media":0,"parent":0,"menu_order":0,"comment_status":"closed","ping_status":"closed","template":"page-anniversary.php","meta":{"_acf_changed":false,"footnotes":""},"class_list":["post-3665","page","type-page","status-publish","hentry"],"acf":[],"yoast_head":"<!-- This site is optimized with the Yoast SEO plugin v27.4 - https:\/\/yoast.com\/product\/yoast-seo-wordpress\/ -->\n<title>50 Anos de Servicio y Fortaleza |<\/title>\n<meta name=\"robots\" content=\"index, follow, max-snippet:-1, max-image-preview:large, max-video-preview:-1\" \/>\n<link rel=\"canonical\" href=\"https:\/\/www.lgbs.com\/es\/50-anos\/\" \/>\n<meta property=\"og:locale\" content=\"es_ES\" \/>\n<meta property=\"og:type\" content=\"article\" \/>\n<meta property=\"og:title\" content=\"50 Anos de Servicio y Fortaleza |\" \/>\n<meta property=\"og:description\" content=\"Nuestra Historia y Misi\u00f3n 50 A\u00f1os Marcados por las Personas, el Progreso, y el Prop\u00f3sito Nuestra historia comenz\u00f3 en 1976 con una idea sencilla pero poderosa: ayudar a los gobiernos a servir a sus comunidades mediante una recuperaci\u00f3n de ingresos fiable y eficaz. En 1998 la fusi\u00f3n de las dos firmas legales de cobranza m\u00e1s [&hellip;]\" \/>\n<meta property=\"og:url\" content=\"https:\/\/www.lgbs.com\/es\/50-anos\/\" \/>\n<meta property=\"og:site_name\" content=\"Linebarger Goggan Blair &amp; Sampson, LLP\" \/>\n<meta property=\"article:modified_time\" content=\"2026-01-02T20:48:55+00:00\" \/>\n<meta property=\"og:image\" content=\"https:\/\/www.lgbs.com\/wp-content\/uploads\/2024\/05\/kgbs-social-logo.png\" \/>\n\t<meta property=\"og:image:width\" content=\"1200\" \/>\n\t<meta property=\"og:image:height\" content=\"675\" \/>\n\t<meta property=\"og:image:type\" content=\"image\/png\" \/>\n<meta name=\"twitter:card\" content=\"summary_large_image\" \/>\n<meta name=\"twitter:label1\" content=\"Tiempo de lectura\" \/>\n\t<meta name=\"twitter:data1\" content=\"9 minutos\" \/>\n<script type=\"application\/ld+json\" class=\"yoast-schema-graph\">{\"@context\":\"https:\\\/\\\/schema.org\",\"@graph\":[{\"@type\":\"WebPage\",\"@id\":\"https:\\\/\\\/www.lgbs.com\\\/es\\\/50-anos\\\/\",\"url\":\"https:\\\/\\\/www.lgbs.com\\\/es\\\/50-anos\\\/\",\"name\":\"50 Anos de Servicio y Fortaleza |\",\"isPartOf\":{\"@id\":\"https:\\\/\\\/www.lgbs.com\\\/es\\\/#website\"},\"datePublished\":\"2025-12-11T15:56:16+00:00\",\"dateModified\":\"2026-01-02T20:48:55+00:00\",\"breadcrumb\":{\"@id\":\"https:\\\/\\\/www.lgbs.com\\\/es\\\/50-anos\\\/#breadcrumb\"},\"inLanguage\":\"es\",\"potentialAction\":[{\"@type\":\"ReadAction\",\"target\":[\"https:\\\/\\\/www.lgbs.com\\\/es\\\/50-anos\\\/\"]}]},{\"@type\":\"BreadcrumbList\",\"@id\":\"https:\\\/\\\/www.lgbs.com\\\/es\\\/50-anos\\\/#breadcrumb\",\"itemListElement\":[{\"@type\":\"ListItem\",\"position\":1,\"name\":\"Home\",\"item\":\"https:\\\/\\\/www.lgbs.com\\\/es\\\/\"},{\"@type\":\"ListItem\",\"position\":2,\"name\":\"50 Anos de Servicio y Fortaleza\"}]},{\"@type\":\"WebSite\",\"@id\":\"https:\\\/\\\/www.lgbs.com\\\/es\\\/#website\",\"url\":\"https:\\\/\\\/www.lgbs.com\\\/es\\\/\",\"name\":\"Linebarger\",\"description\":\"National Leader in Collections Law\",\"publisher\":{\"@id\":\"https:\\\/\\\/www.lgbs.com\\\/es\\\/#organization\"},\"alternateName\":\"LGBS\",\"potentialAction\":[{\"@type\":\"SearchAction\",\"target\":{\"@type\":\"EntryPoint\",\"urlTemplate\":\"https:\\\/\\\/www.lgbs.com\\\/es\\\/?s={search_term_string}\"},\"query-input\":{\"@type\":\"PropertyValueSpecification\",\"valueRequired\":true,\"valueName\":\"search_term_string\"}}],\"inLanguage\":\"es\"},{\"@type\":\"Organization\",\"@id\":\"https:\\\/\\\/www.lgbs.com\\\/es\\\/#organization\",\"name\":\"Linebarger Goggan Blair & Sampson, LLP\",\"alternateName\":\"LGBS\",\"url\":\"https:\\\/\\\/www.lgbs.com\\\/es\\\/\",\"logo\":{\"@type\":\"ImageObject\",\"inLanguage\":\"es\",\"@id\":\"https:\\\/\\\/www.lgbs.com\\\/es\\\/#\\\/schema\\\/logo\\\/image\\\/\",\"url\":\"https:\\\/\\\/www.lgbs.com\\\/wp-content\\\/uploads\\\/2025\\\/01\\\/L-for-avatar.webp\",\"contentUrl\":\"https:\\\/\\\/www.lgbs.com\\\/wp-content\\\/uploads\\\/2025\\\/01\\\/L-for-avatar.webp\",\"width\":453,\"height\":447,\"caption\":\"Linebarger Goggan Blair & Sampson, LLP\"},\"image\":{\"@id\":\"https:\\\/\\\/www.lgbs.com\\\/es\\\/#\\\/schema\\\/logo\\\/image\\\/\"},\"sameAs\":[\"https:\\\/\\\/www.linkedin.com\\\/company\\\/linebargerlaw\"]}]}<\/script>\n<!-- \/ Yoast SEO plugin. -->","yoast_head_json":{"title":"50 Anos de Servicio y Fortaleza |","robots":{"index":"index","follow":"follow","max-snippet":"max-snippet:-1","max-image-preview":"max-image-preview:large","max-video-preview":"max-video-preview:-1"},"canonical":"https:\/\/www.lgbs.com\/es\/50-anos\/","og_locale":"es_ES","og_type":"article","og_title":"50 Anos de Servicio y Fortaleza |","og_description":"Nuestra Historia y Misi\u00f3n 50 A\u00f1os Marcados por las Personas, el Progreso, y el Prop\u00f3sito Nuestra historia comenz\u00f3 en 1976 con una idea sencilla pero poderosa: ayudar a los gobiernos a servir a sus comunidades mediante una recuperaci\u00f3n de ingresos fiable y eficaz. En 1998 la fusi\u00f3n de las dos firmas legales de cobranza m\u00e1s [&hellip;]","og_url":"https:\/\/www.lgbs.com\/es\/50-anos\/","og_site_name":"Linebarger Goggan Blair &amp; Sampson, LLP","article_modified_time":"2026-01-02T20:48:55+00:00","og_image":[{"width":1200,"height":675,"url":"https:\/\/www.lgbs.com\/wp-content\/uploads\/2024\/05\/kgbs-social-logo.png","type":"image\/png"}],"twitter_card":"summary_large_image","twitter_misc":{"Tiempo de lectura":"9 minutos"},"schema":{"@context":"https:\/\/schema.org","@graph":[{"@type":"WebPage","@id":"https:\/\/www.lgbs.com\/es\/50-anos\/","url":"https:\/\/www.lgbs.com\/es\/50-anos\/","name":"50 Anos de Servicio y Fortaleza |","isPartOf":{"@id":"https:\/\/www.lgbs.com\/es\/#website"},"datePublished":"2025-12-11T15:56:16+00:00","dateModified":"2026-01-02T20:48:55+00:00","breadcrumb":{"@id":"https:\/\/www.lgbs.com\/es\/50-anos\/#breadcrumb"},"inLanguage":"es","potentialAction":[{"@type":"ReadAction","target":["https:\/\/www.lgbs.com\/es\/50-anos\/"]}]},{"@type":"BreadcrumbList","@id":"https:\/\/www.lgbs.com\/es\/50-anos\/#breadcrumb","itemListElement":[{"@type":"ListItem","position":1,"name":"Home","item":"https:\/\/www.lgbs.com\/es\/"},{"@type":"ListItem","position":2,"name":"50 Anos de Servicio y Fortaleza"}]},{"@type":"WebSite","@id":"https:\/\/www.lgbs.com\/es\/#website","url":"https:\/\/www.lgbs.com\/es\/","name":"Linebarger","description":"National Leader in Collections Law","publisher":{"@id":"https:\/\/www.lgbs.com\/es\/#organization"},"alternateName":"LGBS","potentialAction":[{"@type":"SearchAction","target":{"@type":"EntryPoint","urlTemplate":"https:\/\/www.lgbs.com\/es\/?s={search_term_string}"},"query-input":{"@type":"PropertyValueSpecification","valueRequired":true,"valueName":"search_term_string"}}],"inLanguage":"es"},{"@type":"Organization","@id":"https:\/\/www.lgbs.com\/es\/#organization","name":"Linebarger Goggan Blair & Sampson, LLP","alternateName":"LGBS","url":"https:\/\/www.lgbs.com\/es\/","logo":{"@type":"ImageObject","inLanguage":"es","@id":"https:\/\/www.lgbs.com\/es\/#\/schema\/logo\/image\/","url":"https:\/\/www.lgbs.com\/wp-content\/uploads\/2025\/01\/L-for-avatar.webp","contentUrl":"https:\/\/www.lgbs.com\/wp-content\/uploads\/2025\/01\/L-for-avatar.webp","width":453,"height":447,"caption":"Linebarger Goggan Blair & Sampson, LLP"},"image":{"@id":"https:\/\/www.lgbs.com\/es\/#\/schema\/logo\/image\/"},"sameAs":["https:\/\/www.linkedin.com\/company\/linebargerlaw"]}]}},"_links":{"self":[{"href":"https:\/\/www.lgbs.com\/es\/wp-json\/wp\/v2\/pages\/3665","targetHints":{"allow":["GET"]}}],"collection":[{"href":"https:\/\/www.lgbs.com\/es\/wp-json\/wp\/v2\/pages"}],"about":[{"href":"https:\/\/www.lgbs.com\/es\/wp-json\/wp\/v2\/types\/page"}],"author":[{"embeddable":true,"href":"https:\/\/www.lgbs.com\/es\/wp-json\/wp\/v2\/users\/1"}],"replies":[{"embeddable":true,"href":"https:\/\/www.lgbs.com\/es\/wp-json\/wp\/v2\/comments?post=3665"}],"version-history":[{"count":19,"href":"https:\/\/www.lgbs.com\/es\/wp-json\/wp\/v2\/pages\/3665\/revisions"}],"predecessor-version":[{"id":3711,"href":"https:\/\/www.lgbs.com\/es\/wp-json\/wp\/v2\/pages\/3665\/revisions\/3711"}],"wp:attachment":[{"href":"https:\/\/www.lgbs.com\/es\/wp-json\/wp\/v2\/media?parent=3665"}],"curies":[{"name":"wp","href":"https:\/\/api.w.org\/{rel}","templated":true}]}}