{"id":3721,"date":"2026-01-08T10:06:03","date_gmt":"2026-01-08T16:06:03","guid":{"rendered":"https:\/\/www.lgbs.com\/?page_id=3721"},"modified":"2026-01-08T10:06:03","modified_gmt":"2026-01-08T16:06:03","slug":"divulgaciones-y-preguntas-frecuentes-14","status":"publish","type":"page","link":"https:\/\/www.lgbs.com\/es\/divulgaciones-y-preguntas-frecuentes-14\/","title":{"rendered":"Divulgaciones y Preguntas Frecuentes"},"content":{"rendered":"\n<div style=\"height:60px\" aria-hidden=\"true\" class=\"wp-block-spacer\"><\/div>\n\n\n\n<h1 class=\"wp-block-heading has-text-align-center\">Divulgaciones y Preguntas Frecuentes<\/h1>\n\n\n\n<div style=\"height:60px\" aria-hidden=\"true\" class=\"wp-block-spacer\"><\/div>\n\n\n\n<p><strong>Linebarger Goggan Blair &amp; Sampson, LLP (\u201cLGBS\u201d) ofrece las siguientes Divulgaciones y Preguntas Frecuentes para ayudarle a resolver su(s) caso(s).<\/strong><\/p>\n\n\n\n<div style=\"height:100px\" aria-hidden=\"true\" class=\"wp-block-spacer\"><\/div>\n\n\n\n<h2 class=\"wp-block-heading has-text-align-center\">Divulgaciones<\/h2>\n\n\n\n<p>Si actualmente es deudor en un procedimiento de bancarrota, o si la(s) deuda(s) referenciada(s) en nuestra comunicaci\u00f3n han sido liberada(s) mediante un proceso de bancarrota, entonces nuestra comunicaci\u00f3n es \u00fanicamente para fines informativos y de verificaci\u00f3n, y no constituye una demanda de pago ni un intento de cobro de un reclamo. Si ha presentado bancarrota, notif\u00edquenos por escrito y proporcione el n\u00famero de caso junto con el nombre del tribunal en el que se present\u00f3 su caso. Incluya tambi\u00e9n su nombre y su n\u00famero de cuenta de LGBS. Puede enviar esta informaci\u00f3n a Linebarger Goggan Blair &amp; Sampson, LLP, P.O. BOX 702118, San Antonio, TX 78270.<\/p>\n\n\n\n<p>Cuando se suscribe para recibir mensajes de texto de LGBS, acepta recibir mensajes relacionados con su relaci\u00f3n con LGBS, incluidas actualizaciones relacionadas con su cuenta.<\/p>\n\n\n\n<p>Puede darse de baja de los mensajes de texto enviando STOP al n\u00famero desde el cual le enviamos el mensaje. Su solicitud de baja generar\u00e1 un mensaje final confirmando que ha sido dado de baja. Ya no recibir\u00e1 mensajes de texto de nuestra parte. Si desea volver a suscribirse y recibir mensajes nuevamente, comun\u00edquese con nuestro centro de contacto o env\u00ede HELP al n\u00famero desde el cual le enviamos el mensaje para obtener instrucciones.<\/p>\n\n\n\n<p>Pueden aplicarse cargos por mensajes y datos tanto para los mensajes que le enviemos como para los que nos env\u00ede. La frecuencia de los mensajes puede variar. Los operadores no son responsables de mensajes retrasados o no entregados.<\/p>\n\n\n\n<div style=\"height:100px\" aria-hidden=\"true\" class=\"wp-block-spacer\"><\/div>\n\n\n\n<h2 class=\"wp-block-heading has-text-align-center\">Divulgaciones y Preguntas Frecuentes<\/h2>\n\n\n\n<p class=\"has-text-align-center\"><strong>Lo siguiente es solo para fines informativos; no constituye asesor\u00eda legal ni crea una relaci\u00f3n abogado-cliente.<\/strong><\/p>\n\n\n\n<p><strong>\u00bfPor qu\u00e9 he recibido un aviso por mensaje de texto de LGBS?<\/strong><\/p>\n\n\n\n<p>LGBS es un bufete de abogados que representa a entidades gubernamentales en la cobranza y resoluci\u00f3n de multas, tarifas y otros adeudos pendientes. Estos se relacionan principalmente con citaciones de tr\u00e1nsito no pagadas, multas de estacionamiento y peajes. Probablemente haya recibido un aviso de LGBS porque ha sido identificado como alguien que debe un adeudo pendiente a uno de sus clientes gubernamentales.<\/p>\n\n\n\n<p><strong>\u00bfQu\u00e9 sucede si no puedo pagar la multa por motivos econ\u00f3micos?<\/strong><\/p>\n\n\n\n<p>Si no puede pagar, ll\u00e1menos al 1\u2011844\u2011576\u20114766 para hablar sobre su situaci\u00f3n individual. Ciertas cuentas son elegibles para planes de pago.<\/p>\n\n\n\n<p><strong>\u00bfLGBS es miembro de alguna asociaci\u00f3n de la industria?<\/strong><\/p>\n\n\n\n<p>Somos miembros de ACA International (anteriormente American Collectors Association) y de la National Association of Court Managers. Para m\u00e1s informaci\u00f3n sobre nuestra firma, visite <a href=\"https:\/\/www.lgbs.com\/es\/\">www.lgbs.com<\/a>.<\/p>\n\n\n\n<p><strong>\u00bfEl centro de llamadas de LGBS atiende a personas de habla hispana?<\/strong><\/p>\n\n\n\n<p>El centro de llamadas de LGBS cuenta con personal biling\u00fce. Comun\u00edquese al n\u00famero que figura en el mensaje de texto que recibi\u00f3 para asistencia. LGBS tambi\u00e9n env\u00eda cartas para algunos de nuestros clientes tanto en ingl\u00e9s como en espa\u00f1ol.<\/p>\n\n\n\n<p><strong>\u00bfCu\u00e1l es el monto total adeudado por mi multa?<\/strong><\/p>\n\n\n\n<p>El sitio de pago le mostrar\u00e1 el monto total adeudado. Desde nuestra \u00faltima comunicaci\u00f3n con usted, pueden haberse agregado cargos adicionales. Tenga en cuenta que el saldo refleja \u00fanicamente las cantidades que han sido remitidas a LGBS para su cobro; el tribunal podr\u00eda tener casos adicionales que no se hayan referido a LGBS.<\/p>\n\n\n\n<p><strong>\u00bfPuedo hacer un pago parcial del monto total adeudado?<\/strong><\/p>\n\n\n\n<p>Cada tribunal maneja esto de forma diferente, pero muchos permiten pagos parciales. Comun\u00edquese al n\u00famero que figura en el mensaje de texto que recibi\u00f3 para acordar un plan de pagos.<\/p>\n\n\n\n<p><strong>\u00bfPuedo levantar la retenci\u00f3n de mi licencia de conducir o registro?<\/strong><\/p>\n\n\n\n<p>Cada tribunal tiene distintos plazos y requisitos para levantar retenciones. Comun\u00edquese al n\u00famero que figura en el mensaje de texto que recibi\u00f3 para obtener m\u00e1s informaci\u00f3n sobre su caso.<\/p>\n\n\n\n<p><strong>\u00bfQu\u00e9 m\u00e9todos de pago est\u00e1n disponibles para pagar la multa?<\/strong><\/p>\n\n\n\n<p>Puede pagar en l\u00ednea en <a href=\"http:\/\/www.lgbswebpayments.com\/\">www.lgbswebpayments.com<\/a> con una cuenta bancaria, tarjeta de d\u00e9bito o cr\u00e9dito. Tambi\u00e9n puede pagar por tel\u00e9fono con esos m\u00e9todos, o por correo con un giro postal, cheque personal o cheque de caja enviado a Linebarger Goggan Blair &amp; Sampson, LLP, P.O.\u202fBOX\u202f702118, San\u202fAntonio,\u202fTX\u202f78270. Aseg\u00farese de incluir su nombre, n\u00famero de cuenta y el nombre del cliente con cualquier pago enviado por correo.<\/p>\n\n\n\n<p><strong>\u00bfPuedo impugnar una multa o cargo con Linebarger?<\/strong><\/p>\n\n\n\n<p>No tenemos autoridad para desestimar casos ni modificar \u00f3rdenes judiciales, incluidas las multas y tarifas impuestas. Si considera que el tribunal tom\u00f3 una determinaci\u00f3n incorrecta en su caso, debe seguir los procedimientos del tribunal para impugnar la resoluci\u00f3n.<\/p>\n\n\n\n<div style=\"height:60px\" aria-hidden=\"true\" class=\"wp-block-spacer\"><\/div>\n\n\n\n<p><\/p>\n","protected":false},"excerpt":{"rendered":"<p>Divulgaciones y Preguntas Frecuentes Linebarger Goggan Blair &amp; Sampson, LLP (\u201cLGBS\u201d) ofrece las siguientes Divulgaciones y Preguntas Frecuentes para ayudarle a resolver su(s) caso(s). Divulgaciones Si actualmente es deudor en un procedimiento de bancarrota, o si la(s) deuda(s) referenciada(s) en nuestra comunicaci\u00f3n han sido liberada(s) mediante un proceso de bancarrota, entonces nuestra comunicaci\u00f3n es \u00fanicamente [&hellip;]<\/p>\n","protected":false},"author":1,"featured_media":0,"parent":0,"menu_order":0,"comment_status":"closed","ping_status":"closed","template":"","meta":{"_acf_changed":false,"footnotes":""},"class_list":["post-3721","page","type-page","status-publish","hentry"],"acf":[],"yoast_head":"<!-- This site is optimized with the Yoast SEO plugin v27.3 - https:\/\/yoast.com\/product\/yoast-seo-wordpress\/ -->\n<title>Divulgaciones y Preguntas Frecuentes |<\/title>\n<meta name=\"robots\" content=\"index, follow, max-snippet:-1, max-image-preview:large, max-video-preview:-1\" \/>\n<link rel=\"canonical\" href=\"https:\/\/www.lgbs.com\/es\/divulgaciones-y-preguntas-frecuentes-14\/\" \/>\n<meta property=\"og:locale\" content=\"es_ES\" \/>\n<meta property=\"og:type\" content=\"article\" \/>\n<meta property=\"og:title\" content=\"Divulgaciones y Preguntas Frecuentes |\" \/>\n<meta property=\"og:description\" content=\"Divulgaciones y Preguntas Frecuentes Linebarger Goggan Blair &amp; Sampson, LLP (\u201cLGBS\u201d) ofrece las siguientes Divulgaciones y Preguntas Frecuentes para ayudarle a resolver su(s) caso(s). Divulgaciones Si actualmente es deudor en un procedimiento de bancarrota, o si la(s) deuda(s) referenciada(s) en nuestra comunicaci\u00f3n han sido liberada(s) mediante un proceso de bancarrota, entonces nuestra comunicaci\u00f3n es \u00fanicamente [&hellip;]\" \/>\n<meta property=\"og:url\" content=\"https:\/\/www.lgbs.com\/es\/divulgaciones-y-preguntas-frecuentes-14\/\" \/>\n<meta property=\"og:site_name\" content=\"Linebarger Goggan Blair &amp; Sampson, LLP\" \/>\n<meta property=\"og:image\" content=\"https:\/\/www.lgbs.com\/wp-content\/uploads\/2024\/05\/kgbs-social-logo.png\" \/>\n\t<meta property=\"og:image:width\" content=\"1200\" \/>\n\t<meta property=\"og:image:height\" content=\"675\" \/>\n\t<meta property=\"og:image:type\" content=\"image\/png\" \/>\n<meta name=\"twitter:card\" content=\"summary_large_image\" \/>\n<meta name=\"twitter:label1\" content=\"Tiempo de lectura\" \/>\n\t<meta name=\"twitter:data1\" content=\"4 minutos\" \/>\n<script type=\"application\/ld+json\" class=\"yoast-schema-graph\">{\"@context\":\"https:\\\/\\\/schema.org\",\"@graph\":[{\"@type\":\"WebPage\",\"@id\":\"https:\\\/\\\/www.lgbs.com\\\/es\\\/divulgaciones-y-preguntas-frecuentes-14\\\/\",\"url\":\"https:\\\/\\\/www.lgbs.com\\\/es\\\/divulgaciones-y-preguntas-frecuentes-14\\\/\",\"name\":\"Divulgaciones y Preguntas Frecuentes |\",\"isPartOf\":{\"@id\":\"https:\\\/\\\/www.lgbs.com\\\/es\\\/#website\"},\"datePublished\":\"2026-01-08T16:06:03+00:00\",\"breadcrumb\":{\"@id\":\"https:\\\/\\\/www.lgbs.com\\\/es\\\/divulgaciones-y-preguntas-frecuentes-14\\\/#breadcrumb\"},\"inLanguage\":\"es\",\"potentialAction\":[{\"@type\":\"ReadAction\",\"target\":[\"https:\\\/\\\/www.lgbs.com\\\/es\\\/divulgaciones-y-preguntas-frecuentes-14\\\/\"]}]},{\"@type\":\"BreadcrumbList\",\"@id\":\"https:\\\/\\\/www.lgbs.com\\\/es\\\/divulgaciones-y-preguntas-frecuentes-14\\\/#breadcrumb\",\"itemListElement\":[{\"@type\":\"ListItem\",\"position\":1,\"name\":\"Home\",\"item\":\"https:\\\/\\\/www.lgbs.com\\\/es\\\/\"},{\"@type\":\"ListItem\",\"position\":2,\"name\":\"Divulgaciones y Preguntas Frecuentes\"}]},{\"@type\":\"WebSite\",\"@id\":\"https:\\\/\\\/www.lgbs.com\\\/es\\\/#website\",\"url\":\"https:\\\/\\\/www.lgbs.com\\\/es\\\/\",\"name\":\"Linebarger\",\"description\":\"National Leader in Collections Law\",\"publisher\":{\"@id\":\"https:\\\/\\\/www.lgbs.com\\\/es\\\/#organization\"},\"alternateName\":\"LGBS\",\"potentialAction\":[{\"@type\":\"SearchAction\",\"target\":{\"@type\":\"EntryPoint\",\"urlTemplate\":\"https:\\\/\\\/www.lgbs.com\\\/es\\\/?s={search_term_string}\"},\"query-input\":{\"@type\":\"PropertyValueSpecification\",\"valueRequired\":true,\"valueName\":\"search_term_string\"}}],\"inLanguage\":\"es\"},{\"@type\":\"Organization\",\"@id\":\"https:\\\/\\\/www.lgbs.com\\\/es\\\/#organization\",\"name\":\"Linebarger Goggan Blair & Sampson, LLP\",\"alternateName\":\"LGBS\",\"url\":\"https:\\\/\\\/www.lgbs.com\\\/es\\\/\",\"logo\":{\"@type\":\"ImageObject\",\"inLanguage\":\"es\",\"@id\":\"https:\\\/\\\/www.lgbs.com\\\/es\\\/#\\\/schema\\\/logo\\\/image\\\/\",\"url\":\"https:\\\/\\\/www.lgbs.com\\\/wp-content\\\/uploads\\\/2025\\\/01\\\/L-for-avatar.webp\",\"contentUrl\":\"https:\\\/\\\/www.lgbs.com\\\/wp-content\\\/uploads\\\/2025\\\/01\\\/L-for-avatar.webp\",\"width\":453,\"height\":447,\"caption\":\"Linebarger Goggan Blair & Sampson, LLP\"},\"image\":{\"@id\":\"https:\\\/\\\/www.lgbs.com\\\/es\\\/#\\\/schema\\\/logo\\\/image\\\/\"},\"sameAs\":[\"https:\\\/\\\/www.linkedin.com\\\/company\\\/linebargerlaw\"]}]}<\/script>\n<!-- \/ Yoast SEO plugin. -->","yoast_head_json":{"title":"Divulgaciones y Preguntas Frecuentes |","robots":{"index":"index","follow":"follow","max-snippet":"max-snippet:-1","max-image-preview":"max-image-preview:large","max-video-preview":"max-video-preview:-1"},"canonical":"https:\/\/www.lgbs.com\/es\/divulgaciones-y-preguntas-frecuentes-14\/","og_locale":"es_ES","og_type":"article","og_title":"Divulgaciones y Preguntas Frecuentes |","og_description":"Divulgaciones y Preguntas Frecuentes Linebarger Goggan Blair &amp; Sampson, LLP (\u201cLGBS\u201d) ofrece las siguientes Divulgaciones y Preguntas Frecuentes para ayudarle a resolver su(s) caso(s). Divulgaciones Si actualmente es deudor en un procedimiento de bancarrota, o si la(s) deuda(s) referenciada(s) en nuestra comunicaci\u00f3n han sido liberada(s) mediante un proceso de bancarrota, entonces nuestra comunicaci\u00f3n es \u00fanicamente [&hellip;]","og_url":"https:\/\/www.lgbs.com\/es\/divulgaciones-y-preguntas-frecuentes-14\/","og_site_name":"Linebarger Goggan Blair &amp; Sampson, LLP","og_image":[{"width":1200,"height":675,"url":"https:\/\/www.lgbs.com\/wp-content\/uploads\/2024\/05\/kgbs-social-logo.png","type":"image\/png"}],"twitter_card":"summary_large_image","twitter_misc":{"Tiempo de lectura":"4 minutos"},"schema":{"@context":"https:\/\/schema.org","@graph":[{"@type":"WebPage","@id":"https:\/\/www.lgbs.com\/es\/divulgaciones-y-preguntas-frecuentes-14\/","url":"https:\/\/www.lgbs.com\/es\/divulgaciones-y-preguntas-frecuentes-14\/","name":"Divulgaciones y Preguntas Frecuentes |","isPartOf":{"@id":"https:\/\/www.lgbs.com\/es\/#website"},"datePublished":"2026-01-08T16:06:03+00:00","breadcrumb":{"@id":"https:\/\/www.lgbs.com\/es\/divulgaciones-y-preguntas-frecuentes-14\/#breadcrumb"},"inLanguage":"es","potentialAction":[{"@type":"ReadAction","target":["https:\/\/www.lgbs.com\/es\/divulgaciones-y-preguntas-frecuentes-14\/"]}]},{"@type":"BreadcrumbList","@id":"https:\/\/www.lgbs.com\/es\/divulgaciones-y-preguntas-frecuentes-14\/#breadcrumb","itemListElement":[{"@type":"ListItem","position":1,"name":"Home","item":"https:\/\/www.lgbs.com\/es\/"},{"@type":"ListItem","position":2,"name":"Divulgaciones y Preguntas Frecuentes"}]},{"@type":"WebSite","@id":"https:\/\/www.lgbs.com\/es\/#website","url":"https:\/\/www.lgbs.com\/es\/","name":"Linebarger","description":"National Leader in Collections Law","publisher":{"@id":"https:\/\/www.lgbs.com\/es\/#organization"},"alternateName":"LGBS","potentialAction":[{"@type":"SearchAction","target":{"@type":"EntryPoint","urlTemplate":"https:\/\/www.lgbs.com\/es\/?s={search_term_string}"},"query-input":{"@type":"PropertyValueSpecification","valueRequired":true,"valueName":"search_term_string"}}],"inLanguage":"es"},{"@type":"Organization","@id":"https:\/\/www.lgbs.com\/es\/#organization","name":"Linebarger Goggan Blair & Sampson, LLP","alternateName":"LGBS","url":"https:\/\/www.lgbs.com\/es\/","logo":{"@type":"ImageObject","inLanguage":"es","@id":"https:\/\/www.lgbs.com\/es\/#\/schema\/logo\/image\/","url":"https:\/\/www.lgbs.com\/wp-content\/uploads\/2025\/01\/L-for-avatar.webp","contentUrl":"https:\/\/www.lgbs.com\/wp-content\/uploads\/2025\/01\/L-for-avatar.webp","width":453,"height":447,"caption":"Linebarger Goggan Blair & Sampson, LLP"},"image":{"@id":"https:\/\/www.lgbs.com\/es\/#\/schema\/logo\/image\/"},"sameAs":["https:\/\/www.linkedin.com\/company\/linebargerlaw"]}]}},"_links":{"self":[{"href":"https:\/\/www.lgbs.com\/es\/wp-json\/wp\/v2\/pages\/3721","targetHints":{"allow":["GET"]}}],"collection":[{"href":"https:\/\/www.lgbs.com\/es\/wp-json\/wp\/v2\/pages"}],"about":[{"href":"https:\/\/www.lgbs.com\/es\/wp-json\/wp\/v2\/types\/page"}],"author":[{"embeddable":true,"href":"https:\/\/www.lgbs.com\/es\/wp-json\/wp\/v2\/users\/1"}],"replies":[{"embeddable":true,"href":"https:\/\/www.lgbs.com\/es\/wp-json\/wp\/v2\/comments?post=3721"}],"version-history":[{"count":1,"href":"https:\/\/www.lgbs.com\/es\/wp-json\/wp\/v2\/pages\/3721\/revisions"}],"predecessor-version":[{"id":3722,"href":"https:\/\/www.lgbs.com\/es\/wp-json\/wp\/v2\/pages\/3721\/revisions\/3722"}],"wp:attachment":[{"href":"https:\/\/www.lgbs.com\/es\/wp-json\/wp\/v2\/media?parent=3721"}],"curies":[{"name":"wp","href":"https:\/\/api.w.org\/{rel}","templated":true}]}}