{"id":3805,"date":"2026-03-02T09:59:14","date_gmt":"2026-03-02T15:59:14","guid":{"rendered":"https:\/\/www.lgbs.com\/?page_id=3805"},"modified":"2026-03-02T09:59:14","modified_gmt":"2026-03-02T15:59:14","slug":"divulgaciones-y-preguntas-frecuentes-15","status":"publish","type":"page","link":"https:\/\/www.lgbs.com\/es\/divulgaciones-y-preguntas-frecuentes-15\/","title":{"rendered":"Divulgaciones y Preguntas Frecuentes"},"content":{"rendered":"\n<div style=\"height:60px\" aria-hidden=\"true\" class=\"wp-block-spacer\"><\/div>\n\n\n\n<h1 class=\"wp-block-heading has-text-align-center\">Divulgaciones y Preguntas Frecuentes<\/h1>\n\n\n\n<div style=\"height:60px\" aria-hidden=\"true\" class=\"wp-block-spacer\"><\/div>\n\n\n\n<p><strong>Linebarger Goggan Blair &amp; Sampson, LLP (\u201cLGBS\u201d) proporciona las siguientes Divulgaciones y Preguntas Frecuentes para ayudarle a resolver su(s) caso(s).<\/strong><\/p>\n\n\n\n<div style=\"height:100px\" aria-hidden=\"true\" class=\"wp-block-spacer\"><\/div>\n\n\n\n<h2 class=\"wp-block-heading has-text-align-center\">Divulgaciones<\/h2>\n\n\n\n<p><strong>Bancarrota<\/strong><\/p>\n\n\n\n<p>Si actualmente es deudor en un procedimiento de bancarrota, o si la(s) deuda(s) mencionada(s) en nuestra comunicaci\u00f3n han sido liberadas mediante un proceso de bancarrota, entonces nuestra comunicaci\u00f3n es \u00fanicamente para fines informativos y de verificaci\u00f3n, y no constituye una demanda de pago ni un intento de cobro de un reclamo. Si ha presentado bancarrota, notif\u00edquenos por escrito y proporcione el n\u00famero de caso de bancarrota junto con el nombre del tribunal en el que se present\u00f3 su caso. Incluya tambi\u00e9n su nombre y su n\u00famero de cuenta o de referencia de LGBS. Puede enviar esta informaci\u00f3n a Linebarger Goggan Blair &amp; Sampson, LLP, 900 Arion Parkway, Suite 104, San Antonio, TX, 78216.<\/p>\n\n\n\n<p><strong>Mensajer\u00eda de texto<\/strong><\/p>\n\n\n\n<p>Cuando se suscribe para recibir mensajes de texto de LGBS, acepta recibir mensajes relacionados con su relaci\u00f3n con LGBS, incluidas actualizaciones sobre su cuenta.<\/p>\n\n\n\n<p>Puede darse de baja de los mensajes de texto enviando STOP al n\u00famero desde el cual le enviamos el mensaje. Su solicitud de baja generar\u00e1 un mensaje final confirmando que ha sido dado de baja. Ya no recibir\u00e1 mensajes de texto de nuestra parte. Si desea volver a suscribirse, comun\u00edquese con nuestro centro de contacto o env\u00ede HELP al n\u00famero desde el cual le enviamos el mensaje para obtener instrucciones.<\/p>\n\n\n\n<p>Pueden aplicarse cargos por mensajes y datos tanto para los mensajes que le enviemos como para los que nos env\u00ede. La frecuencia de los mensajes puede variar. Los operadores no son responsables por mensajes retrasados o no entregados.<\/p>\n\n\n\n<div style=\"height:100px\" aria-hidden=\"true\" class=\"wp-block-spacer\"><\/div>\n\n\n\n<h2 class=\"wp-block-heading has-text-align-center\">Preguntas Frecuentes<\/h2>\n\n\n\n<p class=\"has-text-align-center\"><strong>Lo siguiente es solo para fines informativos; no constituye asesoramiento legal ni crea una relaci\u00f3n abogado\u2011cliente.<\/strong><\/p>\n\n\n\n<p><strong>\u00bfC\u00f3mo puedo realizar un pago?<\/strong><\/p>\n\n\n\n<p>Online: Los pagos en l\u00ednea pueden realizarse las 24 horas del d\u00eda, los siete d\u00edas de la semana en el siguiente sitio (por favor tenga a mano su n\u00famero de cuenta): <a href=\"http:\/\/www.lgbswebpayments.com\/\">www.lgbswebpayments.com<\/a>. Puede pagar en l\u00ednea utilizando una tarjeta de cr\u00e9dito, tarjeta de d\u00e9bito o cheque electr\u00f3nico.<br>Phone: Puede comunicarse con nuestro centro de llamadas al 1 (866) 234-9790 para pagar por tel\u00e9fono utilizando una tarjeta de cr\u00e9dito, tarjeta de d\u00e9bito o cheque electr\u00f3nico.<br>Mail: Puede enviar por correo un giro postal o un cheque personal a nombre del Secretario del Tribunal y Contralor del Condado de Charlotte a 900 Arion Parkway, Suite 104, San Antonio, TX, 78216. Por favor incluya su nombre, n\u00famero de cuenta de LGBS, n\u00famero(s) de caso y el nombre del Secretario (Charlotte County Clerk) con su pago.<\/p>\n\n\n\n<p><strong>\u00bfMi licencia de conducir est\u00e1 suspendida?<\/strong><\/p>\n\n\n\n<p>Para determinar el estado de su licencia de conducir, puede visitar <a href=\"https:\/\/services.flhsmv.gov\/DLCheck\/\">https:\/\/services.flhsmv.gov\/DLCheck\/<\/a>. Necesitar\u00e1 el n\u00famero de su licencia de conducir para acceder a la informaci\u00f3n de su licencia.<\/p>\n\n\n\n<p><strong>\u00bfC\u00f3mo puede mi licencia ser elegible para la reinstauraci\u00f3n?<\/strong><\/p>\n\n\n\n<p>Su licencia se vuelve elegible para la reinstauraci\u00f3n solo si se resuelven todas las retenciones que afectan su licencia de conducir. Puede tener retenciones de licencia por casos que no est\u00e9n asignados a LGBS. Por favor visite <a href=\"https:\/\/services.flhsmv.gov\/DLCheck\/\">https:\/\/services.flhsmv.gov\/DLCheck\/<\/a> para ver todos los casos y retenciones que afectan su licencia de conducir. Necesitar\u00e1 el n\u00famero de su licencia de conducir para acceder a la informaci\u00f3n de su licencia.<\/p>\n\n\n\n<p><strong>\u00bfQu\u00e9 sucede si no puedo pagar el monto total adeudado?<\/strong><\/p>\n\n\n\n<p>Por favor cont\u00e1ctenos al 1 (866) 234-9790 para discutir la creaci\u00f3n de un plan de pagos asequible.<\/p>\n\n\n\n<p><strong>\u00bfPuedo restablecer mi licencia si estoy en un plan de pagos?<\/strong><\/p>\n\n\n\n<p>No. El Secretario del Tribunal y Contralor del Condado de Charlotte requiere que el caso est\u00e9 pagado en su totalidad antes de que la licencia pueda ser elegible para la reinstauraci\u00f3n.<\/p>\n\n\n\n<p><strong>\u00bfQu\u00e9 sucede si ya he pagado mi cuenta?<\/strong><\/p>\n\n\n\n<p>Por favor env\u00edenos una copia del recibo a 900 Arion Parkway, Suite 104, San Antonio, TX, 78216.<\/p>\n\n\n\n<p><strong>\u00bfUna vez que mi cuenta est\u00e9 pagada, se restablece autom\u00e1ticamente mi licencia?<\/strong><\/p>\n\n\n\n<p>No. Si su licencia de conducir est\u00e1 suspendida, usted es responsable de restablecerla. Despu\u00e9s de que se procese el pago en su totalidad, puede acudir a la oficina del Secretario del Tribunal y Contralor del Condado de Charlotte para restablecer su licencia, si es elegible. Habr\u00e1 una tarifa de restablecimiento que deber\u00e1 pagar al momento de la reinstauraci\u00f3n.<\/p>\n\n\n\n<p><strong>\u00bfTienen personal de atenci\u00f3n al cliente biling\u00fce y multiling\u00fce?<\/strong><\/p>\n\n\n\n<p>S\u00ed. Contamos con personal de atenci\u00f3n al cliente biling\u00fce y multiling\u00fce disponible para ayudarle.<\/p>\n\n\n\n<div style=\"height:60px\" aria-hidden=\"true\" class=\"wp-block-spacer\"><\/div>\n\n\n\n<p><\/p>\n","protected":false},"excerpt":{"rendered":"<p>Divulgaciones y Preguntas Frecuentes Linebarger Goggan Blair &amp; Sampson, LLP (\u201cLGBS\u201d) proporciona las siguientes Divulgaciones y Preguntas Frecuentes para ayudarle a resolver su(s) caso(s). Divulgaciones Bancarrota Si actualmente es deudor en un procedimiento de bancarrota, o si la(s) deuda(s) mencionada(s) en nuestra comunicaci\u00f3n han sido liberadas mediante un proceso de bancarrota, entonces nuestra comunicaci\u00f3n es [&hellip;]<\/p>\n","protected":false},"author":1,"featured_media":0,"parent":0,"menu_order":0,"comment_status":"closed","ping_status":"closed","template":"","meta":{"_acf_changed":false,"footnotes":""},"class_list":["post-3805","page","type-page","status-publish","hentry"],"acf":[],"yoast_head":"<!-- This site is optimized with the Yoast SEO plugin v27.3 - https:\/\/yoast.com\/product\/yoast-seo-wordpress\/ -->\n<title>Divulgaciones y Preguntas Frecuentes |<\/title>\n<meta name=\"robots\" content=\"index, follow, max-snippet:-1, max-image-preview:large, max-video-preview:-1\" \/>\n<link rel=\"canonical\" href=\"https:\/\/www.lgbs.com\/es\/divulgaciones-y-preguntas-frecuentes-15\/\" \/>\n<meta property=\"og:locale\" content=\"es_ES\" \/>\n<meta property=\"og:type\" content=\"article\" \/>\n<meta property=\"og:title\" content=\"Divulgaciones y Preguntas Frecuentes |\" \/>\n<meta property=\"og:description\" content=\"Divulgaciones y Preguntas Frecuentes Linebarger Goggan Blair &amp; Sampson, LLP (\u201cLGBS\u201d) proporciona las siguientes Divulgaciones y Preguntas Frecuentes para ayudarle a resolver su(s) caso(s). Divulgaciones Bancarrota Si actualmente es deudor en un procedimiento de bancarrota, o si la(s) deuda(s) mencionada(s) en nuestra comunicaci\u00f3n han sido liberadas mediante un proceso de bancarrota, entonces nuestra comunicaci\u00f3n es [&hellip;]\" \/>\n<meta property=\"og:url\" content=\"https:\/\/www.lgbs.com\/es\/divulgaciones-y-preguntas-frecuentes-15\/\" \/>\n<meta property=\"og:site_name\" content=\"Linebarger Goggan Blair &amp; Sampson, LLP\" \/>\n<meta property=\"og:image\" content=\"https:\/\/www.lgbs.com\/wp-content\/uploads\/2024\/05\/kgbs-social-logo.png\" \/>\n\t<meta property=\"og:image:width\" content=\"1200\" \/>\n\t<meta property=\"og:image:height\" content=\"675\" \/>\n\t<meta property=\"og:image:type\" content=\"image\/png\" \/>\n<meta name=\"twitter:card\" content=\"summary_large_image\" \/>\n<meta name=\"twitter:label1\" content=\"Tiempo de lectura\" \/>\n\t<meta name=\"twitter:data1\" content=\"4 minutos\" \/>\n<script type=\"application\/ld+json\" class=\"yoast-schema-graph\">{\"@context\":\"https:\\\/\\\/schema.org\",\"@graph\":[{\"@type\":\"WebPage\",\"@id\":\"https:\\\/\\\/www.lgbs.com\\\/es\\\/divulgaciones-y-preguntas-frecuentes-15\\\/\",\"url\":\"https:\\\/\\\/www.lgbs.com\\\/es\\\/divulgaciones-y-preguntas-frecuentes-15\\\/\",\"name\":\"Divulgaciones y Preguntas Frecuentes |\",\"isPartOf\":{\"@id\":\"https:\\\/\\\/www.lgbs.com\\\/es\\\/#website\"},\"datePublished\":\"2026-03-02T15:59:14+00:00\",\"breadcrumb\":{\"@id\":\"https:\\\/\\\/www.lgbs.com\\\/es\\\/divulgaciones-y-preguntas-frecuentes-15\\\/#breadcrumb\"},\"inLanguage\":\"es\",\"potentialAction\":[{\"@type\":\"ReadAction\",\"target\":[\"https:\\\/\\\/www.lgbs.com\\\/es\\\/divulgaciones-y-preguntas-frecuentes-15\\\/\"]}]},{\"@type\":\"BreadcrumbList\",\"@id\":\"https:\\\/\\\/www.lgbs.com\\\/es\\\/divulgaciones-y-preguntas-frecuentes-15\\\/#breadcrumb\",\"itemListElement\":[{\"@type\":\"ListItem\",\"position\":1,\"name\":\"Home\",\"item\":\"https:\\\/\\\/www.lgbs.com\\\/es\\\/\"},{\"@type\":\"ListItem\",\"position\":2,\"name\":\"Divulgaciones y Preguntas Frecuentes\"}]},{\"@type\":\"WebSite\",\"@id\":\"https:\\\/\\\/www.lgbs.com\\\/es\\\/#website\",\"url\":\"https:\\\/\\\/www.lgbs.com\\\/es\\\/\",\"name\":\"Linebarger\",\"description\":\"National Leader in Collections Law\",\"publisher\":{\"@id\":\"https:\\\/\\\/www.lgbs.com\\\/es\\\/#organization\"},\"alternateName\":\"LGBS\",\"potentialAction\":[{\"@type\":\"SearchAction\",\"target\":{\"@type\":\"EntryPoint\",\"urlTemplate\":\"https:\\\/\\\/www.lgbs.com\\\/es\\\/?s={search_term_string}\"},\"query-input\":{\"@type\":\"PropertyValueSpecification\",\"valueRequired\":true,\"valueName\":\"search_term_string\"}}],\"inLanguage\":\"es\"},{\"@type\":\"Organization\",\"@id\":\"https:\\\/\\\/www.lgbs.com\\\/es\\\/#organization\",\"name\":\"Linebarger Goggan Blair & Sampson, LLP\",\"alternateName\":\"LGBS\",\"url\":\"https:\\\/\\\/www.lgbs.com\\\/es\\\/\",\"logo\":{\"@type\":\"ImageObject\",\"inLanguage\":\"es\",\"@id\":\"https:\\\/\\\/www.lgbs.com\\\/es\\\/#\\\/schema\\\/logo\\\/image\\\/\",\"url\":\"https:\\\/\\\/www.lgbs.com\\\/wp-content\\\/uploads\\\/2025\\\/01\\\/L-for-avatar.webp\",\"contentUrl\":\"https:\\\/\\\/www.lgbs.com\\\/wp-content\\\/uploads\\\/2025\\\/01\\\/L-for-avatar.webp\",\"width\":453,\"height\":447,\"caption\":\"Linebarger Goggan Blair & Sampson, LLP\"},\"image\":{\"@id\":\"https:\\\/\\\/www.lgbs.com\\\/es\\\/#\\\/schema\\\/logo\\\/image\\\/\"},\"sameAs\":[\"https:\\\/\\\/www.linkedin.com\\\/company\\\/linebargerlaw\"]}]}<\/script>\n<!-- \/ Yoast SEO plugin. -->","yoast_head_json":{"title":"Divulgaciones y Preguntas Frecuentes |","robots":{"index":"index","follow":"follow","max-snippet":"max-snippet:-1","max-image-preview":"max-image-preview:large","max-video-preview":"max-video-preview:-1"},"canonical":"https:\/\/www.lgbs.com\/es\/divulgaciones-y-preguntas-frecuentes-15\/","og_locale":"es_ES","og_type":"article","og_title":"Divulgaciones y Preguntas Frecuentes |","og_description":"Divulgaciones y Preguntas Frecuentes Linebarger Goggan Blair &amp; Sampson, LLP (\u201cLGBS\u201d) proporciona las siguientes Divulgaciones y Preguntas Frecuentes para ayudarle a resolver su(s) caso(s). Divulgaciones Bancarrota Si actualmente es deudor en un procedimiento de bancarrota, o si la(s) deuda(s) mencionada(s) en nuestra comunicaci\u00f3n han sido liberadas mediante un proceso de bancarrota, entonces nuestra comunicaci\u00f3n es [&hellip;]","og_url":"https:\/\/www.lgbs.com\/es\/divulgaciones-y-preguntas-frecuentes-15\/","og_site_name":"Linebarger Goggan Blair &amp; Sampson, LLP","og_image":[{"width":1200,"height":675,"url":"https:\/\/www.lgbs.com\/wp-content\/uploads\/2024\/05\/kgbs-social-logo.png","type":"image\/png"}],"twitter_card":"summary_large_image","twitter_misc":{"Tiempo de lectura":"4 minutos"},"schema":{"@context":"https:\/\/schema.org","@graph":[{"@type":"WebPage","@id":"https:\/\/www.lgbs.com\/es\/divulgaciones-y-preguntas-frecuentes-15\/","url":"https:\/\/www.lgbs.com\/es\/divulgaciones-y-preguntas-frecuentes-15\/","name":"Divulgaciones y Preguntas Frecuentes |","isPartOf":{"@id":"https:\/\/www.lgbs.com\/es\/#website"},"datePublished":"2026-03-02T15:59:14+00:00","breadcrumb":{"@id":"https:\/\/www.lgbs.com\/es\/divulgaciones-y-preguntas-frecuentes-15\/#breadcrumb"},"inLanguage":"es","potentialAction":[{"@type":"ReadAction","target":["https:\/\/www.lgbs.com\/es\/divulgaciones-y-preguntas-frecuentes-15\/"]}]},{"@type":"BreadcrumbList","@id":"https:\/\/www.lgbs.com\/es\/divulgaciones-y-preguntas-frecuentes-15\/#breadcrumb","itemListElement":[{"@type":"ListItem","position":1,"name":"Home","item":"https:\/\/www.lgbs.com\/es\/"},{"@type":"ListItem","position":2,"name":"Divulgaciones y Preguntas Frecuentes"}]},{"@type":"WebSite","@id":"https:\/\/www.lgbs.com\/es\/#website","url":"https:\/\/www.lgbs.com\/es\/","name":"Linebarger","description":"National Leader in Collections Law","publisher":{"@id":"https:\/\/www.lgbs.com\/es\/#organization"},"alternateName":"LGBS","potentialAction":[{"@type":"SearchAction","target":{"@type":"EntryPoint","urlTemplate":"https:\/\/www.lgbs.com\/es\/?s={search_term_string}"},"query-input":{"@type":"PropertyValueSpecification","valueRequired":true,"valueName":"search_term_string"}}],"inLanguage":"es"},{"@type":"Organization","@id":"https:\/\/www.lgbs.com\/es\/#organization","name":"Linebarger Goggan Blair & Sampson, LLP","alternateName":"LGBS","url":"https:\/\/www.lgbs.com\/es\/","logo":{"@type":"ImageObject","inLanguage":"es","@id":"https:\/\/www.lgbs.com\/es\/#\/schema\/logo\/image\/","url":"https:\/\/www.lgbs.com\/wp-content\/uploads\/2025\/01\/L-for-avatar.webp","contentUrl":"https:\/\/www.lgbs.com\/wp-content\/uploads\/2025\/01\/L-for-avatar.webp","width":453,"height":447,"caption":"Linebarger Goggan Blair & Sampson, LLP"},"image":{"@id":"https:\/\/www.lgbs.com\/es\/#\/schema\/logo\/image\/"},"sameAs":["https:\/\/www.linkedin.com\/company\/linebargerlaw"]}]}},"_links":{"self":[{"href":"https:\/\/www.lgbs.com\/es\/wp-json\/wp\/v2\/pages\/3805","targetHints":{"allow":["GET"]}}],"collection":[{"href":"https:\/\/www.lgbs.com\/es\/wp-json\/wp\/v2\/pages"}],"about":[{"href":"https:\/\/www.lgbs.com\/es\/wp-json\/wp\/v2\/types\/page"}],"author":[{"embeddable":true,"href":"https:\/\/www.lgbs.com\/es\/wp-json\/wp\/v2\/users\/1"}],"replies":[{"embeddable":true,"href":"https:\/\/www.lgbs.com\/es\/wp-json\/wp\/v2\/comments?post=3805"}],"version-history":[{"count":1,"href":"https:\/\/www.lgbs.com\/es\/wp-json\/wp\/v2\/pages\/3805\/revisions"}],"predecessor-version":[{"id":3806,"href":"https:\/\/www.lgbs.com\/es\/wp-json\/wp\/v2\/pages\/3805\/revisions\/3806"}],"wp:attachment":[{"href":"https:\/\/www.lgbs.com\/es\/wp-json\/wp\/v2\/media?parent=3805"}],"curies":[{"name":"wp","href":"https:\/\/api.w.org\/{rel}","templated":true}]}}